{"id":8331,"date":"2019-02-07T11:04:11","date_gmt":"2019-02-07T11:04:11","guid":{"rendered":"https:\/\/sites.lecyclopeduweb.fr\/saxmachineparis\/?post_type=product&#038;p=8331"},"modified":"2026-01-17T13:34:17","modified_gmt":"2026-01-17T13:34:17","slug":"saxophone-baryton-selmer-sa80ii-ng","status":"publish","type":"product","link":"https:\/\/saxmachineparis.com\/es\/catalogue\/saxophone-baryton-selmer-sa80ii-ng\/","title":{"rendered":"Saxophone Baryton Selmer SA80 S\u00e9rie II laqu\u00e9 noir (NG)"},"content":{"rendered":"<p>Saxophone Baryton SA80 S\u00e9rie II Jubil\u00e9e : Un instrument g\u00e9n\u00e9reux et pr\u00e9cis qui permet d&#8217;intervenir aussi bien dans un travail en quatuor que dans le soutien d&#8217;une section de Big band. Il poss\u00e8de une puissance sonore et une \u00e9tendue dynamique exceptionnelles. Grace \u00e0 sa tessiture \u00e9largie (descendant jusqu&#8217;au La grave), il trouve sa place dans les r\u00e9pertoires les plus actuels.<\/p>\n","protected":false},"excerpt":{"rendered":"<p class=\"conditionnement\">*Instrument livr\u00e9 avec \u00e9tui \u00abFlight\u00bb et bec \u00abS80\u00bb<\/p>\n<p class=\"conditionnement\">*Tous nos saxophones Selmer sont s\u00e9lectionn\u00e9s par un musicien professionnel<\/p>\n<p><strong>Finitions :<\/strong> <a href=\"https:\/\/saxmachineparis.com\/catalogue\/saxophone-baryton-selmer-sa80-serie-ii\/\">Verni Gold Grav\u00e9 (GG)<\/a>, <a href=\"https:\/\/saxmachineparis.com\/catalogue\/saxophone-baryton-selmer-sa80ii-bgg\/\">Bross\u00e9 Grav\u00e9 (BGG)<\/a>, Noir Grav\u00e9 (NG), <a href=\"https:\/\/saxmachineparis.com\/catalogue\/saxophone-baryton-selmer-sa80-serie-ii-argente-ag\/\">Argent\u00e9 Grav\u00e9 (AG)<\/a><\/p>\n<p><img decoding=\"async\" src=\"https:\/\/saxmachineparis.com\/wp-content\/uploads\/2018\/12\/logo-henri-selmer-paris.jpg\" alt=\"logo henri selmer paris sax-machine\" width=\"100\" \/><\/p>\n<ul>\n<li>Grav\u00e9<\/li>\n<li>Tonalit\u00e9 : Mib<\/li>\n<li>Descendant jusqu&#8217;au La grave<\/li>\n<li>Support pouce main droite r\u00e9glable en r\u00e9sine<\/li>\n<li>Tampons cuir, r\u00e9sonateur m\u00e9tal<\/li>\n<li>Cl\u00e9 de Fa# aigu<\/li>\n<li>Ressorts aiguille en acier inox<\/li>\n<li>Peut-\u00eatre vendu avec ou sans \u00e9tui et bec<\/li>\n<\/ul>\n<p>&nbsp;<\/p>\n<p>&nbsp;<\/p>\n<div class=\"contact-button-woocommerce\"><a href=\"tel:+33145260529\">Nous contacter :\u00a001 45 26 05 20<\/a><\/div>\n","protected":false},"featured_media":8341,"comment_status":"open","ping_status":"closed","template":"","meta":{"_acf_changed":false},"product_brand":[],"product_cat":[1197],"product_tag":[1255,1224],"class_list":{"0":"post-8331","1":"product","2":"type-product","3":"status-publish","4":"has-post-thumbnail","6":"product_cat-baryton","7":"product_tag-modele-professionnel","8":"product_tag-saxophone","9":"pa_marque-selmer","11":"first","12":"instock","13":"sale","14":"purchasable","15":"product-type-simple"},"acf":[],"_links":{"self":[{"href":"https:\/\/saxmachineparis.com\/es\/wp-json\/wp\/v2\/product\/8331","targetHints":{"allow":["GET"]}}],"collection":[{"href":"https:\/\/saxmachineparis.com\/es\/wp-json\/wp\/v2\/product"}],"about":[{"href":"https:\/\/saxmachineparis.com\/es\/wp-json\/wp\/v2\/types\/product"}],"replies":[{"embeddable":true,"href":"https:\/\/saxmachineparis.com\/es\/wp-json\/wp\/v2\/comments?post=8331"}],"wp:featuredmedia":[{"embeddable":true,"href":"https:\/\/saxmachineparis.com\/es\/wp-json\/wp\/v2\/media\/8341"}],"wp:attachment":[{"href":"https:\/\/saxmachineparis.com\/es\/wp-json\/wp\/v2\/media?parent=8331"}],"wp:term":[{"taxonomy":"product_brand","embeddable":true,"href":"https:\/\/saxmachineparis.com\/es\/wp-json\/wp\/v2\/product_brand?post=8331"},{"taxonomy":"product_cat","embeddable":true,"href":"https:\/\/saxmachineparis.com\/es\/wp-json\/wp\/v2\/product_cat?post=8331"},{"taxonomy":"product_tag","embeddable":true,"href":"https:\/\/saxmachineparis.com\/es\/wp-json\/wp\/v2\/product_tag?post=8331"}],"curies":[{"name":"wp","href":"https:\/\/api.w.org\/{rel}","templated":true}]}}