{"id":7923,"date":"2019-06-11T23:59:26","date_gmt":"2019-06-11T23:59:26","guid":{"rendered":"https:\/\/sites.lecyclopeduweb.fr\/saxmachineparis\/?post_type=product&#038;p=7923"},"modified":"2022-10-17T12:47:39","modified_gmt":"2022-10-17T12:47:39","slug":"bec-daddario-reserve-alto","status":"publish","type":"product","link":"https:\/\/saxmachineparis.com\/es\/catalogue\/bec-daddario-reserve-alto\/","title":{"rendered":"Bec d&#8217;Addario Reserve alto"},"content":{"rendered":"<p>Le bec pour saxophone alto Reserve capture toutes les sonorit\u00e9s d\u00e9sir\u00e9es et produit la r\u00e9ponse souhait\u00e9e pour les saxophonistes modernes les plus exigeants. Avec leur intonation exceptionnelle dans tous les registres du saxophone, leur flexibilit\u00e9 dynamique tr\u00e8s \u00e9tendue et leur excellente projection, les becs pour saxophone alto Reserve sont parfaits pour les musiciens professionnels ou les \u00e9tudiants s\u00e9rieux. <\/p>\n<p>Les becs Reserve sont usin\u00e9s (non moul\u00e9s), \u00e0 partir d&#8217;une barre d&#8217;\u00e9bonite gr\u00e2ce \u00e0 une technologie de cr\u00e9ation de bec haute pr\u00e9cision D&#8217;Addario contr\u00f4l\u00e9e num\u00e9riquement sans finition manuelle. Con\u00e7us par des musiciens et des ing\u00e9nieurs experts aux \u00c9tats-Unis, les becs Reserve b\u00e9n\u00e9ficient d&#8217;une uniformit\u00e9 in\u00e9gal\u00e9e d&#8217;un mod\u00e8le \u00e0 l&#8217;autre.<\/p>\n","protected":false},"excerpt":{"rendered":"<p class=\"conditionnement\">*Bec livr\u00e9 nu<\/p>\n<p><img loading=\"lazy\" decoding=\"async\" src=\"https:\/\/saxmachineparis.com\/wp-content\/uploads\/2019\/06\/logo-daddario.jpg\" alt=\"Logo D&#039;Addario\" width=\"300\" height=\"83\" class=\"alignnone size-full wp-image-7895\" \/><\/p>\n<ul>\n<li>Ouvertures : 145 \/ 150 \/ 155 <\/li>\n<li>\u00c9bonite<\/li>\n<\/ul>\n","protected":false},"featured_media":7924,"comment_status":"open","ping_status":"closed","template":"","meta":{"_acf_changed":false},"product_brand":[],"product_cat":[2431,1313],"product_tag":[1314],"class_list":{"0":"post-7923","1":"product","2":"type-product","3":"status-publish","4":"has-post-thumbnail","6":"product_cat-bec-alto","7":"product_cat-becs","8":"product_tag-bec-alto","9":"pa_becs-saxophone-alto","10":"pa_marque-daddario","11":"pa_materiau-bec-ebonite","12":"pa_style-bec-bec-jazz","14":"first","15":"instock","16":"sale","17":"taxable","18":"shipping-taxable","19":"purchasable","20":"product-type-simple"},"acf":[],"_links":{"self":[{"href":"https:\/\/saxmachineparis.com\/es\/wp-json\/wp\/v2\/product\/7923","targetHints":{"allow":["GET"]}}],"collection":[{"href":"https:\/\/saxmachineparis.com\/es\/wp-json\/wp\/v2\/product"}],"about":[{"href":"https:\/\/saxmachineparis.com\/es\/wp-json\/wp\/v2\/types\/product"}],"replies":[{"embeddable":true,"href":"https:\/\/saxmachineparis.com\/es\/wp-json\/wp\/v2\/comments?post=7923"}],"wp:featuredmedia":[{"embeddable":true,"href":"https:\/\/saxmachineparis.com\/es\/wp-json\/wp\/v2\/media\/7924"}],"wp:attachment":[{"href":"https:\/\/saxmachineparis.com\/es\/wp-json\/wp\/v2\/media?parent=7923"}],"wp:term":[{"taxonomy":"product_brand","embeddable":true,"href":"https:\/\/saxmachineparis.com\/es\/wp-json\/wp\/v2\/product_brand?post=7923"},{"taxonomy":"product_cat","embeddable":true,"href":"https:\/\/saxmachineparis.com\/es\/wp-json\/wp\/v2\/product_cat?post=7923"},{"taxonomy":"product_tag","embeddable":true,"href":"https:\/\/saxmachineparis.com\/es\/wp-json\/wp\/v2\/product_tag?post=7923"}],"curies":[{"name":"wp","href":"https:\/\/api.w.org\/{rel}","templated":true}]}}