{"id":7876,"date":"2019-06-11T23:21:14","date_gmt":"2019-06-11T23:21:14","guid":{"rendered":"https:\/\/sites.lecyclopeduweb.fr\/saxmachineparis\/?post_type=product&#038;p=7876"},"modified":"2022-10-29T11:35:35","modified_gmt":"2022-10-29T11:35:35","slug":"bec-daddario-select-jazz-alto","status":"publish","type":"product","link":"https:\/\/saxmachineparis.com\/es\/catalogue\/bec-daddario-select-jazz-alto\/","title":{"rendered":"Bec d&#8217;Addario Select Jazz alto"},"content":{"rendered":"<p>Le bec pour saxophone alto D&#8217;Addario \u00ab Select Jazz \u00bb associe un design d&#8217;inspiration \u00ab Vintage \u00bb avec des techniques de production modernes pour fournir un \u00e9quilibre parfait de son et de confort.<\/p>\n<p>Le bec D&#8217;Addario \u00ab Select Jazz \u00bb capture l&#8217;essence et le son des artistes l\u00e9gendaires du pass\u00e9. Les saxophonistes modernes ont d\u00e9sormais une chance de d\u00e9couvrir eux-m\u00eames le son qui a \u00e9t\u00e9 pendant des d\u00e9cennies une r\u00e9f\u00e9rence du jazz. Le bec D&#8217;Addario Select Jazz repr\u00e9sente l&#8217;union parfaite de la tradition et de l&#8217;innovation.<\/p>\n<ul>\n<li>Permet de retrouver le son et l&#8217;articulation des becs \u00abVintage\u00bb les plus recherch\u00e9s du march\u00e9<\/li>\n<li>Homog\u00e9n\u00e9it\u00e9 et justesse sur l&#8217;ensemble de la tessiture du saxophone<\/li>\n<li>Grande polyvalence pour tous les styles de Jazz<\/li>\n<li>Id\u00e9al tant pour les musiciens professionnels que pour les \u00e9l\u00e8ves de niveau avanc\u00e9<\/li>\n<\/ul>\n","protected":false},"excerpt":{"rendered":"<p class=\"conditionnement\">*Bec livr\u00e9 nu<\/p>\n<p><img loading=\"lazy\" decoding=\"async\" src=\"https:\/\/saxmachineparis.com\/wp-content\/uploads\/2019\/06\/logo-daddario.jpg\" alt=\"Logo D&#039;Addario\" width=\"300\" height=\"83\" class=\"alignnone size-full wp-image-7895\" \/><\/p>\n<ul>\n<li>Ouvertures : 5M \/ 6M \/ 7M \/ 8M <\/li>\n<li>Son jazz vintage<\/li>\n<li>\u00c9bonite<\/li>\n<\/ul>\n","protected":false},"featured_media":7883,"comment_status":"open","ping_status":"closed","template":"","meta":{"_acf_changed":false},"product_brand":[],"product_cat":[2431,1313],"product_tag":[1314],"class_list":{"0":"post-7876","1":"product","2":"type-product","3":"status-publish","4":"has-post-thumbnail","6":"product_cat-bec-alto","7":"product_cat-becs","8":"product_tag-bec-alto","9":"pa_becs-saxophone-alto","10":"pa_marque-daddario","11":"pa_materiau-bec-ebonite","12":"pa_style-bec-bec-jazz","14":"first","15":"instock","16":"sale","17":"taxable","18":"shipping-taxable","19":"purchasable","20":"product-type-simple"},"acf":[],"_links":{"self":[{"href":"https:\/\/saxmachineparis.com\/es\/wp-json\/wp\/v2\/product\/7876","targetHints":{"allow":["GET"]}}],"collection":[{"href":"https:\/\/saxmachineparis.com\/es\/wp-json\/wp\/v2\/product"}],"about":[{"href":"https:\/\/saxmachineparis.com\/es\/wp-json\/wp\/v2\/types\/product"}],"replies":[{"embeddable":true,"href":"https:\/\/saxmachineparis.com\/es\/wp-json\/wp\/v2\/comments?post=7876"}],"wp:featuredmedia":[{"embeddable":true,"href":"https:\/\/saxmachineparis.com\/es\/wp-json\/wp\/v2\/media\/7883"}],"wp:attachment":[{"href":"https:\/\/saxmachineparis.com\/es\/wp-json\/wp\/v2\/media?parent=7876"}],"wp:term":[{"taxonomy":"product_brand","embeddable":true,"href":"https:\/\/saxmachineparis.com\/es\/wp-json\/wp\/v2\/product_brand?post=7876"},{"taxonomy":"product_cat","embeddable":true,"href":"https:\/\/saxmachineparis.com\/es\/wp-json\/wp\/v2\/product_cat?post=7876"},{"taxonomy":"product_tag","embeddable":true,"href":"https:\/\/saxmachineparis.com\/es\/wp-json\/wp\/v2\/product_tag?post=7876"}],"curies":[{"name":"wp","href":"https:\/\/api.w.org\/{rel}","templated":true}]}}