{"id":7839,"date":"2019-06-06T22:31:52","date_gmt":"2019-06-06T22:31:52","guid":{"rendered":"https:\/\/sites.lecyclopeduweb.fr\/saxmachineparis\/?post_type=product&#038;p=7839"},"modified":"2024-12-04T15:22:39","modified_gmt":"2024-12-04T15:22:39","slug":"ligature-francois-louis-baryton-pure-brass-brass","status":"publish","type":"product","link":"https:\/\/saxmachineparis.com\/es\/catalogue\/ligature-francois-louis-baryton-pure-brass-brass\/","title":{"rendered":"Ligature Fran\u00e7ois Louis Baryton Pure Brass Brass"},"content":{"rendered":"<div class=\"product-name-description\">Ligature Pure Brass<\/div>\n<p>Les fils en acier inoxydable de \u00abUltimate\u00bb, la ligature originale Fran\u00e7ois Louis, ont \u00e9t\u00e9 remplac\u00e9s par les fils plats en laiton. Sa souplesse lui permet de s&#8217;adapter parfaitement \u00e0 votre bec.<\/p>\n<p>Le serrage est assur\u00e9 par une seule vis sup\u00e9rieure pour un grand confort d&#8217;utilisation.<br \/>\nLe contact avec l&#8217;anche est assur\u00e9 par une plaque de pression en laiton massif offrant plus de r\u00e9sistance et une r\u00e9sonance centr\u00e9e.<br \/>\nLe contact longitudinal avec le bec des r\u00e9sonateurs en laiton et des rouleaux garantit des vibrations libres de l&#8217;ensemble anche \/ bec.<br \/>\nTout cela produit un ton plus profond avec une r\u00e9sistance bien \u00e9quilibr\u00e9e et une grande projection.<\/p>\n<p>L&#8217;ensemble \u00ab plaques de pression \u00bb de la \u00ab ligature Ultimate\u00bb peut \u00e9galement \u00eatre utilis\u00e9 avec la \u00abligature Pure Brass\u00bb.<\/p>\n<p>La Ligature Pure Brass est disponible en trois finitions:<\/p>\n<ul>\n<li>Brass : plus r\u00e9sonant et vibrant.<\/li>\n<li>Silver : plus r\u00e9sistant et plus sombre.<\/li>\n<li>Gold : plus \u00abd&#8217;\u00e9l\u00e9gance\u00bb et une qualit\u00e9 de ton plus poli<\/li>\n<\/ul>\n<p>2 tailles disponibles pour becs de saxophones baryton :<\/p>\n<ul>\n<li>XL convient aux becs \u00e9bonite standards (Selmer, Vandoren, Meyer, Otto Link,\u2026)<\/li>\n<li>L convient aux becs \u00e9bonite fins (Fran\u00e7ois Louis, Berg-Larsen, Ponzol, Zinner,\u2026)<\/li>\n<\/ul>\n","protected":false},"excerpt":{"rendered":"<p><img decoding=\"async\" src=\"https:\/\/saxmachineparis.com\/wp-content\/uploads\/2019\/06\/francois_louis_logo.jpg\" alt=\"Logo Fran\u00e7ois Louis\" width=\"150\" class=\"alignnone\" \/><\/p>\n<p>Ligature avec couvre bec<br \/>\nTaille disponible : L \/ XL<br \/>\nAutres finitions : Gold \/ Silver<\/p>\n","protected":false},"featured_media":7808,"comment_status":"open","ping_status":"closed","template":"","meta":{"_acf_changed":false},"product_brand":[],"product_cat":[1946],"product_tag":[1933],"class_list":{"0":"post-7839","1":"product","2":"type-product","3":"status-publish","4":"has-post-thumbnail","6":"product_cat-ligature-baryton","7":"product_tag-francois-louis","8":"pa_ligature-saxophone-baryton","9":"pa_marque-francois-louis","11":"first","12":"instock","13":"sale","14":"taxable","15":"shipping-taxable","16":"purchasable","17":"product-type-simple"},"acf":[],"_links":{"self":[{"href":"https:\/\/saxmachineparis.com\/es\/wp-json\/wp\/v2\/product\/7839","targetHints":{"allow":["GET"]}}],"collection":[{"href":"https:\/\/saxmachineparis.com\/es\/wp-json\/wp\/v2\/product"}],"about":[{"href":"https:\/\/saxmachineparis.com\/es\/wp-json\/wp\/v2\/types\/product"}],"replies":[{"embeddable":true,"href":"https:\/\/saxmachineparis.com\/es\/wp-json\/wp\/v2\/comments?post=7839"}],"wp:featuredmedia":[{"embeddable":true,"href":"https:\/\/saxmachineparis.com\/es\/wp-json\/wp\/v2\/media\/7808"}],"wp:attachment":[{"href":"https:\/\/saxmachineparis.com\/es\/wp-json\/wp\/v2\/media?parent=7839"}],"wp:term":[{"taxonomy":"product_brand","embeddable":true,"href":"https:\/\/saxmachineparis.com\/es\/wp-json\/wp\/v2\/product_brand?post=7839"},{"taxonomy":"product_cat","embeddable":true,"href":"https:\/\/saxmachineparis.com\/es\/wp-json\/wp\/v2\/product_cat?post=7839"},{"taxonomy":"product_tag","embeddable":true,"href":"https:\/\/saxmachineparis.com\/es\/wp-json\/wp\/v2\/product_tag?post=7839"}],"curies":[{"name":"wp","href":"https:\/\/api.w.org\/{rel}","templated":true}]}}