{"id":7668,"date":"2019-05-28T23:19:59","date_gmt":"2019-05-28T23:19:59","guid":{"rendered":"https:\/\/sites.lecyclopeduweb.fr\/saxmachineparis\/?post_type=product&#038;p=7668"},"modified":"2024-08-22T12:42:48","modified_gmt":"2024-08-22T12:42:48","slug":"ligature-bg-tenor-tradition-argent","status":"publish","type":"product","link":"https:\/\/saxmachineparis.com\/es\/catalogue\/ligature-bg-tenor-tradition-argent\/","title":{"rendered":"Ligature BG t\u00e9nor L47 Tradition plaqu\u00e9e argent"},"content":{"rendered":"<div class=\"product-name-description\">Ligature BG t\u00e9nor L47 Tradition plaqu\u00e9e argent<\/div>\n<p>Homog\u00e8ne dans tous les registres et son ample avec une projection directe pour cette ligature m\u00e9tal \u00abtradition\u00bb qui est particuli\u00e8rement adapt\u00e9e au jeu en soliste. Plaqu\u00e9e Argent, elle procure un timbre brillant, s\u2019adapte aux becs \u00e9bonites saxophone T\u00e9nor<\/p>\n<ul>\n<li>Ligature en m\u00e9tal plaqu\u00e9 Argent, pour bec \u00e9bonite T\u00e9nor<\/li>\n<li>Son claire, large et color\u00e9 <\/li>\n<li>Homog\u00e8ne dans tous les registres<\/li>\n<li>Son ample et avec une projection directe<\/li>\n<li>Adapt\u00e9e particuli\u00e8rement pour le jeu en soliste<\/li>\n<\/ul>\n","protected":false},"excerpt":{"rendered":"<p class=\"conditionnement\">*Ligature avec couvre bec<\/p>\n<p><img loading=\"lazy\" decoding=\"async\" src=\"https:\/\/saxmachineparis.com\/wp-content\/uploads\/2019\/05\/logo-bg-france.png\" alt=\"logo BG France\" width=\"100\" height=\"100\" class=\"alignnone size-full wp-image-7495\" \/><\/p>\n","protected":false},"featured_media":7619,"comment_status":"open","ping_status":"closed","template":"","meta":{"_acf_changed":false},"product_brand":[],"product_cat":[1948],"product_tag":[1766],"class_list":{"0":"post-7668","1":"product","2":"type-product","3":"status-publish","4":"has-post-thumbnail","6":"product_cat-ligature-tenor","7":"product_tag-ligature-bg","8":"pa_ligature-pour-bec-bec-ebonite","9":"pa_ligature-saxophone-tenor","10":"pa_marque-bg","12":"first","13":"instock","14":"sale","15":"taxable","16":"shipping-taxable","17":"purchasable","18":"product-type-simple"},"acf":[],"_links":{"self":[{"href":"https:\/\/saxmachineparis.com\/es\/wp-json\/wp\/v2\/product\/7668","targetHints":{"allow":["GET"]}}],"collection":[{"href":"https:\/\/saxmachineparis.com\/es\/wp-json\/wp\/v2\/product"}],"about":[{"href":"https:\/\/saxmachineparis.com\/es\/wp-json\/wp\/v2\/types\/product"}],"replies":[{"embeddable":true,"href":"https:\/\/saxmachineparis.com\/es\/wp-json\/wp\/v2\/comments?post=7668"}],"wp:featuredmedia":[{"embeddable":true,"href":"https:\/\/saxmachineparis.com\/es\/wp-json\/wp\/v2\/media\/7619"}],"wp:attachment":[{"href":"https:\/\/saxmachineparis.com\/es\/wp-json\/wp\/v2\/media?parent=7668"}],"wp:term":[{"taxonomy":"product_brand","embeddable":true,"href":"https:\/\/saxmachineparis.com\/es\/wp-json\/wp\/v2\/product_brand?post=7668"},{"taxonomy":"product_cat","embeddable":true,"href":"https:\/\/saxmachineparis.com\/es\/wp-json\/wp\/v2\/product_cat?post=7668"},{"taxonomy":"product_tag","embeddable":true,"href":"https:\/\/saxmachineparis.com\/es\/wp-json\/wp\/v2\/product_tag?post=7668"}],"curies":[{"name":"wp","href":"https:\/\/api.w.org\/{rel}","templated":true}]}}