{"id":7123,"date":"2019-05-24T19:23:11","date_gmt":"2019-05-24T19:23:11","guid":{"rendered":"https:\/\/sites.lecyclopeduweb.fr\/saxmachineparis\/?post_type=product&#038;p=7123"},"modified":"2025-04-03T14:52:25","modified_gmt":"2025-04-03T14:52:25","slug":"bec-vandoren-v16-teno-l","status":"publish","type":"product","link":"https:\/\/saxmachineparis.com\/es\/catalogue\/bec-vandoren-v16-teno-l\/","title":{"rendered":"Bec Vandoren V16 L t\u00e9nor"},"content":{"rendered":"<h3>V16 : La r\u00e9f\u00e9rence pour les jazzmen.<\/h3>\n<p>D\u00e9clin\u00e9 pour les saxophones soprano, alto, t\u00e9nor et baryton, le V16 \u00e9bonite est LA r\u00e9f\u00e9rence jazz. La s\u00e9rie V16 \u00e9bonite se d\u00e9cline en diff\u00e9rentes ouvertures qui offrent de belles variations de projection et de facilit\u00e9 d\u2019\u00e9mission. Ainsi ce bec vous permettra-t-il une souplesse d\u2019interpr\u00e9tation infinie. <\/p>\n<p>Style : jazz<br \/>\nMat\u00e9riau : \u00e9bonite<\/p>\n<h3>Qualit\u00e9 Vandoren<\/h3>\n<p>La maison Vandoren du 56 rue Lepic est mondialement reconnue pour la qualit\u00e9 de ses becs. Avec cette gamme, la c\u00e9l\u00e8bre marque fran\u00e7aise vous propose des becs qui s\u2019adapteront parfaitement \u00e0 votre jeu.<\/p>\n<p>Les becs Vandoren sont fabriqu\u00e9 avec des outils num\u00e9riques garantissant le respect des dimensions et du cahier des charges d\u00e9fini par Vandoren. Chaque bec subit un contr\u00f4le de qualit\u00e9 m\u00e9ticuleux. <\/p>\n<p>La d\u00e9coupe de la table est r\u00e9alis\u00e9e avec des outils au diamant d&#8217;une pr\u00e9cision de 1\/100 mm. Seule la table n&#8217;est pas polie pour pr\u00e9server la pr\u00e9cision.<br \/>\nEnfin la finition et le contr\u00f4le de chaque bec est r\u00e9alis\u00e9 \u00e0 la main (plafond, rails et facette). Un ultime polissage supprime la moindre marque.<\/p>\n<h3>Le bec, un des piliers de votre sonorit\u00e9.<\/h3>\n<p>Fabriqu\u00e9e \u00e0 partir de caoutchouc naturel (s\u00e8ve de l\u2019h\u00e9v\u00e9a), de lin et de souffre, l\u2019\u00e9bonite est l\u2019une des principales mati\u00e8res utilis\u00e9es dans la confection d\u2019un bec. Ses caract\u00e9ristiques sonores sont le fruit d\u2019une multitude de facteurs. La forme du plafond, le volume de la chambre et de la perce, son ouverture, tout compte,&#8230; Associ\u00e9 \u00e0 un certain type d\u2019anche ou de ligature, il vous permettra de trouver votre propre signature sonore !<\/p>\n<h3>Ouvertures disponibles :  <\/h3>\n<p>T6 \/ T7 \/ T8,5 \/ T9<\/p>\n","protected":false},"excerpt":{"rendered":"<p class=\"conditionnement\">*Prix indiqu\u00e9 pour bec nu<\/p>\n<p><img loading=\"lazy\" decoding=\"async\" src=\"https:\/\/saxmachineparis.com\/wp-content\/uploads\/2019\/03\/logo-vendoren.jpg\" alt=\"\" width=\"150\" height=\"92\" \/><\/p>\n<p>Ouvertures disponibles :<br \/>\nT6 \/ T7 \/ T8,5 \/ T9<\/p>\n","protected":false},"featured_media":7114,"comment_status":"open","ping_status":"closed","template":"","meta":{"_acf_changed":false},"product_brand":[],"product_cat":[1313],"product_tag":[],"class_list":{"0":"post-7123","1":"product","2":"type-product","3":"status-publish","4":"has-post-thumbnail","6":"product_cat-becs","7":"pa_becs-saxophone-tenor","8":"pa_marque-vandoren","9":"pa_materiau-bec-ebonite","10":"pa_style-bec-bec-jazz","12":"first","13":"instock","14":"sale","15":"taxable","16":"shipping-taxable","17":"purchasable","18":"product-type-simple"},"acf":[],"_links":{"self":[{"href":"https:\/\/saxmachineparis.com\/es\/wp-json\/wp\/v2\/product\/7123","targetHints":{"allow":["GET"]}}],"collection":[{"href":"https:\/\/saxmachineparis.com\/es\/wp-json\/wp\/v2\/product"}],"about":[{"href":"https:\/\/saxmachineparis.com\/es\/wp-json\/wp\/v2\/types\/product"}],"replies":[{"embeddable":true,"href":"https:\/\/saxmachineparis.com\/es\/wp-json\/wp\/v2\/comments?post=7123"}],"wp:featuredmedia":[{"embeddable":true,"href":"https:\/\/saxmachineparis.com\/es\/wp-json\/wp\/v2\/media\/7114"}],"wp:attachment":[{"href":"https:\/\/saxmachineparis.com\/es\/wp-json\/wp\/v2\/media?parent=7123"}],"wp:term":[{"taxonomy":"product_brand","embeddable":true,"href":"https:\/\/saxmachineparis.com\/es\/wp-json\/wp\/v2\/product_brand?post=7123"},{"taxonomy":"product_cat","embeddable":true,"href":"https:\/\/saxmachineparis.com\/es\/wp-json\/wp\/v2\/product_cat?post=7123"},{"taxonomy":"product_tag","embeddable":true,"href":"https:\/\/saxmachineparis.com\/es\/wp-json\/wp\/v2\/product_tag?post=7123"}],"curies":[{"name":"wp","href":"https:\/\/api.w.org\/{rel}","templated":true}]}}