{"id":7032,"date":"2019-04-09T09:46:43","date_gmt":"2019-04-09T09:46:43","guid":{"rendered":"https:\/\/sites.lecyclopeduweb.fr\/saxmachineparis\/?post_type=product&#038;p=7032"},"modified":"2025-04-04T13:18:10","modified_gmt":"2025-04-04T13:18:10","slug":"ligature-vandoren-mo-tenor-vieil-or","status":"publish","type":"product","link":"https:\/\/saxmachineparis.com\/es\/catalogue\/ligature-vandoren-mo-tenor-vieil-or\/","title":{"rendered":"Ligature Vandoren M\/O t\u00e9nor finition vieil or"},"content":{"rendered":"<p>La nouvelle ligature M\/O allie la l\u00e9g\u00e8ret\u00e9 de la l\u00e9gendaire ligature Masters et l\u2019efficacit\u00e9 de serrage de la ligature OPTIMUM.<\/p>\n<p><img decoding=\"async\" src=\"https:\/\/saxmachineparis.com\/wp-content\/uploads\/2019\/05\/profile-ligature-mo-verni.jpg\" alt=\"Ligature Vandoren MO\" width=\"500\" \/><\/p>\n<ul>\n<li>L\u00e9g\u00e8re<\/li>\n<li>Facile \u00e0 positionner<\/li>\n<li>Serrage rapide et sym\u00e9trique gr\u00e2ce \u00e0 une vis unique double pas<\/li>\n<li>2 points de contact seulement sur l\u2019anche avec un serrage invers\u00e9<\/li>\n<\/ul>\n<p>Elle permet ainsi une vibration optimale de l\u2019anche et une articulation nette et pr\u00e9cise.<\/p>\n","protected":false},"excerpt":{"rendered":"<p class=\"conditionnement\">*Ligature avec couvre bec<\/p>\n<p><img loading=\"lazy\" decoding=\"async\" src=\"https:\/\/saxmachineparis.com\/wp-content\/uploads\/2019\/03\/logo-vendoren.jpg\" alt=\"\" width=\"150\" height=\"92\" \/><\/p>\n","protected":false},"featured_media":6997,"comment_status":"open","ping_status":"closed","template":"","meta":{"_acf_changed":false},"product_brand":[],"product_cat":[1948],"product_tag":[1318],"class_list":{"0":"post-7032","1":"product","2":"type-product","3":"status-publish","4":"has-post-thumbnail","6":"product_cat-ligature-tenor","7":"product_tag-ligature-metal","8":"pa_ligature-pour-bec-bec-ebonite","9":"pa_ligature-saxophone-tenor","10":"pa_marque-vandoren","12":"first","13":"instock","14":"sale","15":"taxable","16":"shipping-taxable","17":"purchasable","18":"product-type-simple"},"acf":[],"_links":{"self":[{"href":"https:\/\/saxmachineparis.com\/es\/wp-json\/wp\/v2\/product\/7032","targetHints":{"allow":["GET"]}}],"collection":[{"href":"https:\/\/saxmachineparis.com\/es\/wp-json\/wp\/v2\/product"}],"about":[{"href":"https:\/\/saxmachineparis.com\/es\/wp-json\/wp\/v2\/types\/product"}],"replies":[{"embeddable":true,"href":"https:\/\/saxmachineparis.com\/es\/wp-json\/wp\/v2\/comments?post=7032"}],"wp:featuredmedia":[{"embeddable":true,"href":"https:\/\/saxmachineparis.com\/es\/wp-json\/wp\/v2\/media\/6997"}],"wp:attachment":[{"href":"https:\/\/saxmachineparis.com\/es\/wp-json\/wp\/v2\/media?parent=7032"}],"wp:term":[{"taxonomy":"product_brand","embeddable":true,"href":"https:\/\/saxmachineparis.com\/es\/wp-json\/wp\/v2\/product_brand?post=7032"},{"taxonomy":"product_cat","embeddable":true,"href":"https:\/\/saxmachineparis.com\/es\/wp-json\/wp\/v2\/product_cat?post=7032"},{"taxonomy":"product_tag","embeddable":true,"href":"https:\/\/saxmachineparis.com\/es\/wp-json\/wp\/v2\/product_tag?post=7032"}],"curies":[{"name":"wp","href":"https:\/\/api.w.org\/{rel}","templated":true}]}}