{"id":6622,"date":"2019-04-17T23:02:39","date_gmt":"2019-04-17T23:02:39","guid":{"rendered":"https:\/\/sites.lecyclopeduweb.fr\/saxmachineparis\/?post_type=product&#038;p=6622"},"modified":"2023-06-16T16:12:51","modified_gmt":"2023-06-16T16:12:51","slug":"bec-jody-jazz-jet-alto","status":"publish","type":"product","link":"https:\/\/saxmachineparis.com\/es\/catalogue\/bec-jody-jazz-jet-alto\/","title":{"rendered":"Bec Jody Jazz Jet alto"},"content":{"rendered":"<p>Bec Jody Jazz JET alto : Son brillant avec une excellente projection. Le bec de saxophone alto JodyJazz JET est un bec facile \u00e0 jouer et amusant. Il a un son net, concentr\u00e9, avec une projection tout en maintenant une polyvalence extraordinaire. Il est excellent pour le rock, le funk, le blues, la musique latine, le reggae, le ska, le funk, le hip hop, mais aussi adapt\u00e9 pour jouer dans un big band ou dans un groupe de jazz. En d\u2019autres termes, le JET est un excellent bec qui semble plaire \u00e0 une tr\u00e8s grande vari\u00e9t\u00e9 de joueurs.<\/p>\n<p>Ouvertures :<\/p>\n<p>5 = .074<br \/>\n6 = .080<br \/>\n7 = .086<br \/>\n8 = .091<br \/>\n9 = .102<\/p>\n","protected":false},"excerpt":{"rendered":"<p class=\"conditionnement\">*Bec livr\u00e9 nu<\/p>\n<p><img loading=\"lazy\" decoding=\"async\" src=\"https:\/\/saxmachineparis.com\/wp-content\/uploads\/2019\/04\/logo-jody-jazz-c.png\" alt=\"logo jody jazz\" width=\"120\" height=\"90\" class=\"alignnone size-full wp-image-6619\" \/><\/p>\n<ul>\n<li>Ouvertures : 5\/ 6 \/ 7 \/ 8 \/ 9 \/ 10<\/li>\n<li>Son brillant<\/li>\n<li>\u00c9bonite<\/li>\n<li>Pochette<\/li>\n<\/ul>\n","protected":false},"featured_media":6623,"comment_status":"open","ping_status":"closed","template":"","meta":{"_acf_changed":false},"product_brand":[],"product_cat":[2434,1313],"product_tag":[1431],"class_list":{"0":"post-6622","1":"product","2":"type-product","3":"status-publish","4":"has-post-thumbnail","6":"product_cat-bec-tenor","7":"product_cat-becs","8":"product_tag-bec-tenor","9":"pa_becs-saxophone-alto","10":"pa_marque-jody-jazz","11":"pa_materiau-bec-polycarbonate","12":"pa_style-bec-bec-funk-fusion","13":"pa_style-bec-bec-jazz","15":"first","16":"instock","17":"sale","18":"taxable","19":"shipping-taxable","20":"purchasable","21":"product-type-simple"},"acf":[],"_links":{"self":[{"href":"https:\/\/saxmachineparis.com\/es\/wp-json\/wp\/v2\/product\/6622","targetHints":{"allow":["GET"]}}],"collection":[{"href":"https:\/\/saxmachineparis.com\/es\/wp-json\/wp\/v2\/product"}],"about":[{"href":"https:\/\/saxmachineparis.com\/es\/wp-json\/wp\/v2\/types\/product"}],"replies":[{"embeddable":true,"href":"https:\/\/saxmachineparis.com\/es\/wp-json\/wp\/v2\/comments?post=6622"}],"wp:featuredmedia":[{"embeddable":true,"href":"https:\/\/saxmachineparis.com\/es\/wp-json\/wp\/v2\/media\/6623"}],"wp:attachment":[{"href":"https:\/\/saxmachineparis.com\/es\/wp-json\/wp\/v2\/media?parent=6622"}],"wp:term":[{"taxonomy":"product_brand","embeddable":true,"href":"https:\/\/saxmachineparis.com\/es\/wp-json\/wp\/v2\/product_brand?post=6622"},{"taxonomy":"product_cat","embeddable":true,"href":"https:\/\/saxmachineparis.com\/es\/wp-json\/wp\/v2\/product_cat?post=6622"},{"taxonomy":"product_tag","embeddable":true,"href":"https:\/\/saxmachineparis.com\/es\/wp-json\/wp\/v2\/product_tag?post=6622"}],"curies":[{"name":"wp","href":"https:\/\/api.w.org\/{rel}","templated":true}]}}