{"id":6448,"date":"2019-04-04T16:26:23","date_gmt":"2019-04-04T16:26:23","guid":{"rendered":"https:\/\/sites.lecyclopeduweb.fr\/saxmachineparis\/?post_type=product&#038;p=6448"},"modified":"2025-03-05T15:46:08","modified_gmt":"2025-03-05T15:46:08","slug":"bec-theo-wanne-gaia-ii-metal-tenor","status":"publish","type":"product","link":"https:\/\/saxmachineparis.com\/es\/catalogue\/bec-theo-wanne-gaia-ii-metal-tenor\/","title":{"rendered":"Bec Theo Wanne Gaia m\u00e9tal alto"},"content":{"rendered":"<p>Bec Theo Gaia II : Inspir\u00e9 par les meilleurs mod\u00e8les vintages d&#8217;Otto Link et Meyer. Le GAIA est orient\u00e9 jazz, mais pas seulement. Les musiciens Pop l&#8217;appr\u00e9cient particuli\u00e8rement.<br \/>\nSon Sombre.<\/p>\n","protected":false},"excerpt":{"rendered":"<p class=\"conditionnement\">*Bec livr\u00e9 avec ligature et couvre bec<\/p>\n<p><img decoding=\"async\" src=\"https:\/\/saxmachineparis.com\/wp-content\/uploads\/2019\/04\/logo-theo-wanne.jpg\" alt=\"logo theo wanne\" width=\"200\" \/><\/p>\n<ul>\n<li>Ouvertures : 7 \/ 8 \/ 9<\/li>\n<li>Son Sombre <\/li>\n<li>Plaqu\u00e9 or<\/li>\n<li>Pochette en cuir<\/li>\n<\/ul>\n","protected":false},"featured_media":6490,"comment_status":"open","ping_status":"closed","template":"","meta":{"_acf_changed":false},"product_brand":[],"product_cat":[2431,1313],"product_tag":[1314],"class_list":{"0":"post-6448","1":"product","2":"type-product","3":"status-publish","4":"has-post-thumbnail","6":"product_cat-bec-alto","7":"product_cat-becs","8":"product_tag-bec-alto","9":"pa_becs-saxophone-alto","10":"pa_marque-theo-wanne","11":"pa_materiau-bec-metal","12":"pa_style-bec-bec-jazz","14":"first","15":"instock","16":"sale","17":"taxable","18":"shipping-taxable","19":"purchasable","20":"product-type-simple"},"acf":[],"_links":{"self":[{"href":"https:\/\/saxmachineparis.com\/es\/wp-json\/wp\/v2\/product\/6448","targetHints":{"allow":["GET"]}}],"collection":[{"href":"https:\/\/saxmachineparis.com\/es\/wp-json\/wp\/v2\/product"}],"about":[{"href":"https:\/\/saxmachineparis.com\/es\/wp-json\/wp\/v2\/types\/product"}],"replies":[{"embeddable":true,"href":"https:\/\/saxmachineparis.com\/es\/wp-json\/wp\/v2\/comments?post=6448"}],"wp:featuredmedia":[{"embeddable":true,"href":"https:\/\/saxmachineparis.com\/es\/wp-json\/wp\/v2\/media\/6490"}],"wp:attachment":[{"href":"https:\/\/saxmachineparis.com\/es\/wp-json\/wp\/v2\/media?parent=6448"}],"wp:term":[{"taxonomy":"product_brand","embeddable":true,"href":"https:\/\/saxmachineparis.com\/es\/wp-json\/wp\/v2\/product_brand?post=6448"},{"taxonomy":"product_cat","embeddable":true,"href":"https:\/\/saxmachineparis.com\/es\/wp-json\/wp\/v2\/product_cat?post=6448"},{"taxonomy":"product_tag","embeddable":true,"href":"https:\/\/saxmachineparis.com\/es\/wp-json\/wp\/v2\/product_tag?post=6448"}],"curies":[{"name":"wp","href":"https:\/\/api.w.org\/{rel}","templated":true}]}}