{"id":6314,"date":"2019-06-12T20:44:53","date_gmt":"2019-06-12T20:44:53","guid":{"rendered":"https:\/\/sites.lecyclopeduweb.fr\/saxmachineparis\/?post_type=product&#038;p=6314"},"modified":"2019-06-14T23:13:18","modified_gmt":"2019-06-14T23:13:18","slug":"bec-selmer-sd20-alto","status":"publish","type":"product","link":"https:\/\/saxmachineparis.com\/es\/catalogue\/bec-selmer-sd20-alto\/","title":{"rendered":"Bec Selmer SD20 alto"},"content":{"rendered":"<p>Beaucoup de rondeur pour ce mod\u00e8le, avec un juste compromis de flexibilit\u00e9, volume et contr\u00f4le. Moins centr\u00e9 que les S80 et S90, il lib\u00e8re l\u2019expressivit\u00e9 et ouvre les options sonores.<\/p>\n<p>Mis au point avec les membres du quatuor de saxophones DIASTEMA, il est construit sur la base d\u2019une chambre ronde, comme les premiers becs Soloist Selmer Paris.<br \/>\nUNE OUVERTURE UNIQUE PAR INSTRUMENT (optimisation du rapport chambre\/ ouverture) :<\/p>\n<p>Ouverture : 1,74 mm (0.0685 inch)<br \/>\nLongueur de table : 30 mm<\/p>\n<p>Pour ce bec, Selmer Paris recommande l\u2019utilisation d\u2019une anche plus souple.<\/p>\n","protected":false},"excerpt":{"rendered":"<p class=\"conditionnement\">*Prix indiqu\u00e9 pour bec nu<\/p>\n<p><img decoding=\"async\" src=\"https:\/\/saxmachineparis.com\/wp-content\/uploads\/2018\/12\/logo-henri-selmer-paris.jpg\" alt=\"logo henri selmer paris sax-machine\" width=\"100\" \/><\/p>\n<p>OUVERTURES : 174<\/p>\n","protected":false},"featured_media":6315,"comment_status":"open","ping_status":"closed","template":"","meta":{"_acf_changed":false},"product_brand":[],"product_cat":[2431,1313],"product_tag":[1314,1375,1372],"class_list":{"0":"post-6314","1":"product","2":"type-product","3":"status-publish","4":"has-post-thumbnail","6":"product_cat-bec-alto","7":"product_cat-becs","8":"product_tag-bec-alto","9":"product_tag-bec-classique","10":"product_tag-bec-ebonite","11":"pa_becs-saxophone-alto","12":"pa_marque-selmer","13":"pa_materiau-bec-ebonite","14":"pa_style-bec-bec-classique","16":"first","17":"instock","18":"sale","19":"taxable","20":"shipping-taxable","21":"purchasable","22":"product-type-simple"},"acf":[],"_links":{"self":[{"href":"https:\/\/saxmachineparis.com\/es\/wp-json\/wp\/v2\/product\/6314","targetHints":{"allow":["GET"]}}],"collection":[{"href":"https:\/\/saxmachineparis.com\/es\/wp-json\/wp\/v2\/product"}],"about":[{"href":"https:\/\/saxmachineparis.com\/es\/wp-json\/wp\/v2\/types\/product"}],"replies":[{"embeddable":true,"href":"https:\/\/saxmachineparis.com\/es\/wp-json\/wp\/v2\/comments?post=6314"}],"wp:featuredmedia":[{"embeddable":true,"href":"https:\/\/saxmachineparis.com\/es\/wp-json\/wp\/v2\/media\/6315"}],"wp:attachment":[{"href":"https:\/\/saxmachineparis.com\/es\/wp-json\/wp\/v2\/media?parent=6314"}],"wp:term":[{"taxonomy":"product_brand","embeddable":true,"href":"https:\/\/saxmachineparis.com\/es\/wp-json\/wp\/v2\/product_brand?post=6314"},{"taxonomy":"product_cat","embeddable":true,"href":"https:\/\/saxmachineparis.com\/es\/wp-json\/wp\/v2\/product_cat?post=6314"},{"taxonomy":"product_tag","embeddable":true,"href":"https:\/\/saxmachineparis.com\/es\/wp-json\/wp\/v2\/product_tag?post=6314"}],"curies":[{"name":"wp","href":"https:\/\/api.w.org\/{rel}","templated":true}]}}