{"id":6252,"date":"2019-06-12T01:27:49","date_gmt":"2019-06-12T01:27:49","guid":{"rendered":"https:\/\/sites.lecyclopeduweb.fr\/saxmachineparis\/?post_type=product&#038;p=6252"},"modified":"2025-02-18T10:34:37","modified_gmt":"2025-02-18T10:34:37","slug":"bec-selmer-s80-alto","status":"publish","type":"product","link":"https:\/\/saxmachineparis.com\/es\/catalogue\/bec-selmer-s80-alto\/","title":{"rendered":"Bec Selmer S80 Alto"},"content":{"rendered":"<p>D\u00e9clin\u00e9 sur toute la famille du saxophone, le bec S80, consid\u00e9r\u00e9 comme la r\u00e9f\u00e9rence en mati\u00e8re de bec, a acquis un niveau de popularit\u00e9 sans pr\u00e9c\u00e9dent.<br \/>\nIl se caract\u00e9rise par son grain de son tr\u00e8s chaleureux, une sonorit\u00e9 large et ample.<\/p>\n<p>Ouverture disponible : C* C** D E F G <\/p>\n","protected":false},"excerpt":{"rendered":"<p class=\"conditionnement\">*Prix indiqu\u00e9 pour bec nu<\/p>\n<p><img decoding=\"async\" src=\"https:\/\/saxmachineparis.com\/wp-content\/uploads\/2018\/12\/logo-henri-selmer-paris.jpg\" alt=\"logo henri selmer paris sax-machine\" width=\"100\" \/><\/p>\n","protected":false},"featured_media":6253,"comment_status":"open","ping_status":"closed","template":"","meta":{"_acf_changed":false},"product_brand":[],"product_cat":[2431,1313],"product_tag":[1314,1375,1372],"class_list":{"0":"post-6252","1":"product","2":"type-product","3":"status-publish","4":"has-post-thumbnail","6":"product_cat-bec-alto","7":"product_cat-becs","8":"product_tag-bec-alto","9":"product_tag-bec-classique","10":"product_tag-bec-ebonite","11":"pa_becs-saxophone-alto","12":"pa_marque-selmer","13":"pa_materiau-bec-ebonite","14":"pa_style-bec-bec-classique","16":"first","17":"instock","18":"sale","19":"taxable","20":"shipping-taxable","21":"purchasable","22":"product-type-simple"},"acf":[],"_links":{"self":[{"href":"https:\/\/saxmachineparis.com\/es\/wp-json\/wp\/v2\/product\/6252","targetHints":{"allow":["GET"]}}],"collection":[{"href":"https:\/\/saxmachineparis.com\/es\/wp-json\/wp\/v2\/product"}],"about":[{"href":"https:\/\/saxmachineparis.com\/es\/wp-json\/wp\/v2\/types\/product"}],"replies":[{"embeddable":true,"href":"https:\/\/saxmachineparis.com\/es\/wp-json\/wp\/v2\/comments?post=6252"}],"wp:featuredmedia":[{"embeddable":true,"href":"https:\/\/saxmachineparis.com\/es\/wp-json\/wp\/v2\/media\/6253"}],"wp:attachment":[{"href":"https:\/\/saxmachineparis.com\/es\/wp-json\/wp\/v2\/media?parent=6252"}],"wp:term":[{"taxonomy":"product_brand","embeddable":true,"href":"https:\/\/saxmachineparis.com\/es\/wp-json\/wp\/v2\/product_brand?post=6252"},{"taxonomy":"product_cat","embeddable":true,"href":"https:\/\/saxmachineparis.com\/es\/wp-json\/wp\/v2\/product_cat?post=6252"},{"taxonomy":"product_tag","embeddable":true,"href":"https:\/\/saxmachineparis.com\/es\/wp-json\/wp\/v2\/product_tag?post=6252"}],"curies":[{"name":"wp","href":"https:\/\/api.w.org\/{rel}","templated":true}]}}