{"id":6175,"date":"2019-02-12T17:04:28","date_gmt":"2019-02-12T17:04:28","guid":{"rendered":"https:\/\/sites.lecyclopeduweb.fr\/saxmachineparis\/?post_type=product&#038;p=6175"},"modified":"2025-07-03T09:02:01","modified_gmt":"2025-07-03T09:02:01","slug":"saxophone-soprano-yanagisawa-s-wo20","status":"publish","type":"product","link":"https:\/\/saxmachineparis.com\/es\/catalogue\/saxophone-soprano-yanagisawa-s-wo20\/","title":{"rendered":"Saxophone Soprano Yanagisawa S-WO20"},"content":{"rendered":"<p>SW020 &#8211; Mod\u00e8le \u00abElite\u00bb. Ce mod\u00e8le en laiton est con\u00e7u pour les saxophonistes exigeants. C&#8217;est un saxophone o\u00f9 chaque composant est fabriqu\u00e9 avec soin, assembl\u00e9 avec minutie.<\/p>\n<p>Digne h\u00e9ritier du S992 \u00abElimona\u00bb, le soprano Yanagisawa S-WO20 a gagn\u00e9 en justesse gr\u00e2ce \u00e0 sa nouvelle perce et au travail sur les chemin\u00e9es de la main gauche. Le timbre est plus puissant du fait du nouveau laiton utilis\u00e9 pour chaudronner le tube. Une plaque harmonique plac\u00e9e \u00e0 la base des bocaux centre le son et lui donne plus de corps.<br \/>\nLa charni\u00e8re du SOL est faite en maillechort, moins souple que le laiton. Ainsi, on ne risque plus de fausser cet axe en le prenant \u00e0 pleine main.<\/p>\n<p>Un gros travail sur l&#8217;ergonomie (d\u00e9j\u00e0 tr\u00e8s r\u00e9ussie sur le S992) facilite le jeu et offre une sensation de l\u00e9g\u00e8ret\u00e9 au musicien. Les cl\u00e9s de cadence (main gauche) sont rehauss\u00e9es, l&#8217;angle de la cl\u00e9 de R\u00c9 modifi\u00e9. La cl\u00e9 de FA frontale redessin\u00e9e dans l&#8217;esprit WO que l&#8217;on retrouve sur l&#8217;alto et le t\u00e9nor. L&#8217;acc\u00e8s au FA# et SOL aigus (main droite) est facilit\u00e9, les cl\u00e9s du petit doigt (R\u00c9#\/DO) sont remont\u00e9es et l\u00e9g\u00e8rement bascul\u00e9es pour un doigt\u00e9 plus souple.<\/p>\n<p>Le laiton (S-WO20) enrichi en cuivre donne une belle couleur ros\u00e9e. Le timbre est sensiblement plus \u00abrond\u00bb que le mod\u00e8le laiton (S-WO10)<\/p>\n<h3>Quelle diff\u00e9rence entre le Professional S-WO2 et le Elite S-WO20?<\/h3>\n<p>Le S-WO20 offre 2 bocaux (droit et courbe) avec une plaque harmonique et poss\u00e8de la cl\u00e9 de Sol aigu. Tr\u00e8s l\u00e9g\u00e8rement plus lourd, le S-WO20 projette davantage avec un son plus centr\u00e9. Le bocal courbe permet une position de jeu plus basse&#8230; une affaire de go\u00fbt.<\/p>\n<p><iframe loading=\"lazy\" src=\"https:\/\/www.youtube.com\/embed\/7w3faD8x90c\" width=\"560\" height=\"315\" frameborder=\"0\" allowfullscreen=\"allowfullscreen\"><\/iframe><\/p>\n","protected":false},"excerpt":{"rendered":"<p>Autre finition Finitions : <a href=\"https:\/\/saxmachineparis.com\/produit\/saxophone-soprano-yanagisawa-s-wo10\/\" target=\"_blank\" rel=\"noopener noreferrer\">Laiton Verni<\/a><\/p>\n<p><img decoding=\"async\" class=\"alignnone\" src=\"https:\/\/saxmachineparis.com\/wp-content\/uploads\/2018\/12\/logo-yanagisawa.jpg\" alt=\"Logo Yanagisawa\" width=\"100\" \/><\/p>\n<ul>\n<li>Tonalit\u00e9: Sib<\/li>\n<li>Registre : Sib grave \u00e0 sol aigu<\/li>\n<li>Corps: bronze<\/li>\n<li>Finition: verni<\/li>\n<li>Bocal: laiton, 1 courbe + 1 droit<\/li>\n<\/ul>\n<p>Livr\u00e9 avec un bec et \u00e9tui rigide sac \u00e0 dos<\/p>\n<div class=\"contact-button-woocommerce\"><a href=\"tel:+33145260529\">Nous contacter :\u00a001 45 26 05 20<\/a><\/div>\n","protected":false},"featured_media":6176,"comment_status":"open","ping_status":"closed","template":"","meta":{"_acf_changed":false},"product_brand":[],"product_cat":[1222],"product_tag":[1255,1224],"class_list":{"0":"post-6175","1":"product","2":"type-product","3":"status-publish","4":"has-post-thumbnail","6":"product_cat-soprano","7":"product_tag-modele-professionnel","8":"product_tag-saxophone","10":"first","11":"instock","12":"sale","13":"purchasable","14":"product-type-simple"},"acf":[],"_links":{"self":[{"href":"https:\/\/saxmachineparis.com\/es\/wp-json\/wp\/v2\/product\/6175","targetHints":{"allow":["GET"]}}],"collection":[{"href":"https:\/\/saxmachineparis.com\/es\/wp-json\/wp\/v2\/product"}],"about":[{"href":"https:\/\/saxmachineparis.com\/es\/wp-json\/wp\/v2\/types\/product"}],"replies":[{"embeddable":true,"href":"https:\/\/saxmachineparis.com\/es\/wp-json\/wp\/v2\/comments?post=6175"}],"wp:featuredmedia":[{"embeddable":true,"href":"https:\/\/saxmachineparis.com\/es\/wp-json\/wp\/v2\/media\/6176"}],"wp:attachment":[{"href":"https:\/\/saxmachineparis.com\/es\/wp-json\/wp\/v2\/media?parent=6175"}],"wp:term":[{"taxonomy":"product_brand","embeddable":true,"href":"https:\/\/saxmachineparis.com\/es\/wp-json\/wp\/v2\/product_brand?post=6175"},{"taxonomy":"product_cat","embeddable":true,"href":"https:\/\/saxmachineparis.com\/es\/wp-json\/wp\/v2\/product_cat?post=6175"},{"taxonomy":"product_tag","embeddable":true,"href":"https:\/\/saxmachineparis.com\/es\/wp-json\/wp\/v2\/product_tag?post=6175"}],"curies":[{"name":"wp","href":"https:\/\/api.w.org\/{rel}","templated":true}]}}