{"id":5941,"date":"2019-02-11T18:04:00","date_gmt":"2019-02-11T18:04:00","guid":{"rendered":"https:\/\/sites.lecyclopeduweb.fr\/saxmachineparis\/?post_type=product&#038;p=5941"},"modified":"2025-07-03T09:02:50","modified_gmt":"2025-07-03T09:02:50","slug":"saxophone-soprano-yanagisawa-wo2","status":"publish","type":"product","link":"https:\/\/saxmachineparis.com\/es\/catalogue\/saxophone-soprano-yanagisawa-wo2\/","title":{"rendered":"Saxophone Soprano Yanagisawa S-WO2"},"content":{"rendered":"<p>S-WO2 &#8211; Gamme \u00abProfessional\u00bb. Mod\u00e8le en laiton verni.<\/p>\n<p>Le soprano monotube (bocal fixe) est plus l\u00e9ger que le mod\u00e8le avec le bocal amovible. L&#8217;absence de cl\u00e9 de SOL aigu all\u00e8ge le soprano S-WO2. Il convient tout autant au d\u00e9butant s\u00e9rieux qu&#8217;au musicien professionnel. La qualit\u00e9 et la pr\u00e9cision de fabrication, l&#8217;ergonomie et la fiabilit\u00e9 du cl\u00e9tage en font un instrument qui perdurera dans le temps.<\/p>\n<p>Digne h\u00e9ritier du S-902, le soprano Yanagisawa S-WO2 a pourtant gagn\u00e9 en justesse gr\u00e2ce \u00e0 sa nouvelle perce et au travail sur les chemin\u00e9es de la main gauche. Le timbre est plus puissant du fait du nouveau laiton utilis\u00e9 pour chaudronner le tube.<br \/>\nLa charni\u00e8re du SOL est faite en maillechort, moins souple que le laiton. Ainsi, le musicien ne risque plus de fausser cet axe en le prenant \u00e0 pleine main.<\/p>\n<p>Un gros travail sur l&#8217;ergonomie (que l&#8217;on disait d\u00e9j\u00e0 tr\u00e8s r\u00e9ussie sur le S-902) facilite le jeu et offre une sensation de l\u00e9g\u00e8ret\u00e9 au musicien.\u00a0 Les cl\u00e9s de cadence (main gauche) sont rehauss\u00e9es, l&#8217;angle de la cl\u00e9 de R\u00c9 modifi\u00e9. La cl\u00e9 de FA frontale redessin\u00e9e dans l&#8217;esprit WO que l&#8217;on retrouve sur l&#8217;alto et le t\u00e9nor. L&#8217;acc\u00e8s au FA# aigu (main droite) est facilit\u00e9, les cl\u00e9s du petit doigt (R\u00c9#\/DO) sont remont\u00e9es et l\u00e9g\u00e8rement bascul\u00e9es pour un doigt\u00e9 plus souple.<\/p>\n<p>Le laiton (S-WO2) enrichi en cuivre donne une belle couleur ros\u00e9e. Le timbre est sensiblement plus \u00abrond\u00bb que le mod\u00e8le laiton (S-WO1)<\/p>\n","protected":false},"excerpt":{"rendered":"<p>BRONZE<\/p>\n<p><strong>Autres finitions :<\/strong> <a href=\"https:\/\/saxmachineparis.com\/produit\/saxophone-soprano-yanagisawa-wo1\/\" target=\"_blank\" rel=\"noopener noreferrer\">Verni<\/a><\/p>\n<p><img decoding=\"async\" class=\"alignnone\" src=\"https:\/\/saxmachineparis.com\/wp-content\/uploads\/2018\/12\/logo-yanagisawa.jpg\" alt=\"Logo Yanagisawa\" width=\"100\" \/><\/p>\n<ul>\n<li>Tonalit\u00e9: Sib<\/li>\n<li>Registre : Sib grave \u00e0 Fa# aigu<\/li>\n<li>Corps: bronze, monotube<\/li>\n<li>Cl\u00e9s: laiton<\/li>\n<li>Bocal: bronze<\/li>\n<\/ul>\n<p>Livr\u00e9 avec un bec et \u00e9tui rigide sac \u00e0 dos<\/p>\n<div class=\"contact-button-woocommerce\"><a href=\"tel:+33145260529\">Nous contacter :\u00a001 45 26 05 20<\/a><\/div>\n","protected":false},"featured_media":5857,"comment_status":"open","ping_status":"closed","template":"","meta":{"_acf_changed":false},"product_brand":[],"product_cat":[1222],"product_tag":[1255,1224],"class_list":{"0":"post-5941","1":"product","2":"type-product","3":"status-publish","4":"has-post-thumbnail","6":"product_cat-soprano","7":"product_tag-modele-professionnel","8":"product_tag-saxophone","10":"first","11":"instock","12":"sale","13":"purchasable","14":"product-type-simple"},"acf":[],"_links":{"self":[{"href":"https:\/\/saxmachineparis.com\/es\/wp-json\/wp\/v2\/product\/5941","targetHints":{"allow":["GET"]}}],"collection":[{"href":"https:\/\/saxmachineparis.com\/es\/wp-json\/wp\/v2\/product"}],"about":[{"href":"https:\/\/saxmachineparis.com\/es\/wp-json\/wp\/v2\/types\/product"}],"replies":[{"embeddable":true,"href":"https:\/\/saxmachineparis.com\/es\/wp-json\/wp\/v2\/comments?post=5941"}],"wp:featuredmedia":[{"embeddable":true,"href":"https:\/\/saxmachineparis.com\/es\/wp-json\/wp\/v2\/media\/5857"}],"wp:attachment":[{"href":"https:\/\/saxmachineparis.com\/es\/wp-json\/wp\/v2\/media?parent=5941"}],"wp:term":[{"taxonomy":"product_brand","embeddable":true,"href":"https:\/\/saxmachineparis.com\/es\/wp-json\/wp\/v2\/product_brand?post=5941"},{"taxonomy":"product_cat","embeddable":true,"href":"https:\/\/saxmachineparis.com\/es\/wp-json\/wp\/v2\/product_cat?post=5941"},{"taxonomy":"product_tag","embeddable":true,"href":"https:\/\/saxmachineparis.com\/es\/wp-json\/wp\/v2\/product_tag?post=5941"}],"curies":[{"name":"wp","href":"https:\/\/api.w.org\/{rel}","templated":true}]}}