{"id":5804,"date":"2019-02-06T16:18:43","date_gmt":"2019-02-06T16:18:43","guid":{"rendered":"https:\/\/sites.lecyclopeduweb.fr\/saxmachineparis\/?post_type=product&#038;p=5804"},"modified":"2025-07-03T09:19:54","modified_gmt":"2025-07-03T09:19:54","slug":"saxophone-baryton-yanagisawa-b-wo2","status":"publish","type":"product","link":"https:\/\/saxmachineparis.com\/es\/catalogue\/saxophone-baryton-yanagisawa-b-wo2\/","title":{"rendered":"Saxophone Baryton Yanagisawa B-WO2"},"content":{"rendered":"<p>La gamme Professional (WO1 et WO2) offre des qualit\u00e9s acoustiques et techniques sans concurrence dans cette gamme de prix.<br \/>\nLe laiton utilis\u00e9 pour chaudronner le tube est de toute premi\u00e8re qualit\u00e9. Les pi\u00e8ces m\u00e9caniques, sont fa\u00e7onn\u00e9es avec la rigueur japonaise et ajust\u00e9es avec la pr\u00e9cision d\u2019une \u00e9quipe hautement exp\u00e9riment\u00e9e. Le r\u00e9sultat en est incomparable.<\/p>\n<p>Si vous souhaitez une sonorit\u00e9 claire, le laiton jaune (cuivre et zinc) doit \u00eatre privil\u00e9gi\u00e9 : <a href=\"https:\/\/saxmachineparis.com\/catalogue\/saxophone-baryton-yanagisawa-b-wo1\/\">B-WO1<\/a><br \/>\nSi vous pr\u00e9f\u00e9rez la rondeur du violoncelle, optez pour le bronze (cuivre et \u00e9tain) plus cuivr\u00e9. B-WO2<\/p>\n<h3>Design s\u00e9rie WO<\/h3>\n<p>Digne h\u00e9ritier du B902, le saxophone baryton B-WO2 b\u00e9n\u00e9ficie de nombreuses am\u00e9liorations:<\/p>\n<ul>\n<li>R\u00e9ajustement de l&#8217;\u00e9chelle et modification de la perce pour une justesse irr\u00e9prochable.<\/li>\n<li>Laiton plus dense<\/li>\n<li>Cl\u00e9 de LA grave (pouce) plus confortable<\/li>\n<li>Cl\u00e9s Sib\/Do de cot\u00e9 et cl\u00e9s petit doigt main droite plus ergonomiques<\/li>\n<li>Modification des chemin\u00e9es pour optimiser l&#8217;intonation<\/li>\n<li>Renfort culasse sup\u00e9rieure<\/li>\n<li>Grande garde main droite<\/li>\n<li>Anneau de cordon repositionn\u00e9 pour plus de confort<\/li>\n<li>Plaque harmonique sur le bocal pour recentrer le son dans les registres medium et aigu<\/li>\n<\/ul>\n","protected":false},"excerpt":{"rendered":"<p>Autre finition : <a href=\"https:\/\/saxmachineparis.com\/produit\/saxophone-baryton-yanagisawa-b-wo1\/\">B-WO1 (Laiton)<\/a><br \/>\n<img decoding=\"async\" class=\"alignnone\" src=\"https:\/\/saxmachineparis.com\/wp-content\/uploads\/2018\/12\/logo-yanagisawa.jpg\" alt=\"Logo Yanagisawa\" width=\"100\" \/><\/p>\n<ul>\n<li>Tonalit\u00e9 : Mib<\/li>\n<li>Registre : La grave \u00e0 Fa # aigu<\/li>\n<li>Mati\u00e8re : bronze<\/li>\n<li>Finition : verni<\/li>\n<\/ul>\n<p>Livr\u00e9 avec un bec et \u00e9tui rigide sac \u00e0 dos avec roulettes<\/p>\n<div class=\"contact-button-woocommerce\"><a href=\"tel:+33145260529\">Nous contacter :\u00a001 45 26 05 20<\/a><\/div>\n","protected":false},"featured_media":5805,"comment_status":"open","ping_status":"closed","template":"","meta":{"_acf_changed":false},"product_brand":[],"product_cat":[1197],"product_tag":[1255,1224],"class_list":{"0":"post-5804","1":"product","2":"type-product","3":"status-publish","4":"has-post-thumbnail","6":"product_cat-baryton","7":"product_tag-modele-professionnel","8":"product_tag-saxophone","10":"first","11":"instock","12":"sale","13":"purchasable","14":"product-type-simple"},"acf":[],"_links":{"self":[{"href":"https:\/\/saxmachineparis.com\/es\/wp-json\/wp\/v2\/product\/5804","targetHints":{"allow":["GET"]}}],"collection":[{"href":"https:\/\/saxmachineparis.com\/es\/wp-json\/wp\/v2\/product"}],"about":[{"href":"https:\/\/saxmachineparis.com\/es\/wp-json\/wp\/v2\/types\/product"}],"replies":[{"embeddable":true,"href":"https:\/\/saxmachineparis.com\/es\/wp-json\/wp\/v2\/comments?post=5804"}],"wp:featuredmedia":[{"embeddable":true,"href":"https:\/\/saxmachineparis.com\/es\/wp-json\/wp\/v2\/media\/5805"}],"wp:attachment":[{"href":"https:\/\/saxmachineparis.com\/es\/wp-json\/wp\/v2\/media?parent=5804"}],"wp:term":[{"taxonomy":"product_brand","embeddable":true,"href":"https:\/\/saxmachineparis.com\/es\/wp-json\/wp\/v2\/product_brand?post=5804"},{"taxonomy":"product_cat","embeddable":true,"href":"https:\/\/saxmachineparis.com\/es\/wp-json\/wp\/v2\/product_cat?post=5804"},{"taxonomy":"product_tag","embeddable":true,"href":"https:\/\/saxmachineparis.com\/es\/wp-json\/wp\/v2\/product_tag?post=5804"}],"curies":[{"name":"wp","href":"https:\/\/api.w.org\/{rel}","templated":true}]}}