{"id":5683,"date":"2019-01-16T23:39:28","date_gmt":"2019-01-16T23:39:28","guid":{"rendered":"https:\/\/sites.lecyclopeduweb.fr\/saxmachineparis\/?post_type=product&#038;p=5683"},"modified":"2025-07-03T09:14:18","modified_gmt":"2025-07-03T09:14:18","slug":"saxophone-tenor-yanagisawa-wo30","status":"publish","type":"product","link":"https:\/\/saxmachineparis.com\/es\/catalogue\/saxophone-tenor-yanagisawa-wo30\/","title":{"rendered":"Saxophone T\u00e9nor Yanagisawa T-WO 30 Argent massif"},"content":{"rendered":"<p>La s\u00e9rie WO Elite Yanagisawa est facilement identifiable par sa cl\u00e9 de bocal invers\u00e9e. Une ergonomie optimis\u00e9e et plusieurs am\u00e9liorations acoustiques majeures rendent le nouveau saxophone t\u00e9nor Yanagisawa encore plus performant. Il atteint un niveau de justesse in\u00e9gal\u00e9 et offre une palette sonore particuli\u00e8rement riche.<\/p>\n<h3>Design s\u00e9rie WO<\/h3>\n<ul>\n<li>R\u00e9ajustement de l&#8217;\u00e9chelle et modification de la perce pour une justesse irr\u00e9prochable.<\/li>\n<li>Nouveau laiton plus robuste<\/li>\n<li>Levier de Fa aigu redessin\u00e9<\/li>\n<li>Renforts sous les cl\u00e9s de cadences (Sib, Do, Mi aigu)<\/li>\n<li>Passage R\u00e9#\/Do grave facilit\u00e9<\/li>\n<li>Nouvelles plaques de r\u00e9sonances sur le bocal pour un son plus centr\u00e9<\/li>\n<li>Nouvelle gravure r\u00e9alis\u00e9e \u00e0 la main<\/li>\n<\/ul>\n<h3>Nouvel \u00e9tui sac \u00e0 dos<\/h3>\n<ul>\n<li>Design chic et moderne<\/li>\n<li>Pratique gr\u00e2ce \u00e0 son compartiment de rangement int\u00e9rieur et sa poche ext\u00e9rieure<\/li>\n<li>Facile \u00e0 transporter gr\u00e2ce \u00e0 ses deux sangles permettant son utilisation en sac \u00e0 dos<\/li>\n<\/ul>\n<h3>D\u00e9clinaison : <\/h3>\n<ul>\n<li>T-WO10 laiton verni\n<li>T-WO20 cuivre rose verni (Bronze)\n<li>T-WO30 bocal et tube argent massif\n<li>T-WO32 bocal et pavillon argent massif &#8211; tube et culasse cuivre rose\n<li>T-WO33 bocal et pavillon argent massif &#8211; tube et culasse laiton\n<li>T-WO35 bocal, tube et pavillon argent massif &#8211; culasse laiton\n<li>T-WO37 tout argent massif (cl\u00e9s laiton verni)\n<\/ul>\n","protected":false},"excerpt":{"rendered":"<p><img decoding=\"async\" src=\"https:\/\/saxmachineparis.com\/wp-content\/uploads\/2018\/12\/logo-yanagisawa.jpg\" alt=\"Logo Yanagisawa\" width=\"100\" class=\"alignnone\" \/><\/p>\n<ul>\n<li>Tonalit\u00e9: Sib<\/li>\n<li>Registre : Sib grave \u00e0 Fa # aigu<\/li>\n<li>Corps: argent massif<\/li>\n<li>Culasse: laiton<\/li>\n<li>Pavillon: laiton<\/li>\n<li>Cl\u00e9s: laiton<\/li>\n<li>Finition: verni<\/li>\n<li>Bocal: argent massif<\/li>\n<\/ul>\n<p>&nbsp;<br \/>\nVendu avec \u00e9tui sac \u00e0 dos et bec<br \/>\n&nbsp;<\/p>\n<div class=\"contact-button-woocommerce\"><a href=\"tel:+33145260529\">Nous contacter :\u00a001 45 26 05 20<\/a><\/div>\n","protected":false},"featured_media":5690,"comment_status":"open","ping_status":"closed","template":"","meta":{"_acf_changed":false},"product_brand":[],"product_cat":[994],"product_tag":[1255,1224],"class_list":{"0":"post-5683","1":"product","2":"type-product","3":"status-publish","4":"has-post-thumbnail","6":"product_cat-tenor","7":"product_tag-modele-professionnel","8":"product_tag-saxophone","10":"first","11":"instock","12":"sale","13":"purchasable","14":"product-type-simple"},"acf":[],"_links":{"self":[{"href":"https:\/\/saxmachineparis.com\/es\/wp-json\/wp\/v2\/product\/5683","targetHints":{"allow":["GET"]}}],"collection":[{"href":"https:\/\/saxmachineparis.com\/es\/wp-json\/wp\/v2\/product"}],"about":[{"href":"https:\/\/saxmachineparis.com\/es\/wp-json\/wp\/v2\/types\/product"}],"replies":[{"embeddable":true,"href":"https:\/\/saxmachineparis.com\/es\/wp-json\/wp\/v2\/comments?post=5683"}],"wp:featuredmedia":[{"embeddable":true,"href":"https:\/\/saxmachineparis.com\/es\/wp-json\/wp\/v2\/media\/5690"}],"wp:attachment":[{"href":"https:\/\/saxmachineparis.com\/es\/wp-json\/wp\/v2\/media?parent=5683"}],"wp:term":[{"taxonomy":"product_brand","embeddable":true,"href":"https:\/\/saxmachineparis.com\/es\/wp-json\/wp\/v2\/product_brand?post=5683"},{"taxonomy":"product_cat","embeddable":true,"href":"https:\/\/saxmachineparis.com\/es\/wp-json\/wp\/v2\/product_cat?post=5683"},{"taxonomy":"product_tag","embeddable":true,"href":"https:\/\/saxmachineparis.com\/es\/wp-json\/wp\/v2\/product_tag?post=5683"}],"curies":[{"name":"wp","href":"https:\/\/api.w.org\/{rel}","templated":true}]}}