{"id":5612,"date":"2019-01-12T09:39:58","date_gmt":"2019-01-12T09:39:58","guid":{"rendered":"https:\/\/sites.lecyclopeduweb.fr\/saxmachineparis\/?post_type=product&#038;p=5612"},"modified":"2025-09-01T23:02:44","modified_gmt":"2025-09-01T23:02:44","slug":"saxophone-tenor-yamaha-yts82ii","status":"publish","type":"product","link":"https:\/\/saxmachineparis.com\/es\/catalogue\/saxophone-tenor-yamaha-yts82ii\/","title":{"rendered":"Saxophone T\u00e9nor Yamaha Custom 82Z"},"content":{"rendered":"<p>Libert\u00e9 d\u2019expression<\/p>\n<p>L&#8217;\u00e9volution des saxophones Custom Z continue. Puissance sonore, facilit\u00e9 \u00e0 jouer des passages d\u00e9licats sans<br \/>\naucunes difficult\u00e9s, le Custom Z a \u00e9t\u00e9 con\u00e7u pour r\u00e9pondre \u00e0 vos moindres exigences. Du bocal au pavillon, c&#8217;est<br \/>\ntoute la conception g\u00e9n\u00e9rale du Custom Z qui a \u00e9t\u00e9 repens\u00e9e, r\u00e9examin\u00e9e. Il est \u00e9quip\u00e9 d&#8217;un nouveau pavillon<br \/>\nd&#8217;une pi\u00e8ce martel\u00e9 \u00e0 la main, apportant plus de souplesse dans tous les registres et du bocal V1 produisant un<br \/>\nson ouvert, expressif avec une r\u00e9ponse pr\u00e9cise et un parfait contr\u00f4le.<\/p>\n<h2>Caract\u00e9ristiques<\/h2>\n<h3>Pavillon une pi\u00e8ce grav\u00e9 \u00e0 la main<\/h3>\n<p>Dans la plus pure tradition des convoit\u00e9s saxophones vintage, le 82Z est maintenant \u00e9quip\u00e9 d&#8217;un pavillon d&#8217;une pi\u00e8ce. Cette conception am\u00e9liore consid\u00e9rablement la r\u00e9ponse dans le registre grave, offrant au musicien une large palette sonore. Plus \u00e9labor\u00e9e avec des d\u00e9tails d&#8217;une extr\u00eame finesse, la nouvelle gravure faite \u00e0 la main apporte une tr\u00e8s belle finition.<\/p>\n<h3>Tampons avec r\u00e9sonateurs en m\u00e9tal<\/h3>\n<p>Les tampons sont \u00e9quip\u00e9s de r\u00e9sonateurs en m\u00e9tal offrant une r\u00e9ponse exceptionnelle et assurant une plage dynamique plus \u00e9tendue. Ils permettent \u00e9galement de rendre le jeu dans des passages rapides et d\u00e9licats plus faciles \u00e0 jouer.<\/p>\n<h3>Bocal V1<\/h3>\n<p>Parmi les bocaux Custom de Yamaha, le Bocal V1 est celui qui poss\u00e8de la plus large perce, ce qui lui conf\u00e8re une ouverture sonore plus importante et une large plage dynamique. Le son est plus centr\u00e9 avec beaucoup d\u2019harmoniques, offrant au musicien une plus grande libert\u00e9 d\u2019expression.<\/p>\n<h3>Correspondance Si-Do# grave<\/h3>\n<p>La nouvelle m\u00e9canique de la correspondance des cl\u00e9s de Si &#8211; Do# grave assure une action souple, pr\u00e9cise de la cl\u00e9 de Do# grave et une r\u00e9ponse claire des notes dans le registre grave.<\/p>\n<h3>Platines des supports-pouces main droite et main gauche all\u00e9g\u00e9es<\/h3>\n<p>Les platines plus l\u00e9g\u00e8res de chaque support-pouce main droite et main gauche permettent d&#8217;obtenir une r\u00e9ponse plus pr\u00e9cise et une sonorit\u00e9 plus homog\u00e8ne et \u00e9quilibr\u00e9e.<\/p>\n<h3>Cl\u00e9 de Fa frontal r\u00e9glable<\/h3>\n<p>L\u2019utilisation d\u2019une cl\u00e9 de Fa frontal r\u00e9glable permet aux musiciens d\u2019ajuster le degr\u00e9 d\u2019ouverture de la cl\u00e9 afin de satisfaire leurs pr\u00e9f\u00e9rences respectives.<\/p>\n","protected":false},"excerpt":{"rendered":"<p><strong>Finitions<\/strong> :\u00a0 verni, argent\u00e9, non-verni<\/p>\n<p><img decoding=\"async\" src=\"https:\/\/saxmachineparis.com\/wp-content\/uploads\/2019\/01\/logo-yamaha.png\" alt=\"logo Yamaha\" width=\"100\" \/><\/p>\n<ul>\n<li>Tonalit\u00e9 : Sib<\/li>\n<li>Registre : Sib grave \u00e0 Fa # aigu<\/li>\n<li>Cl\u00e9 de Fa# aigu.<\/li>\n<li>Support pouce multidirectionnel<\/li>\n<li>Tampons cuir<\/li>\n<li>Les ressorts aiguille r\u00e9sistants \u00e0 la corrosion<\/li>\n<li>Vendu avec \u00e9tui sac \u00e0 dos et bec custom<\/li>\n<\/ul>\n<div class=\"contact-button-woocommerce\"><a href=\"tel:+33145260529\">Nous contacter :\u00a001 45 26 05 20<\/a><\/div>\n","protected":false},"featured_media":5625,"comment_status":"open","ping_status":"closed","template":"","meta":{"_acf_changed":false},"product_brand":[],"product_cat":[994],"product_tag":[1255,1224],"class_list":{"0":"post-5612","1":"product","2":"type-product","3":"status-publish","4":"has-post-thumbnail","6":"product_cat-tenor","7":"product_tag-modele-professionnel","8":"product_tag-saxophone","10":"first","11":"instock","12":"sale","13":"taxable","14":"shipping-taxable","15":"purchasable","16":"product-type-simple"},"acf":[],"_links":{"self":[{"href":"https:\/\/saxmachineparis.com\/es\/wp-json\/wp\/v2\/product\/5612","targetHints":{"allow":["GET"]}}],"collection":[{"href":"https:\/\/saxmachineparis.com\/es\/wp-json\/wp\/v2\/product"}],"about":[{"href":"https:\/\/saxmachineparis.com\/es\/wp-json\/wp\/v2\/types\/product"}],"replies":[{"embeddable":true,"href":"https:\/\/saxmachineparis.com\/es\/wp-json\/wp\/v2\/comments?post=5612"}],"wp:featuredmedia":[{"embeddable":true,"href":"https:\/\/saxmachineparis.com\/es\/wp-json\/wp\/v2\/media\/5625"}],"wp:attachment":[{"href":"https:\/\/saxmachineparis.com\/es\/wp-json\/wp\/v2\/media?parent=5612"}],"wp:term":[{"taxonomy":"product_brand","embeddable":true,"href":"https:\/\/saxmachineparis.com\/es\/wp-json\/wp\/v2\/product_brand?post=5612"},{"taxonomy":"product_cat","embeddable":true,"href":"https:\/\/saxmachineparis.com\/es\/wp-json\/wp\/v2\/product_cat?post=5612"},{"taxonomy":"product_tag","embeddable":true,"href":"https:\/\/saxmachineparis.com\/es\/wp-json\/wp\/v2\/product_tag?post=5612"}],"curies":[{"name":"wp","href":"https:\/\/api.w.org\/{rel}","templated":true}]}}