{"id":5531,"date":"2019-01-10T14:14:44","date_gmt":"2019-01-10T14:14:44","guid":{"rendered":"https:\/\/sites.lecyclopeduweb.fr\/saxmachineparis\/?post_type=product&#038;p=5531"},"modified":"2025-07-03T09:39:08","modified_gmt":"2025-07-03T09:39:08","slug":"saxophone-tenor-yamaha-yts280s","status":"publish","type":"product","link":"https:\/\/saxmachineparis.com\/es\/catalogue\/saxophone-tenor-yamaha-yts280s\/","title":{"rendered":"Saxophone T\u00e9nor Yamaha YTS 280 Argent\u00e9"},"content":{"rendered":"<p>Le saxophone YTS280 a \u00e9t\u00e9 con\u00e7u sp\u00e9cifiquement pour les d\u00e9butants. Son poids l\u00e9ger et son ergonomique en font un instrument facile \u00e0 porter et \u00e0 jouer. La justesse est parfaite et il est facile d\u2019obtenir une belle sonorit\u00e9. Le design Yamaha offre un soutien optimal aux d\u00e9butants, ce qui facilite grandement les progr\u00e8s de l&#8217;apprentissage et la cr\u00e9ativit\u00e9. Reprenant la conception de base des tr\u00e8s c\u00e9l\u00e8bres YAS\/YTS-275, les nouveaux saxophones YTS-280 proposent quelques am\u00e9liorations comme une nouvelle bague de serrage du bocal et une nouvelle connexion des cl\u00e9s de Si-Do# grave, pour un meilleur r\u00e9glage et une parfaite projection.<\/p>\n<p>https:\/\/youtu.be\/XtYMjTuQ_fA<\/p>\n<h3>Nouvelle bague de serrage du bocal<\/h3>\n<p>Une nouvelle bague de serrage du bocal a \u00e9t\u00e9 con\u00e7ue pour obtenir une r\u00e9ponse plus rapide et un jeu plus ais\u00e9. De plus sa conception lui apporte une plus grande robustesse dans le temps.<\/p>\n<p><img loading=\"lazy\" decoding=\"async\" class=\"alignnone size-full wp-image-5525\" src=\"https:\/\/saxmachineparis.com\/wp-content\/uploads\/2019\/02\/vis-serrage-yts280.jpg\" alt=\"\" width=\"240\" height=\"231\" \/><\/p>\n<h3>Nouveau levier de correspondance des cl\u00e9s de Si-Do# grave<\/h3>\n<p>Le nouveau levier de correspondance des cl\u00e9s de Si -Do# grave a \u00e9t\u00e9 perfectionn\u00e9, assurant un parfait bouchage de la cl\u00e9 de Do# grave et une r\u00e9ponse claire du registre grave.<\/p>\n<h3>Support-pouce r\u00e9glable<\/h3>\n<p>Tous les saxophones Yamaha sont \u00e9quip\u00e9s d&#8217;un support-pouce r\u00e9glable apportant une meilleure position des mains et des doigts et ainsi un plus grand confort de jeu.<\/p>\n","protected":false},"excerpt":{"rendered":"<p>Mod\u00e8le d&#8217;\u00e9tude : Une valeur sure avec laquelle commencer son apprentissage<\/p>\n<p>Autre finition : <a href=\"https:\/\/saxmachineparis.com\/catalogue\/saxophone-tenor-yamaha-yts280\/\">verni<\/a><\/p>\n<p><img decoding=\"async\" src=\"https:\/\/saxmachineparis.com\/wp-content\/uploads\/2019\/01\/logo-yamaha.png\" alt=\"logo Yamaha\" width=\"100\" \/><\/p>\n<ul>\n<li>Tonalit\u00e9 : Sib.<\/li>\n<li>Registre : Sib grave \u00e0 Fa # aigu<\/li>\n<li>Cl\u00e9 de Fa# aigu<\/li>\n<li>Support pouce multidirectionnel en plastique<\/li>\n<li>Tampons cuir, r\u00e9sonateur plastique<\/li>\n<li>Vendu avec \u00e9tui sac \u00e0 dos et bec Yamaha 4C<\/li>\n<\/ul>\n<div class=\"contact-button-woocommerce\"><a href=\"tel:+33145260529\">Nous contacter :\u00a001 45 26 05 20<\/a><\/div>\n","protected":false},"featured_media":5532,"comment_status":"open","ping_status":"closed","template":"","meta":{"_acf_changed":false},"product_brand":[],"product_cat":[994],"product_tag":[1254,1224],"class_list":{"0":"post-5531","1":"product","2":"type-product","3":"status-publish","4":"has-post-thumbnail","6":"product_cat-tenor","7":"product_tag-modele-detude","8":"product_tag-saxophone","10":"first","11":"instock","12":"sale","13":"taxable","14":"shipping-taxable","15":"purchasable","16":"product-type-simple"},"acf":[],"_links":{"self":[{"href":"https:\/\/saxmachineparis.com\/es\/wp-json\/wp\/v2\/product\/5531","targetHints":{"allow":["GET"]}}],"collection":[{"href":"https:\/\/saxmachineparis.com\/es\/wp-json\/wp\/v2\/product"}],"about":[{"href":"https:\/\/saxmachineparis.com\/es\/wp-json\/wp\/v2\/types\/product"}],"replies":[{"embeddable":true,"href":"https:\/\/saxmachineparis.com\/es\/wp-json\/wp\/v2\/comments?post=5531"}],"wp:featuredmedia":[{"embeddable":true,"href":"https:\/\/saxmachineparis.com\/es\/wp-json\/wp\/v2\/media\/5532"}],"wp:attachment":[{"href":"https:\/\/saxmachineparis.com\/es\/wp-json\/wp\/v2\/media?parent=5531"}],"wp:term":[{"taxonomy":"product_brand","embeddable":true,"href":"https:\/\/saxmachineparis.com\/es\/wp-json\/wp\/v2\/product_brand?post=5531"},{"taxonomy":"product_cat","embeddable":true,"href":"https:\/\/saxmachineparis.com\/es\/wp-json\/wp\/v2\/product_cat?post=5531"},{"taxonomy":"product_tag","embeddable":true,"href":"https:\/\/saxmachineparis.com\/es\/wp-json\/wp\/v2\/product_tag?post=5531"}],"curies":[{"name":"wp","href":"https:\/\/api.w.org\/{rel}","templated":true}]}}