{"id":5263,"date":"2018-12-22T23:49:42","date_gmt":"2018-12-22T23:49:42","guid":{"rendered":"https:\/\/sites.lecyclopeduweb.fr\/saxmachineparis\/?post_type=product&#038;p=5263"},"modified":"2025-07-03T09:08:08","modified_gmt":"2025-07-03T09:08:08","slug":"saxophone-alto-yanagisawa-wo20","status":"publish","type":"product","link":"https:\/\/saxmachineparis.com\/es\/catalogue\/saxophone-alto-yanagisawa-wo20\/","title":{"rendered":"Saxophone Alto Yanagisawa A-WO 20"},"content":{"rendered":"<p>Saxophone Alto Yanagisawa WO (World Outstanding) s\u00e9rie Elite (remplace la s\u00e9rie Elimona).<br \/>\nCe haut de gamme Yanagisawa va encore plus loin dans l&#8217;exigence de justesse, de confort de jeu et de qualit\u00e9 de finition.<\/p>\n<p>A chacun de configurer le saxophone qui lui convient le mieux; les combinaisons de mat\u00e9riaux offrent un large choix de sensations, de timbres et d&#8217;esth\u00e9tiques. Chaque partie vibrante de l&#8217;instrument (bocal-tube-culasse-pavillon) se conjugue en laiton, bronze ou argent massif.<\/p>\n<h3>Am\u00e9liorations techniques:<\/h3>\n<ul>\n<li>R\u00e9ajustement de l\u2019\u00e9chelle et modification de la perce pour une justesse irr\u00e9prochable, une plus grande homog\u00e9n\u00e9it\u00e9 ainsi qu\u2019une meilleure projection dans tous les registres<\/li>\n<li>Une nouvelle source d\u2019approvisionnement en laiton pour plus de robustesse<\/li>\n<li>Le levier de Fa aigu a \u00e9t\u00e9 redessin\u00e9 pour un plus grand confort de jeu<\/li>\n<li>Des renforts suppl\u00e9mentaires ont \u00e9t\u00e9 ajout\u00e9s sous les cl\u00e9s de cadences main droite (Sib, Do et Mi aigu) pour de meilleures sensations de jeu<\/li>\n<li>Les angles des cl\u00e9s de R\u00e9# et de Do graves ont \u00e9t\u00e9 optimis\u00e9s afin de faciliter le passage de l&#8217;une \u00e0 l&#8217;autre et apporter ainsi une plus grande souplesse de jeu<\/li>\n<li>Les boules de cadences sont dor\u00e9navant bras\u00e9es sur une m\u00eame plaque, ce qui apporte une r\u00e9sonance de grande qualit\u00e9<\/li>\n<li>Une nouvelle plaque de r\u00e9sonance a \u00e9t\u00e9 pos\u00e9e sur le bocal afin d&#8217;obtenir un son plus centr\u00e9<\/li>\n<li>Une nouvelle gravure sur le pavillon<\/li>\n<\/ul>\n<h2>Design s\u00e9rie WO<\/h2>\n<h3>Perce et chemin\u00e9es<\/h3>\n<p>Dans sa constante recherche de l&#8217;excellence, Yanagisawa a revu l&#8217;al\u00e9sage des chemin\u00e9es et les dimensions de la perce. Ceci permet un souffle plus doux avec encore plus de justesse.<\/p>\n<h3>Cl\u00e9 de FA frontale<\/h3>\n<p>La cl\u00e9 de FA frontale a \u00e9t\u00e9 redessin\u00e9e pour la s\u00e9rie WO. L&#8217;ergonomie est am\u00e9lior\u00e9e afin de faciliter l&#8217;articulation de l&#8217;index de la main gauche<\/p>\n<h3>Nouvel \u00e9tui sac \u00e0 dos<\/h3>\n<ul>\n<li>Design chic et moderne<\/li>\n<li>Pratique gr\u00e2ce \u00e0 son compartiment de rangement int\u00e9rieur et sa poche ext\u00e9rieure<\/li>\n<li>Facile \u00e0 transporter gr\u00e2ce \u00e0 ses deux sangles permettant son utilisation en sac \u00e0 dos<\/li>\n<\/ul>\n<p>Le bronze est enrichi en cuivre qui lui donne une couleur ros\u00e9e. Le timbre est sensiblement plus \u00abrond\u00bb que le mod\u00e8le laiton (<a href=\"https:\/\/saxmachineparis.com\/produit\/saxophone-alto-yanagisawa-a-wo-10\/\" target=\"_blank\" rel=\"noopener noreferrer\">A-WO10<\/a>)<\/p>\n","protected":false},"excerpt":{"rendered":"<p>BRONZE<br \/>\nLe bronze est enrichi en cuivre qui lui donne une couleur ros\u00e9e. Le timbre est sensiblement plus \u00abrond\u00bb que le mod\u00e8le laiton (<a href=\"https:\/\/saxmachineparis.com\/produit\/saxophone-alto-yanagisawa-a-wo-10\/\" target=\"_blank\" rel=\"noopener noreferrer\">A-WO10<\/a>)<\/p>\n<p><strong>Autres finitions :<\/strong> <a href=\"https:\/\/saxmachineparis.com\/produit\/saxophone-alto-yanagisawa-a-wo-10\/\" target=\"_blank\" rel=\"noopener noreferrer\">laiton<\/a><\/p>\n<p><img decoding=\"async\" class=\"alignnone\" src=\"https:\/\/saxmachineparis.com\/wp-content\/uploads\/2018\/12\/logo-yanagisawa.jpg\" alt=\"Logo Yanagisawa\" width=\"100\" \/><\/p>\n<ul>\n<li>Tonalit\u00e9 : Mib<\/li>\n<li>Registre : Sib grave \u00e0 Fa # aigu<\/li>\n<li>Corps : Bronze<\/li>\n<li>Culasse : Bronze<\/li>\n<li>Pavillon : Bronze<\/li>\n<li>Cl\u00e9s : laiton<\/li>\n<li>Finition : verni<\/li>\n<li>Bocal: Bronze<\/li>\n<li>Tampons cuir<\/li>\n<li>Gravure r\u00e9alis\u00e9e \u00e0 la main<\/li>\n<\/ul>\n<p>Vendu avec \u00e9tui sac \u00e0 dos et bec<\/p>\n<div class=\"contact-button-woocommerce\"><a href=\"tel:+33145260529\">Nous contacter :\u00a001 45 26 05 20<\/a><\/div>\n","protected":false},"featured_media":5273,"comment_status":"open","ping_status":"closed","template":"","meta":{"_acf_changed":false},"product_brand":[],"product_cat":[974],"product_tag":[1255,1224],"class_list":{"0":"post-5263","1":"product","2":"type-product","3":"status-publish","4":"has-post-thumbnail","6":"product_cat-alto","7":"product_tag-modele-professionnel","8":"product_tag-saxophone","10":"first","11":"instock","12":"sale","13":"taxable","14":"shipping-taxable","15":"purchasable","16":"product-type-simple"},"acf":[],"_links":{"self":[{"href":"https:\/\/saxmachineparis.com\/es\/wp-json\/wp\/v2\/product\/5263","targetHints":{"allow":["GET"]}}],"collection":[{"href":"https:\/\/saxmachineparis.com\/es\/wp-json\/wp\/v2\/product"}],"about":[{"href":"https:\/\/saxmachineparis.com\/es\/wp-json\/wp\/v2\/types\/product"}],"replies":[{"embeddable":true,"href":"https:\/\/saxmachineparis.com\/es\/wp-json\/wp\/v2\/comments?post=5263"}],"wp:featuredmedia":[{"embeddable":true,"href":"https:\/\/saxmachineparis.com\/es\/wp-json\/wp\/v2\/media\/5273"}],"wp:attachment":[{"href":"https:\/\/saxmachineparis.com\/es\/wp-json\/wp\/v2\/media?parent=5263"}],"wp:term":[{"taxonomy":"product_brand","embeddable":true,"href":"https:\/\/saxmachineparis.com\/es\/wp-json\/wp\/v2\/product_brand?post=5263"},{"taxonomy":"product_cat","embeddable":true,"href":"https:\/\/saxmachineparis.com\/es\/wp-json\/wp\/v2\/product_cat?post=5263"},{"taxonomy":"product_tag","embeddable":true,"href":"https:\/\/saxmachineparis.com\/es\/wp-json\/wp\/v2\/product_tag?post=5263"}],"curies":[{"name":"wp","href":"https:\/\/api.w.org\/{rel}","templated":true}]}}