{"id":36146,"date":"2023-09-15T13:26:36","date_gmt":"2023-09-15T13:26:36","guid":{"rendered":"https:\/\/sites.lecyclopeduweb.fr\/saxmachineparis\/?post_type=product&#038;p=36146"},"modified":"2025-01-08T10:50:45","modified_gmt":"2025-01-08T10:50:45","slug":"saxophone-tenor-selmer-supreme-verni-dark-ag","status":"publish","type":"product","link":"https:\/\/saxmachineparis.com\/es\/catalogue\/saxophone-tenor-selmer-supreme-verni-dark-ag\/","title":{"rendered":"Saxophone T\u00e9nor Selmer Supreme argent\u00e9 (AG)"},"content":{"rendered":"<p>Apre\u0300s 100 ans d\u2019innovation, de conception et de fabrication du saxophone, Henri SELMER Paris rede\u0301finit<strong> l\u2019identite\u0301 moderne du saxophone t\u00e9nor <\/strong>en cre\u0301ant le Supreme.<\/p>\n<ul>\n<li>\n<h3><strong>L\u2019innovation au service de la tradition<\/strong><\/h3>\n<\/li>\n<\/ul>\n<p>La re\u0301alisation de ce nouvel instrument incarne<strong>\u00a0<\/strong>l\u2019aboutissement d\u2019un savoir-faire se\u0301culaire, conjugue\u0301 a\u0300 un outil de fabrication parfaitement mai\u0302trise\u0301, a\u0300 la hauteur de l\u2019ambition de la Maison Henri SELMER Paris.<\/p>\n<p class=\"p1\">Le t\u00e9nor Supreme r\u00e9ussit la prouesse, \u00e0 la fois de conjuguer et de surpasser la <strong>flexibilit\u00e9<\/strong> et la sensation de <strong>l\u00e9g\u00e8ret\u00e9<\/strong> des mod\u00e8les historiques, avec la <strong>pr\u00e9cision<\/strong> et la <strong>justesse<\/strong> des mod\u00e8les modernes.<\/p>\n<ul>\n<li>\n<h3><strong>Plaisir et \u00e9vidence de jeu<\/strong><\/h3>\n<\/li>\n<\/ul>\n<p class=\"p1\">C&#8217;est un t\u00e9nor \u00e0 la fois <strong>puissant<\/strong> et capable d&#8217;un <strong>infini raffinement<\/strong>. Il permet une <strong>rugosit\u00e9 brute<\/strong> et un <strong>lyrisme tr\u00e8s expressif<\/strong>. Ses possibilit\u00e9s dynamiques vont du murmure \u00e0 la limite du son, \u00e0 l&#8217;onde quasi percussive. Le t\u00e9nor Supreme lib\u00e8re de l&#8217;inertie naturelle inh\u00e9rente au t\u00e9nor, par une grande sensation de l\u00e9g\u00e8ret\u00e9 ressentie d\u00e8s la prise en main, gr\u00e2ce \u00e0 la red\u00e9finition de l&#8217;\u00e9quilibre g\u00e9n\u00e9ral et d&#8217;une <strong>ergonomie compacte<\/strong>. Cette libert\u00e9 se manifeste surtout, gr\u00e2ce \u00e0 sa nouvelle perce, par l&#8217;immense <strong>flexibilit\u00e9<\/strong> et <strong>souplesse<\/strong> de son in\u00e9dites sur un t\u00e9nor.<\/p>\n<p class=\"p1\">Cette nouvelle identit\u00e9 du t\u00e9nor Supreme est compl\u00e9t\u00e9e par une esth\u00e9tique cr\u00e9ative, audacieuse et soign\u00e9e qui se retrouve dans chaque d\u00e9tail de l&#8217;instrument.<\/p>\n<p>L\u2019esth\u00e9tique globale du\u00a0<em>Supr\u00eame\u00a0<\/em>a \u00e9t\u00e9 revisit\u00e9e, \u00e9voquant la fluidit\u00e9 de jeu par des lignes \u00e9pur\u00e9es et la rondeur par l\u2019arrondissement des angles.<br \/>\nLa gen\u00e8se du son s\u2019incarne dans l\u2019explosion m\u00ealant le v\u00e9g\u00e9tal, traditionnelle gravure Selmer, aux cubes illustrant la structure des mol\u00e9cules du m\u00e9tal.<br \/>\nLe souffle provoqu\u00e9 par cette naissance, \u00e9voque la projection de l\u2019air, le mouvement, la vitesse, la vie. Un disque en arri\u00e8re-plan \u00e9voquant une plan\u00e8te, fait \u00e9cho \u00e0 cette notion d\u2019espace infini.<\/p>\n<p><img loading=\"lazy\" decoding=\"async\" class=\"alignnone wp-image-35387\" src=\"https:\/\/saxmachineparis.com\/wp-content\/uploads\/2023\/04\/Capture-de\u0301cran-2023-04-06-a\u0300-15.33.23.png\" alt=\"\" width=\"243\" height=\"374\" \/><img loading=\"lazy\" decoding=\"async\" class=\"alignnone wp-image-35390\" src=\"https:\/\/saxmachineparis.com\/wp-content\/uploads\/2023\/04\/Capture-de\u0301cran-2023-04-06-a\u0300-15.34.05.png\" alt=\"\" width=\"242\" height=\"386\" \/><img loading=\"lazy\" decoding=\"async\" class=\"alignnone wp-image-35393\" src=\"https:\/\/saxmachineparis.com\/wp-content\/uploads\/2023\/04\/Capture-de\u0301cran-2023-04-06-a\u0300-15.34.20.png\" alt=\"\" width=\"235\" height=\"389\" \/><img loading=\"lazy\" decoding=\"async\" class=\"alignnone wp-image-35396\" src=\"https:\/\/saxmachineparis.com\/wp-content\/uploads\/2023\/04\/Capture-de\u0301cran-2023-04-06-a\u0300-15.34.28.png\" alt=\"\" width=\"232\" height=\"399\" \/><\/p>\n<p>.\u00a0 \u00a0 \u00a0\u00a0<img loading=\"lazy\" decoding=\"async\" class=\"alignnone size-full wp-image-35399\" src=\"https:\/\/saxmachineparis.com\/wp-content\/uploads\/2023\/04\/Capture-de\u0301cran-2023-04-06-a\u0300-15.37.18.png\" alt=\"\" width=\"231\" height=\"357\" \/>\u00a0 \u00a0<img loading=\"lazy\" decoding=\"async\" class=\"alignnone size-full wp-image-35402\" src=\"https:\/\/saxmachineparis.com\/wp-content\/uploads\/2023\/04\/Capture-de\u0301cran-2023-04-06-a\u0300-15.37.30.png\" alt=\"\" width=\"232\" height=\"363\" \/><img loading=\"lazy\" decoding=\"async\" class=\"alignnone size-full wp-image-35405\" src=\"https:\/\/saxmachineparis.com\/wp-content\/uploads\/2023\/04\/Capture-de\u0301cran-2023-04-06-a\u0300-15.37.36.png\" alt=\"\" width=\"245\" height=\"378\" \/><\/p>\n<p><img loading=\"lazy\" decoding=\"async\" class=\"alignnone wp-image-32021\" src=\"https:\/\/saxmachineparis.com\/wp-content\/uploads\/2021\/03\/Gravure-429x600.jpeg\" alt=\"\" width=\"376\" height=\"526\" srcset=\"https:\/\/saxmachineparis.com\/wp-content\/uploads\/2021\/03\/Gravure-429x600.jpeg 429w, https:\/\/saxmachineparis.com\/wp-content\/uploads\/2021\/03\/Gravure.jpeg 500w\" sizes=\"auto, (max-width: 376px) 100vw, 376px\" \/>.\u00a0 \u00a0 \u00a0 \u00a0 <img loading=\"lazy\" decoding=\"async\" class=\"alignnone wp-image-32018\" src=\"https:\/\/saxmachineparis.com\/wp-content\/uploads\/2021\/03\/Accessoires.jpeg\" alt=\"\" width=\"483\" height=\"483\" srcset=\"https:\/\/saxmachineparis.com\/wp-content\/uploads\/2021\/03\/Accessoires.jpeg 570w, https:\/\/saxmachineparis.com\/wp-content\/uploads\/2021\/03\/Accessoires-250x250.jpeg 250w, https:\/\/saxmachineparis.com\/wp-content\/uploads\/2021\/03\/Accessoires-300x300.jpeg 300w, https:\/\/saxmachineparis.com\/wp-content\/uploads\/2021\/03\/Accessoires-100x100.jpeg 100w\" sizes=\"auto, (max-width: 483px) 100vw, 483px\" \/>.<\/p>\n<p>.<\/p>\n<p><iframe loading=\"lazy\" title=\"Discover Supreme, the new Henri SELMER Paris alto saxophone (full video)\" width=\"500\" height=\"281\" src=\"https:\/\/www.youtube.com\/embed\/jC_sXSof8z8?feature=oembed\" frameborder=\"0\" allow=\"accelerometer; autoplay; clipboard-write; encrypted-media; gyroscope; picture-in-picture; web-share\" referrerpolicy=\"strict-origin-when-cross-origin\" allowfullscreen><\/iframe><\/p>\n","protected":false},"excerpt":{"rendered":"<p class=\"conditionnement\">*Instrument livr\u00e9 avec \u00e9tui \u00abSupreme\u00bb et bec \u00abConcept\u00bb<\/p>\n<p class=\"conditionnement\">*Tous nos saxophones Selmer sont s\u00e9lectionn\u00e9s par un musicien professionnel<\/p>\n<p><strong>Finitions :<\/strong> <a href=\"https:\/\/saxmachineparis.com\/catalogue\/saxophone-tenor-selmer-supreme-verni-dark-dgg\/\">Verni Dark Gold Grav\u00e9 (DGG)<\/a> et sur demande : <a href=\"https:\/\/saxmachineparis.com\/catalogue\/saxophone-tenor-\u2026-supreme-noir-ng\/\">Noir Grav\u00e9 (NG)<\/a>, Argent\u00e9 Grav\u00e9 (AG), <a href=\"https:\/\/saxmachineparis.com\/catalogue\/saxophone-tenor-selmer-supreme-brosse-bgg\/\">Bross\u00e9 Grav\u00e9 (BGG)<\/a>, <a href=\"https:\/\/saxmachineparis.com\/catalogue\/saxophone-tenor-\u2026reme-passive-pao\/\">Passiv\u00e9 Grav\u00e9 (PAO)<\/a>, <a href=\"https:\/\/saxmachineparis.com\/catalogue\/saxophone-tenor-\u2026me-plaque-or-auo\/\">Plaqu\u00e9 Or (AUG)<\/a>, <a href=\"https:\/\/saxmachineparis.com\/catalogue\/saxophone-tenor-\u2026rgent-massif-amg\/\">Argent Massif (AMG)<\/a><br \/>\n<img decoding=\"async\" src=\"https:\/\/saxmachineparis.com\/wp-content\/uploads\/2018\/12\/logo-henri-selmer-paris.jpg\" alt=\"logo henri selmer paris sax-machine\" width=\"100\" \/><\/p>\n<ul>\n<li>Nouvelle gravure exclusive<\/li>\n<li>Tonalit\u00e9 : Sib<\/li>\n<li>Tessiture : du Sib grave au Fa# aigu<\/li>\n<li>Emboiture \u00e0 serrage concentrique 3 points<\/li>\n<li>Bague de serrage de l&#8217;emboiture r\u00e9glable<\/li>\n<li>Support pouce main droite r\u00e9glable en m\u00e9tal<\/li>\n<li>Tampons cuir, r\u00e9sonateur m\u00e9tal<\/li>\n<li>Clavier petit doigt main gauche avec bascule articul\u00e9e<\/li>\n<li>Bras de r\u00e9glage direct entre les cl\u00e9s Fa# et Fa main droite<\/li>\n<\/ul>\n<p>&nbsp;<\/p>\n<p>&nbsp;<\/p>\n<div class=\"contact-button-woocommerce\"><a href=\"tel:+33145260529\">Nous contacter :\u00a001 45 26 05 20<\/a><\/div>\n","protected":false},"featured_media":36159,"comment_status":"open","ping_status":"closed","template":"","meta":{"_acf_changed":false},"product_brand":[],"product_cat":[994],"product_tag":[1255,1224],"class_list":{"0":"post-36146","1":"product","2":"type-product","3":"status-publish","4":"has-post-thumbnail","6":"product_cat-tenor","7":"product_tag-modele-professionnel","8":"product_tag-saxophone","10":"first","11":"instock","12":"sale","13":"purchasable","14":"product-type-simple"},"acf":[],"_links":{"self":[{"href":"https:\/\/saxmachineparis.com\/es\/wp-json\/wp\/v2\/product\/36146","targetHints":{"allow":["GET"]}}],"collection":[{"href":"https:\/\/saxmachineparis.com\/es\/wp-json\/wp\/v2\/product"}],"about":[{"href":"https:\/\/saxmachineparis.com\/es\/wp-json\/wp\/v2\/types\/product"}],"replies":[{"embeddable":true,"href":"https:\/\/saxmachineparis.com\/es\/wp-json\/wp\/v2\/comments?post=36146"}],"wp:featuredmedia":[{"embeddable":true,"href":"https:\/\/saxmachineparis.com\/es\/wp-json\/wp\/v2\/media\/36159"}],"wp:attachment":[{"href":"https:\/\/saxmachineparis.com\/es\/wp-json\/wp\/v2\/media?parent=36146"}],"wp:term":[{"taxonomy":"product_brand","embeddable":true,"href":"https:\/\/saxmachineparis.com\/es\/wp-json\/wp\/v2\/product_brand?post=36146"},{"taxonomy":"product_cat","embeddable":true,"href":"https:\/\/saxmachineparis.com\/es\/wp-json\/wp\/v2\/product_cat?post=36146"},{"taxonomy":"product_tag","embeddable":true,"href":"https:\/\/saxmachineparis.com\/es\/wp-json\/wp\/v2\/product_tag?post=36146"}],"curies":[{"name":"wp","href":"https:\/\/api.w.org\/{rel}","templated":true}]}}