{"id":29352,"date":"2021-04-13T09:22:11","date_gmt":"2021-04-13T09:22:11","guid":{"rendered":"https:\/\/sites.lecyclopeduweb.fr\/saxmachineparis\/?post_type=product&#038;p=29352"},"modified":"2025-02-08T14:36:23","modified_gmt":"2025-02-08T14:36:23","slug":"etui-selmer-tenor-light","status":"publish","type":"product","link":"https:\/\/saxmachineparis.com\/es\/catalogue\/etui-selmer-tenor-light\/","title":{"rendered":"Etui Selmer T\u00e9nor Light"},"content":{"rendered":"<p id=\"tw-target-text\" class=\"tw-data-text tw-text-large XcVN5d tw-ta\" dir=\"ltr\" data-placeholder=\"Traduction\">Un \u00e9tui universel, l\u00e9ger, de forme classique, il permet de transporter l&#8217;instrument et de nombreux accessoires (une large poche ext\u00e9rieure zipp\u00e9e accueille \u00e9galement les partitions).<\/p>\n<p class=\"tw-data-text tw-text-large XcVN5d tw-ta\" dir=\"ltr\" data-placeholder=\"Traduction\">L&#8217;int\u00e9rieur est r\u00e9alis\u00e9 en mousse haute densit\u00e9, assurant \u00e0 la fois une excellente protection contre les chocs et une bonne stabilit\u00e9 thermique.<\/p>\n<p class=\"tw-data-text tw-text-large XcVN5d tw-ta\" dir=\"ltr\" data-placeholder=\"Traduction\">Double poign\u00e9e et sangles syst\u00e8me \u00absac \u00e0 dos\u00bb.<br \/>\nTissu imperm\u00e9abilis\u00e9 haute r\u00e9sistance.<\/p>\n","protected":false},"excerpt":{"rendered":"<p><img decoding=\"async\" src=\"https:\/\/saxmachineparis.com\/wp-content\/uploads\/2018\/12\/logo-henri-selmer-paris.jpg\" alt=\"logo henri selmer paris sax-machine\" width=\"100\" \/><\/p>\n<ul>\n<li>MADE IN FRANCE \ud83c\uddeb\ud83c\uddf7<\/li>\n<li>Etui sac \u00e0 dos<\/li>\n<li>Poche pour partitions<\/li>\n<li>Verrouillage par cadenas<\/li>\n<\/ul>\n","protected":false},"featured_media":29353,"comment_status":"open","ping_status":"closed","template":"","meta":{"_acf_changed":false},"product_brand":[],"product_cat":[2338],"product_tag":[2339,2342],"class_list":{"0":"post-29352","1":"product","2":"type-product","3":"status-publish","4":"has-post-thumbnail","6":"product_cat-etui","7":"product_tag-etui","8":"product_tag-etui-tenor","10":"first","11":"instock","12":"sale","13":"taxable","14":"shipping-taxable","15":"purchasable","16":"product-type-simple"},"acf":[],"_links":{"self":[{"href":"https:\/\/saxmachineparis.com\/es\/wp-json\/wp\/v2\/product\/29352","targetHints":{"allow":["GET"]}}],"collection":[{"href":"https:\/\/saxmachineparis.com\/es\/wp-json\/wp\/v2\/product"}],"about":[{"href":"https:\/\/saxmachineparis.com\/es\/wp-json\/wp\/v2\/types\/product"}],"replies":[{"embeddable":true,"href":"https:\/\/saxmachineparis.com\/es\/wp-json\/wp\/v2\/comments?post=29352"}],"wp:featuredmedia":[{"embeddable":true,"href":"https:\/\/saxmachineparis.com\/es\/wp-json\/wp\/v2\/media\/29353"}],"wp:attachment":[{"href":"https:\/\/saxmachineparis.com\/es\/wp-json\/wp\/v2\/media?parent=29352"}],"wp:term":[{"taxonomy":"product_brand","embeddable":true,"href":"https:\/\/saxmachineparis.com\/es\/wp-json\/wp\/v2\/product_brand?post=29352"},{"taxonomy":"product_cat","embeddable":true,"href":"https:\/\/saxmachineparis.com\/es\/wp-json\/wp\/v2\/product_cat?post=29352"},{"taxonomy":"product_tag","embeddable":true,"href":"https:\/\/saxmachineparis.com\/es\/wp-json\/wp\/v2\/product_tag?post=29352"}],"curies":[{"name":"wp","href":"https:\/\/api.w.org\/{rel}","templated":true}]}}