{"id":29268,"date":"2021-04-10T15:56:01","date_gmt":"2021-04-10T15:56:01","guid":{"rendered":"https:\/\/sites.lecyclopeduweb.fr\/saxmachineparis\/?post_type=product&#038;p=29268"},"modified":"2025-11-19T13:21:07","modified_gmt":"2025-11-19T13:21:07","slug":"etui-protec-soprano-courbe-pro-pac","status":"publish","type":"product","link":"https:\/\/saxmachineparis.com\/es\/catalogue\/etui-protec-soprano-courbe-pro-pac\/","title":{"rendered":"Etui Protec Soprano Courbe Pro Pac"},"content":{"rendered":"<p id=\"tw-target-text\" class=\"tw-data-text tw-text-large XcVN5d tw-ta\" dir=\"ltr\" data-placeholder=\"Traduction\"><span class=\"Y2IQFc\" lang=\"fr\">L&#8217;\u00e9tui PRO PAC pour saxophone soprano courbe de Protec s&#8217;adapte \u00e0 la plupart des instruments dont le bocal est amovible. <\/span><\/p>\n<p class=\"tw-data-text tw-text-large XcVN5d tw-ta\" dir=\"ltr\" data-placeholder=\"Traduction\"><span class=\"Y2IQFc\" lang=\"fr\">L&#8217;\u00e9tui PRO PAC est dot\u00e9 d&#8217;un cadre en bois profil\u00e9 l\u00e9ger et durable, recouvert d&#8217;un tissus en nylon r\u00e9sistant aux intemp\u00e9ries.<\/span><\/p>\n<p class=\"tw-data-text tw-text-large XcVN5d tw-ta\" dir=\"ltr\" data-placeholder=\"Traduction\"><span class=\"Y2IQFc\" lang=\"fr\">L&#8217;int\u00e9rieur comporte des blocs modulaires qui peuvent \u00eatre positionn\u00e9s pour un ajustement personnalis\u00e9 et un compartiment de rangement des accessoires.<\/span><\/p>\n","protected":false},"excerpt":{"rendered":"<p><img loading=\"lazy\" decoding=\"async\" class=\"alignnone wp-image-29247\" src=\"https:\/\/saxmachineparis.com\/wp-content\/uploads\/2021\/04\/protec-logo.png\" alt=\"protec-logo\" width=\"316\" height=\"82\" \/><\/p>\n<ul>\n<li>MADE IN USA <img loading=\"lazy\" decoding=\"async\" class=\"\" src=\"https:\/\/static.xx.fbcdn.net\/images\/emoji.php\/v9\/t2c\/2\/32\/1f1fa_1f1f8.png\" alt=\"\ud83c\uddfa\ud83c\uddf8\" width=\"16\" height=\"16\" \/><\/li>\n<li>Etui sac \u00e0 dos (bretelles amovibles)<\/li>\n<li>Ch\u00e2ssis en bois tr\u00e8s r\u00e9sistant<\/li>\n<li>Multiple poches de rangement<\/li>\n<li>Int\u00e9rieur velours bleu<\/li>\n<\/ul>\n","protected":false},"featured_media":29256,"comment_status":"open","ping_status":"closed","template":"","meta":{"_acf_changed":false},"product_brand":[],"product_cat":[2338],"product_tag":[1510,2339,1280],"class_list":{"0":"post-29268","1":"product","2":"type-product","3":"status-publish","4":"has-post-thumbnail","6":"product_cat-etui","7":"product_tag-bec-soprano","8":"product_tag-etui","9":"product_tag-soprano-droit","11":"first","12":"instock","13":"sale","14":"taxable","15":"shipping-taxable","16":"purchasable","17":"product-type-simple"},"acf":[],"_links":{"self":[{"href":"https:\/\/saxmachineparis.com\/es\/wp-json\/wp\/v2\/product\/29268","targetHints":{"allow":["GET"]}}],"collection":[{"href":"https:\/\/saxmachineparis.com\/es\/wp-json\/wp\/v2\/product"}],"about":[{"href":"https:\/\/saxmachineparis.com\/es\/wp-json\/wp\/v2\/types\/product"}],"replies":[{"embeddable":true,"href":"https:\/\/saxmachineparis.com\/es\/wp-json\/wp\/v2\/comments?post=29268"}],"wp:featuredmedia":[{"embeddable":true,"href":"https:\/\/saxmachineparis.com\/es\/wp-json\/wp\/v2\/media\/29256"}],"wp:attachment":[{"href":"https:\/\/saxmachineparis.com\/es\/wp-json\/wp\/v2\/media?parent=29268"}],"wp:term":[{"taxonomy":"product_brand","embeddable":true,"href":"https:\/\/saxmachineparis.com\/es\/wp-json\/wp\/v2\/product_brand?post=29268"},{"taxonomy":"product_cat","embeddable":true,"href":"https:\/\/saxmachineparis.com\/es\/wp-json\/wp\/v2\/product_cat?post=29268"},{"taxonomy":"product_tag","embeddable":true,"href":"https:\/\/saxmachineparis.com\/es\/wp-json\/wp\/v2\/product_tag?post=29268"}],"curies":[{"name":"wp","href":"https:\/\/api.w.org\/{rel}","templated":true}]}}