{"id":21194,"date":"2020-05-27T15:21:18","date_gmt":"2020-05-27T15:21:18","guid":{"rendered":"https:\/\/sites.lecyclopeduweb.fr\/saxmachineparis\/?post_type=product&#038;p=21194"},"modified":"2024-04-24T14:20:22","modified_gmt":"2024-04-24T14:20:22","slug":"etui-bam-soprano-trekking","status":"publish","type":"product","link":"https:\/\/saxmachineparis.com\/es\/catalogue\/etui-bam-soprano-trekking\/","title":{"rendered":"Etui BAM Soprano Trekking"},"content":{"rendered":"<p>De grands classiques avec de grandes capacit\u00e9s de rangement ! Un best seller depuis des ann\u00e9es !<\/p>\n<p>CARACT\u00c9RISTIQUES INT\u00c9RIEURES :<br \/>\nLe calage int\u00e9rieur en mousse de polyur\u00e9thane \u00e0 haute densit\u00e9 inject\u00e9e prot\u00e8ge l&#8217;instrument des chocs thermiques. On trouve un grand compartiment \u00e0 accessoires ainsi que des emplacements pour 2 bocaux (un droit et un courbe) et 1 bec.<\/p>\n<p>CARACT\u00c9RISTIQUES EXT\u00c9RIEURES :<br \/>\nPoign\u00e9e lat\u00e9rale<br \/>\nPoign\u00e9e m\u00e9tro<br \/>\nSangle avec \u00e9pauli\u00e8re ajustable et amovible<br \/>\nGrande poche ext\u00e9rieure extensible pour partitions<br \/>\nFermeture \u00e9clair<br \/>\nPochette accessoires lat\u00e9rale<br \/>\nTissu ext\u00e9rieur \u00abCordura\u00bb 1000 deniers r\u00e9sistant \u00e0 l&#8217;eau<\/p>\n","protected":false},"excerpt":{"rendered":"<p><img loading=\"lazy\" decoding=\"async\" src=\"https:\/\/saxmachineparis.com\/wp-content\/uploads\/2020\/05\/unnamed-1.jpg\" alt=\"\" width=\"215\" height=\"109\" class=\"alignnone size-full wp-image-20500\" \/><\/p>\n<p>&#8211; MADE IN FRANCE \ud83c\uddeb\ud83c\uddf7<br \/>\n&#8211; Moul\u00e9 sur un saxophone Selmer S\u00e9rie III<br \/>\n&#8211; Etui Sac \u00e0 dos<br \/>\n&#8211; Surhousse imperm\u00e9able<br \/>\n&#8211; POIDS : 2,9 kg<br \/>\n&#8211; DIMENSIONS INT\u00c9RIEURES : Longueur: 66 cm Pavillon: 9 cm<br \/>\n&#8211; DIMENSIONS EXT\u00c9RIEURES : 74x23x18 cm<br \/>\n&#8211; Existe en noir<\/p>\n<p>&nbsp;<\/p>\n<div class=\"contact-button-woocommerce\"><a href=\"tel:+33145260529\">Nous contacter :\u00a001 45 26 05 20<\/a><\/div>\n","protected":false},"featured_media":21195,"comment_status":"open","ping_status":"closed","template":"","meta":{"_acf_changed":false},"product_brand":[],"product_cat":[2338],"product_tag":[2341,2209],"class_list":{"0":"post-21194","1":"product","2":"type-product","3":"status-publish","4":"has-post-thumbnail","6":"product_cat-etui","7":"product_tag-etui-alto","8":"product_tag-saxophone-alto","10":"first","11":"instock","12":"sale","13":"taxable","14":"shipping-taxable","15":"purchasable","16":"product-type-simple"},"acf":[],"_links":{"self":[{"href":"https:\/\/saxmachineparis.com\/es\/wp-json\/wp\/v2\/product\/21194","targetHints":{"allow":["GET"]}}],"collection":[{"href":"https:\/\/saxmachineparis.com\/es\/wp-json\/wp\/v2\/product"}],"about":[{"href":"https:\/\/saxmachineparis.com\/es\/wp-json\/wp\/v2\/types\/product"}],"replies":[{"embeddable":true,"href":"https:\/\/saxmachineparis.com\/es\/wp-json\/wp\/v2\/comments?post=21194"}],"wp:featuredmedia":[{"embeddable":true,"href":"https:\/\/saxmachineparis.com\/es\/wp-json\/wp\/v2\/media\/21195"}],"wp:attachment":[{"href":"https:\/\/saxmachineparis.com\/es\/wp-json\/wp\/v2\/media?parent=21194"}],"wp:term":[{"taxonomy":"product_brand","embeddable":true,"href":"https:\/\/saxmachineparis.com\/es\/wp-json\/wp\/v2\/product_brand?post=21194"},{"taxonomy":"product_cat","embeddable":true,"href":"https:\/\/saxmachineparis.com\/es\/wp-json\/wp\/v2\/product_cat?post=21194"},{"taxonomy":"product_tag","embeddable":true,"href":"https:\/\/saxmachineparis.com\/es\/wp-json\/wp\/v2\/product_tag?post=21194"}],"curies":[{"name":"wp","href":"https:\/\/api.w.org\/{rel}","templated":true}]}}