{"id":20651,"date":"2020-05-15T15:45:19","date_gmt":"2020-05-15T15:45:19","guid":{"rendered":"https:\/\/sites.lecyclopeduweb.fr\/saxmachineparis\/?post_type=product&#038;p=20651"},"modified":"2024-04-24T14:30:48","modified_gmt":"2024-04-24T14:30:48","slug":"etui-bam-alto-hightech","status":"publish","type":"product","link":"https:\/\/saxmachineparis.com\/es\/catalogue\/etui-bam-alto-hightech\/","title":{"rendered":"Etui BAM Alto Hightech"},"content":{"rendered":"<p>La protection haut de gamme !<\/p>\n<p>Technique Injection Direct Bam: structure monobloc ultra r\u00e9sistante procurant confort et s\u00e9curit\u00e9 optimums \u00e0 l&#8217;instrument.<\/p>\n<p>CARACT\u00c9RISTIQUES INT\u00c9RIEURES :<br \/>\nLe calage int\u00e9rieur en mousse de polyur\u00e9thane \u00e0 haute densit\u00e9 inject\u00e9, prot\u00e8ge l&#8217;instrument des chocs thermiques. Le joint m\u00e2le\/femelle scelle l&#8217;\u00e9tui herm\u00e9tiquement. On peut fermer cet \u00e9tui \u00e0 l&#8217;aide des deux serrures \u00abSouftouch\u00bb \u00e0 cl\u00e9s.<br \/>\nOn trouve \u00e0 l&#8217;int\u00e9rieur une pochette amovible pour accessoires. Vendu avec une pochette \u00abbocal\u00bb en soie tha\u00eflandaise.<\/p>\n<p>CARACT\u00c9RISTIQUES EXT\u00c9RIEURES :<br \/>\nCoques Hightech Bam: structure sandwich en mat\u00e9riaux de haute performance (ABS, Airex, PETG)<br \/>\nPoign\u00e9e lat\u00e9rale bicomposant<br \/>\nPoign\u00e9e m\u00e9tro<br \/>\nPoche partition ext\u00e9rieure dans le dos avec coussin int\u00e9gr\u00e9<br \/>\n2 sangles confortables antid\u00e9rapantes en n\u00e9opr\u00e8ne avec mousquetons s\u00e9curis\u00e9s<\/p>\n","protected":false},"excerpt":{"rendered":"<p><img loading=\"lazy\" decoding=\"async\" src=\"https:\/\/saxmachineparis.com\/wp-content\/uploads\/2020\/05\/unnamed-1.jpg\" alt=\"\" width=\"215\" height=\"109\" class=\"alignnone size-full wp-image-20500\" \/><\/p>\n<p>&#8211; MADE IN FRANCE \ud83c\uddeb\ud83c\uddf7<br \/>\n&#8211; Moul\u00e9 sur un saxophone Selmer Mark VI<br \/>\n&#8211; Etui Sac \u00e0 dos<br \/>\n&#8211; POIDS : 3,2 kg<br \/>\n&#8211; DIMENSIONS INT\u00c9RIEURES : Longueur: 58 cm Pavillon: 12 cm<br \/>\n&#8211; DIMENSIONS EXT\u00c9RIEURES : 65x28x17 cm<br \/>\n&#8211; Existe en \u00abTweed\u00bb et \u00abNoir Carbone\u00bb<\/p>\n<p>&nbsp;<\/p>\n<div class=\"contact-button-woocommerce\"><a href=\"tel:+33145260529\">Nous contacter :\u00a001 45 26 05 20<\/a><\/div>\n","protected":false},"featured_media":20662,"comment_status":"open","ping_status":"closed","template":"","meta":{"_acf_changed":false},"product_brand":[],"product_cat":[2338],"product_tag":[2341,2209],"class_list":{"0":"post-20651","1":"product","2":"type-product","3":"status-publish","4":"has-post-thumbnail","6":"product_cat-etui","7":"product_tag-etui-alto","8":"product_tag-saxophone-alto","10":"first","11":"instock","12":"sale","13":"taxable","14":"shipping-taxable","15":"purchasable","16":"product-type-simple"},"acf":[],"_links":{"self":[{"href":"https:\/\/saxmachineparis.com\/es\/wp-json\/wp\/v2\/product\/20651","targetHints":{"allow":["GET"]}}],"collection":[{"href":"https:\/\/saxmachineparis.com\/es\/wp-json\/wp\/v2\/product"}],"about":[{"href":"https:\/\/saxmachineparis.com\/es\/wp-json\/wp\/v2\/types\/product"}],"replies":[{"embeddable":true,"href":"https:\/\/saxmachineparis.com\/es\/wp-json\/wp\/v2\/comments?post=20651"}],"wp:featuredmedia":[{"embeddable":true,"href":"https:\/\/saxmachineparis.com\/es\/wp-json\/wp\/v2\/media\/20662"}],"wp:attachment":[{"href":"https:\/\/saxmachineparis.com\/es\/wp-json\/wp\/v2\/media?parent=20651"}],"wp:term":[{"taxonomy":"product_brand","embeddable":true,"href":"https:\/\/saxmachineparis.com\/es\/wp-json\/wp\/v2\/product_brand?post=20651"},{"taxonomy":"product_cat","embeddable":true,"href":"https:\/\/saxmachineparis.com\/es\/wp-json\/wp\/v2\/product_cat?post=20651"},{"taxonomy":"product_tag","embeddable":true,"href":"https:\/\/saxmachineparis.com\/es\/wp-json\/wp\/v2\/product_tag?post=20651"}],"curies":[{"name":"wp","href":"https:\/\/api.w.org\/{rel}","templated":true}]}}