{"id":20562,"date":"2020-05-15T10:15:01","date_gmt":"2020-05-15T10:15:01","guid":{"rendered":"https:\/\/sites.lecyclopeduweb.fr\/saxmachineparis\/?post_type=product&#038;p=20562"},"modified":"2024-04-24T14:34:18","modified_gmt":"2024-04-24T14:34:18","slug":"etui-bam-alto-cabine","status":"publish","type":"product","link":"https:\/\/saxmachineparis.com\/es\/catalogue\/etui-bam-alto-cabine\/","title":{"rendered":"Etui BAM Alto Cabine"},"content":{"rendered":"<p>C&#8217;est l&#8217;\u00e9tui id\u00e9al des musiciens qui voyagent !<\/p>\n<p>CARACT\u00c9RISTIQUES INT\u00c9RIEURES :<br \/>\nLa mousse de polyur\u00e9thane \u00e0 haute densit\u00e9 prot\u00e8ge l&#8217;instrument des chocs thermiques. Le joint m\u00e2le\/femelle scelle l&#8217;\u00e9tui herm\u00e9tiquement. Vendu avec un pochette pour bocal et une chaussette pour un bec.<\/p>\n<p>CARACT\u00c9RISTIQUES EXT\u00c9RIEURES :<br \/>\nCoque renforc\u00e9e en ABS grain\u00e9 antichoc<br \/>\nLogo graffiti<br \/>\n2 sangles confortables antid\u00e9rapantes en n\u00e9opr\u00e8ne avec mousquetons s\u00e9curis\u00e9s<br \/>\n3 serrures Softouch \u00e0 cl\u00e9s<br \/>\nPoign\u00e9e lat\u00e9rale<\/p>\n","protected":false},"excerpt":{"rendered":"<p><img loading=\"lazy\" decoding=\"async\" src=\"https:\/\/saxmachineparis.com\/wp-content\/uploads\/2020\/05\/unnamed-1.jpg\" alt=\"\" width=\"215\" height=\"109\" class=\"alignnone size-full wp-image-20500\" \/><\/p>\n<p>&#8211; MADE IN FRANCE \ud83c\uddeb\ud83c\uddf7<br \/>\n&#8211; Moul\u00e9 sur un saxophone Selmer mark VI<br \/>\n&#8211; Design le plus compact sur le march\u00e9<br \/>\n&#8211; Etui Sac \u00e0 dos<br \/>\n&#8211; POIDS : 2,4 kg<br \/>\n&#8211; DIMENSIONS INT\u00c9RIEURES : Longueur: 58 cm Pavillon: 12 cm<br \/>\n&#8211; DIMENSIONS EXT\u00c9RIEURES : 63x25x15 cm<br \/>\n&#8211; Existe en noir, rouge et gris m\u00e9tallis\u00e9<\/p>\n<p>&nbsp;<\/p>\n<div class=\"contact-button-woocommerce\"><a href=\"tel:+33145260529\">Nous contacter :\u00a001 45 26 05 20<\/a><\/div>\n","protected":false},"featured_media":20567,"comment_status":"open","ping_status":"closed","template":"","meta":{"_acf_changed":false},"product_brand":[],"product_cat":[2338],"product_tag":[2341,2209],"class_list":{"0":"post-20562","1":"product","2":"type-product","3":"status-publish","4":"has-post-thumbnail","6":"product_cat-etui","7":"product_tag-etui-alto","8":"product_tag-saxophone-alto","10":"first","11":"instock","12":"sale","13":"taxable","14":"shipping-taxable","15":"purchasable","16":"product-type-simple"},"acf":[],"_links":{"self":[{"href":"https:\/\/saxmachineparis.com\/es\/wp-json\/wp\/v2\/product\/20562","targetHints":{"allow":["GET"]}}],"collection":[{"href":"https:\/\/saxmachineparis.com\/es\/wp-json\/wp\/v2\/product"}],"about":[{"href":"https:\/\/saxmachineparis.com\/es\/wp-json\/wp\/v2\/types\/product"}],"replies":[{"embeddable":true,"href":"https:\/\/saxmachineparis.com\/es\/wp-json\/wp\/v2\/comments?post=20562"}],"wp:featuredmedia":[{"embeddable":true,"href":"https:\/\/saxmachineparis.com\/es\/wp-json\/wp\/v2\/media\/20567"}],"wp:attachment":[{"href":"https:\/\/saxmachineparis.com\/es\/wp-json\/wp\/v2\/media?parent=20562"}],"wp:term":[{"taxonomy":"product_brand","embeddable":true,"href":"https:\/\/saxmachineparis.com\/es\/wp-json\/wp\/v2\/product_brand?post=20562"},{"taxonomy":"product_cat","embeddable":true,"href":"https:\/\/saxmachineparis.com\/es\/wp-json\/wp\/v2\/product_cat?post=20562"},{"taxonomy":"product_tag","embeddable":true,"href":"https:\/\/saxmachineparis.com\/es\/wp-json\/wp\/v2\/product_tag?post=20562"}],"curies":[{"name":"wp","href":"https:\/\/api.w.org\/{rel}","templated":true}]}}