{"id":15557,"date":"2019-12-20T16:42:36","date_gmt":"2019-12-20T16:42:36","guid":{"rendered":"https:\/\/sites.lecyclopeduweb.fr\/saxmachineparis\/?post_type=product&#038;p=15557"},"modified":"2023-09-27T15:27:19","modified_gmt":"2023-09-27T15:27:19","slug":"ligature-rovner-legacy","status":"publish","type":"product","link":"https:\/\/saxmachineparis.com\/es\/catalogue\/ligature-rovner-legacy\/","title":{"rendered":"Ligature Rovner Legacy"},"content":{"rendered":"<p>Les ligatures LEGACY apportent beaucoup de puissance ainsi qu&#8217;une tr\u00e8s grande projection. Elles se distinguent par leur excellente articulation et leur maniabilit\u00e9 remarquables.<\/p>\n<p>&#8211; peut \u00eatre utilis\u00e9e aussi bien en pr\u00e9sence d&#8217;instruments amplifi\u00e9s que dans un environnement purement acoustique.<\/p>\n<p>&#8211; conserve les m\u00eames qualit\u00e9s tonales et la m\u00eame intonation, que l&#8217;on joue pianissimo ou fortissimo<\/p>\n<p>&#8211; convient parfaitement aux adeptes du jazz, du rock et du blues ainsi qu&#8217;\u00e0 tous les saxophonistes jouant dans des registres n\u00e9cessitant dynamisme et \u00e9nergie tels que le jazz\/rock, le funk ou la musique de rue<\/p>\n","protected":false},"excerpt":{"rendered":"<p>* Ligature livr\u00e9 avec un couvre bec plastique<\/p>\n<p><img loading=\"lazy\" decoding=\"async\" class=\"alignnone size-full wp-image-15558\" src=\"https:\/\/saxmachineparis.com\/wp-content\/uploads\/2019\/12\/logo-rovner.png\" alt=\"\" width=\"240\" height=\"90\" \/><\/p>\n<p>Existe en diff\u00e9rents diam\u00e8tres pour s&#8217;adapter au bec m\u00e9tal ou \u00e9bonite<\/p>\n","protected":false},"featured_media":15607,"comment_status":"open","ping_status":"closed","template":"","meta":{"_acf_changed":false},"product_brand":[],"product_cat":[1947,1946,1948],"product_tag":[2197,2200,2199],"class_list":{"0":"post-15557","1":"product","2":"type-product","3":"status-publish","4":"has-post-thumbnail","6":"product_cat-ligature-alto","7":"product_cat-ligature-baryton","8":"product_cat-ligature-tenor","9":"product_tag-ligature-alto","10":"product_tag-ligature-baryton","11":"product_tag-ligature-tenor","12":"pa_ligature-pour-bec-bec-ebonite","13":"pa_ligature-pour-bec-bec-metal","14":"pa_ligature-saxophone-alto","15":"pa_ligature-saxophone-baryton","16":"pa_ligature-saxophone-tenor","17":"pa_marque-rovner","19":"first","20":"instock","21":"taxable","22":"shipping-taxable","23":"purchasable","24":"product-type-simple"},"acf":[],"_links":{"self":[{"href":"https:\/\/saxmachineparis.com\/es\/wp-json\/wp\/v2\/product\/15557","targetHints":{"allow":["GET"]}}],"collection":[{"href":"https:\/\/saxmachineparis.com\/es\/wp-json\/wp\/v2\/product"}],"about":[{"href":"https:\/\/saxmachineparis.com\/es\/wp-json\/wp\/v2\/types\/product"}],"replies":[{"embeddable":true,"href":"https:\/\/saxmachineparis.com\/es\/wp-json\/wp\/v2\/comments?post=15557"}],"wp:featuredmedia":[{"embeddable":true,"href":"https:\/\/saxmachineparis.com\/es\/wp-json\/wp\/v2\/media\/15607"}],"wp:attachment":[{"href":"https:\/\/saxmachineparis.com\/es\/wp-json\/wp\/v2\/media?parent=15557"}],"wp:term":[{"taxonomy":"product_brand","embeddable":true,"href":"https:\/\/saxmachineparis.com\/es\/wp-json\/wp\/v2\/product_brand?post=15557"},{"taxonomy":"product_cat","embeddable":true,"href":"https:\/\/saxmachineparis.com\/es\/wp-json\/wp\/v2\/product_cat?post=15557"},{"taxonomy":"product_tag","embeddable":true,"href":"https:\/\/saxmachineparis.com\/es\/wp-json\/wp\/v2\/product_tag?post=15557"}],"curies":[{"name":"wp","href":"https:\/\/api.w.org\/{rel}","templated":true}]}}