{"id":15510,"date":"2019-12-19T14:16:55","date_gmt":"2019-12-19T14:16:55","guid":{"rendered":"https:\/\/sites.lecyclopeduweb.fr\/saxmachineparis\/?post_type=product&#038;p=15510"},"modified":"2023-02-03T14:48:07","modified_gmt":"2023-02-03T14:48:07","slug":"ligature-abelet-tenor-noyer-bec-metal","status":"publish","type":"product","link":"https:\/\/saxmachineparis.com\/es\/catalogue\/ligature-abelet-tenor-noyer-bec-metal\/","title":{"rendered":"Ligature Abelet tenor noyer bec m\u00e9tal"},"content":{"rendered":"<h3 dir=\"ltr\" data-placeholder=\"Traduction\">Caract\u00e9ristiques :<\/h3>\n<p>La ligature XN poss\u00e8de un syst\u00e8me de rotation qui assure le maintien de l&#8217;anche par une pression perpendiculaire \u00e0 la table du bec. Ceci assure une grande homog\u00e9n\u00e9it\u00e9 de son sur toute la tessiture de l&#8217;instrument.<\/p>\n<p>La ceinture en bois de noyer donne un son chaud et doux que l&#8217;on peut encore ajuster avec les plaquettes interchangeables. La plaquette en V permet un son centr\u00e9 avec un excellent contr\u00f4le. La plaquette \u00e0 4 points de contact apporte un son doux et tr\u00e8s riche avec une grande souplesse. Les points de contact sont plats et ne creusent pas l&#8217;anche. La plaquette \u00e0 2 lignes donne un son brillant et puissant.<\/p>\n<p>La couleur du noyer varie du blond au brun fonc\u00e9. Le bois est couvert par un traitement en trois couches pour une grande durabilit\u00e9.<\/p>\n<p>Adapt\u00e9 aux becs m\u00e9tal Otto Link Super Tone Master<\/p>\n<p>NB : le bois est un mat\u00e9riau naturel dont la teinte et le veinage peuvent varier, rendant chaque pi\u00e8ce unique.<\/p>\n","protected":false},"excerpt":{"rendered":"<p class=\"conditionnement\">* Ligature vendue nue<\/p>\n<ul>\n<li>Finition : bois de noyer<\/li>\n<li>Trois plaquettes de fixation de l&#8217;anche<\/li>\n<li>Adapt\u00e9 aux becs m\u00e9tal<\/li>\n<\/ul>\n<p><img loading=\"lazy\" decoding=\"async\" class=\"alignnone wp-image-15486\" src=\"https:\/\/saxmachineparis.com\/wp-content\/uploads\/2019\/12\/logo-abelet.jpg\" alt=\"\" width=\"227\" height=\"173\" \/><\/p>\n","protected":false},"featured_media":15511,"comment_status":"open","ping_status":"closed","template":"","meta":{"_acf_changed":false},"product_brand":[],"product_cat":[1948],"product_tag":[2197],"class_list":{"0":"post-15510","1":"product","2":"type-product","3":"status-publish","4":"has-post-thumbnail","6":"product_cat-ligature-tenor","7":"product_tag-ligature-alto","8":"pa_ligature-pour-bec-bec-metal","9":"pa_ligature-saxophone-tenor","10":"pa_marque-abelet","12":"first","13":"instock","14":"sale","15":"taxable","16":"shipping-taxable","17":"purchasable","18":"product-type-simple"},"acf":[],"_links":{"self":[{"href":"https:\/\/saxmachineparis.com\/es\/wp-json\/wp\/v2\/product\/15510","targetHints":{"allow":["GET"]}}],"collection":[{"href":"https:\/\/saxmachineparis.com\/es\/wp-json\/wp\/v2\/product"}],"about":[{"href":"https:\/\/saxmachineparis.com\/es\/wp-json\/wp\/v2\/types\/product"}],"replies":[{"embeddable":true,"href":"https:\/\/saxmachineparis.com\/es\/wp-json\/wp\/v2\/comments?post=15510"}],"wp:featuredmedia":[{"embeddable":true,"href":"https:\/\/saxmachineparis.com\/es\/wp-json\/wp\/v2\/media\/15511"}],"wp:attachment":[{"href":"https:\/\/saxmachineparis.com\/es\/wp-json\/wp\/v2\/media?parent=15510"}],"wp:term":[{"taxonomy":"product_brand","embeddable":true,"href":"https:\/\/saxmachineparis.com\/es\/wp-json\/wp\/v2\/product_brand?post=15510"},{"taxonomy":"product_cat","embeddable":true,"href":"https:\/\/saxmachineparis.com\/es\/wp-json\/wp\/v2\/product_cat?post=15510"},{"taxonomy":"product_tag","embeddable":true,"href":"https:\/\/saxmachineparis.com\/es\/wp-json\/wp\/v2\/product_tag?post=15510"}],"curies":[{"name":"wp","href":"https:\/\/api.w.org\/{rel}","templated":true}]}}