{"id":14752,"date":"2019-12-05T15:41:12","date_gmt":"2019-12-05T15:41:12","guid":{"rendered":"https:\/\/sites.lecyclopeduweb.fr\/saxmachineparis\/?post_type=product&#038;p=14752"},"modified":"2023-02-16T14:56:51","modified_gmt":"2023-02-16T14:56:51","slug":"bec-yanagisawa-ebonite-baryton","status":"publish","type":"product","link":"https:\/\/saxmachineparis.com\/es\/catalogue\/bec-yanagisawa-ebonite-baryton\/","title":{"rendered":"Bec Yanagisawa ebonite baryton"},"content":{"rendered":"<p>Les becs ebonite sont livr\u00e9s avec tous les saxophones Yanagisawa. Ces becs en \u00e9bonite, \u00e0 chambre ronde, sont tr\u00e8s faciles \u00e0 contr\u00f4ler. Il s&#8217;agit d&#8217;une premi\u00e8re \u00e9tape id\u00e9ale dans les becs de qualit\u00e9 professionnelle ou comme une mise \u00e0 niveau d&#8217;un mod\u00e8le \u00e9tudiant.<\/p>\n","protected":false},"excerpt":{"rendered":"<p>*Prix indiqu\u00e9 pour bec nu<\/p>\n<p><img decoding=\"async\" class=\"alignnone\" src=\"https:\/\/saxmachineparis.com\/wp-content\/uploads\/2018\/12\/logo-yanagisawa.jpg\" alt=\"Logo Yanagisawa\" width=\"100\" \/><\/p>\n<p>\u2022 Ebonite<br \/>\n\u2022 Chambre ronde<\/p>\n<p><strong>Ouvertures disponibles :<\/strong><\/p>\n<div class=\"pa1 txtjustify mbl\">5 = 2.20 mm<br \/>\n6 = 2.35 mm<br \/>\n7 = 2.50 mm<br \/>\n8 = 2.67 mm<br \/>\n9 = 2.80 mm<\/div>\n","protected":false},"featured_media":14753,"comment_status":"open","ping_status":"closed","template":"","meta":{"_acf_changed":false},"product_brand":[],"product_cat":[2432,1313],"product_tag":[1511,1375,1372,1374],"class_list":{"0":"post-14752","1":"product","2":"type-product","3":"status-publish","4":"has-post-thumbnail","6":"product_cat-bec-baryton","7":"product_cat-becs","8":"product_tag-bec-baryton","9":"product_tag-bec-classique","10":"product_tag-bec-ebonite","11":"product_tag-bec-jazz","12":"pa_becs-saxophone-baryton","13":"pa_marque-yanagisawa","14":"pa_materiau-bec-ebonite","15":"pa_style-bec-bec-classique","16":"pa_style-bec-bec-jazz","18":"first","19":"instock","20":"sale","21":"taxable","22":"shipping-taxable","23":"purchasable","24":"product-type-simple"},"acf":[],"_links":{"self":[{"href":"https:\/\/saxmachineparis.com\/es\/wp-json\/wp\/v2\/product\/14752","targetHints":{"allow":["GET"]}}],"collection":[{"href":"https:\/\/saxmachineparis.com\/es\/wp-json\/wp\/v2\/product"}],"about":[{"href":"https:\/\/saxmachineparis.com\/es\/wp-json\/wp\/v2\/types\/product"}],"replies":[{"embeddable":true,"href":"https:\/\/saxmachineparis.com\/es\/wp-json\/wp\/v2\/comments?post=14752"}],"wp:featuredmedia":[{"embeddable":true,"href":"https:\/\/saxmachineparis.com\/es\/wp-json\/wp\/v2\/media\/14753"}],"wp:attachment":[{"href":"https:\/\/saxmachineparis.com\/es\/wp-json\/wp\/v2\/media?parent=14752"}],"wp:term":[{"taxonomy":"product_brand","embeddable":true,"href":"https:\/\/saxmachineparis.com\/es\/wp-json\/wp\/v2\/product_brand?post=14752"},{"taxonomy":"product_cat","embeddable":true,"href":"https:\/\/saxmachineparis.com\/es\/wp-json\/wp\/v2\/product_cat?post=14752"},{"taxonomy":"product_tag","embeddable":true,"href":"https:\/\/saxmachineparis.com\/es\/wp-json\/wp\/v2\/product_tag?post=14752"}],"curies":[{"name":"wp","href":"https:\/\/api.w.org\/{rel}","templated":true}]}}