{"id":14550,"date":"2019-11-28T15:18:01","date_gmt":"2019-11-28T15:18:01","guid":{"rendered":"https:\/\/sites.lecyclopeduweb.fr\/saxmachineparis\/?post_type=product&#038;p=14550"},"modified":"2025-07-03T09:18:58","modified_gmt":"2025-07-03T09:18:58","slug":"saxophone-baryton-yanagisawa-b-wo20","status":"publish","type":"product","link":"https:\/\/saxmachineparis.com\/es\/catalogue\/saxophone-baryton-yanagisawa-b-wo20\/","title":{"rendered":"Saxophone Baryton Yanagisawa B-WO20"},"content":{"rendered":"<p>La gamme Elite repr\u00e9sente le meilleur de ce que la manufacture de saxophone peut r\u00e9aliser. Le travail de pr\u00e9cision op\u00e9r\u00e9 par les luthiers japonais de l&#8217;atelier Yanagisawa est reconnu par tous. La finition est remarquable, tant dans le r\u00e9glage des jeux de m\u00e9canique que dans l&#8217;esth\u00e9tique du montage.<\/p>\n<p>L&#8217;ergonomie est particuli\u00e8rement travaill\u00e9e, ainsi les doigts \u00abtombent\u00bb naturellement sur les cl\u00e9s. L&#8217;instrument \u00abretient\u00bb l\u00e9g\u00e8rement, permettant alors au musicien de s&#8217;exprimer pleinement dans toutes les nuances et tous les styles.<br \/>\nChaque partie vibrante de l&#8217;instrument (bocal-tube-culasse-pavillon) se conjugue en laiton, bronze ou argent massif.<br \/>\nLe bronze ajoute de la rondeur au timbre.<\/p>\n<p>La s\u00e9rie WO b\u00e9n\u00e9ficie de nombreuses \u00e9volutions :<br \/>\n&#8211; laiton plus dense<br \/>\n&#8211; anneau de cordon repositionn\u00e9 pour plus de confort<br \/>\n&#8211; longue garde main droite<br \/>\n&#8211; chemin\u00e9es redimensionn\u00e9es<br \/>\n&#8211; cl\u00e9s petits doigts plus agiles<br \/>\n&#8211; entre-deux culasse haute \u00abnew design\u00bb<br \/>\n&#8211; nouvelle cl\u00e9 La grave<br \/>\n&#8211; bocal avec plaque harmonique<\/p>\n","protected":false},"excerpt":{"rendered":"<p>Autre finition : <a href=\"https:\/\/saxmachineparis.com\/catalogue\/saxophone-baryton-yanagisawa-b-wo10\/\">B-WO10 (Gold)<\/a><br \/>\n<img decoding=\"async\" class=\"alignnone\" src=\"https:\/\/saxmachineparis.com\/wp-content\/uploads\/2018\/12\/logo-yanagisawa.jpg\" alt=\"Logo Yanagisawa\" width=\"100\" \/><\/p>\n<ul>\n<li>Tonalit\u00e9 : Mib<\/li>\n<li>Registre : La grave \u00e0 Fa # aigu<\/li>\n<li>Mati\u00e8re : bronze verni<\/li>\n<li>tampons Pro cuir brun, r\u00e9sonateurs m\u00e9tal<\/li>\n<\/ul>\n<p>Livr\u00e9 avec un bec et \u00e9tui rigide sac \u00e0 dos avec roulettes<\/p>\n<div class=\"contact-button-woocommerce\"><a href=\"tel:+33145260529\">Nous contacter :\u00a001 45 26 05 20<\/a><\/div>\n","protected":false},"featured_media":14521,"comment_status":"open","ping_status":"closed","template":"","meta":{"_acf_changed":false},"product_brand":[],"product_cat":[1197],"product_tag":[1255,1224],"class_list":{"0":"post-14550","1":"product","2":"type-product","3":"status-publish","4":"has-post-thumbnail","6":"product_cat-baryton","7":"product_tag-modele-professionnel","8":"product_tag-saxophone","10":"first","11":"instock","12":"sale","13":"purchasable","14":"product-type-simple"},"acf":[],"_links":{"self":[{"href":"https:\/\/saxmachineparis.com\/es\/wp-json\/wp\/v2\/product\/14550","targetHints":{"allow":["GET"]}}],"collection":[{"href":"https:\/\/saxmachineparis.com\/es\/wp-json\/wp\/v2\/product"}],"about":[{"href":"https:\/\/saxmachineparis.com\/es\/wp-json\/wp\/v2\/types\/product"}],"replies":[{"embeddable":true,"href":"https:\/\/saxmachineparis.com\/es\/wp-json\/wp\/v2\/comments?post=14550"}],"wp:featuredmedia":[{"embeddable":true,"href":"https:\/\/saxmachineparis.com\/es\/wp-json\/wp\/v2\/media\/14521"}],"wp:attachment":[{"href":"https:\/\/saxmachineparis.com\/es\/wp-json\/wp\/v2\/media?parent=14550"}],"wp:term":[{"taxonomy":"product_brand","embeddable":true,"href":"https:\/\/saxmachineparis.com\/es\/wp-json\/wp\/v2\/product_brand?post=14550"},{"taxonomy":"product_cat","embeddable":true,"href":"https:\/\/saxmachineparis.com\/es\/wp-json\/wp\/v2\/product_cat?post=14550"},{"taxonomy":"product_tag","embeddable":true,"href":"https:\/\/saxmachineparis.com\/es\/wp-json\/wp\/v2\/product_tag?post=14550"}],"curies":[{"name":"wp","href":"https:\/\/api.w.org\/{rel}","templated":true}]}}