{"id":8296,"date":"2018-12-16T11:05:05","date_gmt":"2018-12-16T11:05:05","guid":{"rendered":"https:\/\/sites.lecyclopeduweb.fr\/saxmachineparis\/?post_type=product&#038;p=8296"},"modified":"2026-01-17T13:37:22","modified_gmt":"2026-01-17T13:37:22","slug":"saxophone-alto-selmer-serie-iii-ag","status":"publish","type":"product","link":"https:\/\/saxmachineparis.com\/en\/catalogue\/saxophone-alto-selmer-serie-iii-ag\/","title":{"rendered":"Saxophone Alto Selmer S\u00e9rie III Jubil\u00e9e argent\u00e9 (AG)"},"content":{"rendered":"<p>Dernier-n\u00e9 de la gamme, le saxophone Alto &#8221; SERIE III &#8221; s&#8217;inscrit dans la tradition du &#8220;Son Selmer&#8221;.<\/p>\n<p>Libre et centr\u00e9, il r\u00e9pond aux moindres inflexions du souffle ou de l&#8217;embouchure : le musicien peut exprimer sa personnalit\u00e9 sans entrave. La justesse d&#8217;ensemble est parfaitement \u00e9quilibr\u00e9e (rapports d&#8217;octaves, &#8230;) et l&#8217;aigu remarquablement \u00e9tag\u00e9, gr\u00e2ce au m\u00e9canisme de double Do#.<\/p>\n<p>Ses qualit\u00e9s acoustiques et m\u00e9caniques, son ergonomie en font un instrument de tout premier plan, adapt\u00e9 aux r\u00e9pertoires et aux utilisations de notre \u00e9poque.<\/p>\n<p>Ils jouent l&#8217;alto S\u00e9rie III :<\/p>\n<ul>\n<li>Claude Delangle<\/li>\n<li>Vincent David<\/li>\n<li>Quatuor Habanera<\/li>\n<li>Antonio Felipe Belijar<\/li>\n<li>Julien Petit<\/li>\n<\/ul>\n","protected":false},"excerpt":{"rendered":"<p class=\"conditionnement\">*Instrument livr\u00e9 avec \u00e9tui &#8220;Light&#8221; et bec &#8220;S80&#8221;<\/p>\n<p class=\"conditionnement\">*Tous nos saxophones Selmer sont s\u00e9lectionn\u00e9s par un musicien professionnel<\/p>\n<p><strong>Finitions :<\/strong> <a href=\"https:\/\/saxmachineparis.com\/catalogue\/saxophone-alto-selmer-serie-iii-jubilee\/\">Verni Gold Grav\u00e9 (GG)<\/a>, <a href=\"https:\/\/saxmachineparis.com\/catalogue\/saxophone-alto-selmer-serie-iii-jubilee-brosse\/\">Bross\u00e9 Grav\u00e9 (BGG)<\/a>, <a href=\"https:\/\/saxmachineparis.com\/catalogue\/saxophone-alto-selmer-serie-iii-ng\/\">Noir Grav\u00e9 (NG)<\/a>, Argent\u00e9 Grav\u00e9 (AG), <a href=\"https:\/\/saxmachineparis.com\/catalogue\/saxophone-alto-selmer-serie-iii-jubilee-plaque-or-aug\/\">Plaqu\u00e9 Or (AUG)<\/a>, <a href=\"https:\/\/saxmachineparis.com\/catalogue\/saxophone-alto-selmer-serie-iii-jubilee-argent-massif-amg\/\">Argent Massif (AMG)<\/a><\/p>\n<p><img decoding=\"async\" src=\"https:\/\/saxmachineparis.com\/wp-content\/uploads\/2018\/12\/logo-henri-selmer-paris.jpg\" alt=\"logo henri selmer paris sax-machine\" width=\"100\" \/><\/p>\n<ul>\n<li>Grav\u00e9<\/li>\n<li>Tonalit\u00e9 : Mib<\/li>\n<li>M\u00e9canisme automatique de double Do#<\/li>\n<li>Support pouce main droite r\u00e9glable en laiton massif<\/li>\n<li>Tampons cuir, r\u00e9sonateur m\u00e9tal (sans rivet)<\/li>\n<li>Cl\u00e9 de Fa# aigu<\/li>\n<li>Ressorts aiguille en acier inox<\/li>\n<li>Peut-\u00eatre vendu avec ou sans \u00e9tui et bec<\/li>\n<\/ul>\n<p>&nbsp;<\/p>\n<p>&nbsp;<\/p>\n<div class=\"contact-button-woocommerce\"><a href=\"tel:+33145260529\">Nous contacter :\u00a001 45 26 05 20<\/a><\/div>\n","protected":false},"featured_media":8303,"comment_status":"open","ping_status":"closed","template":"","meta":{"_acf_changed":false},"product_brand":[],"product_cat":[974],"product_tag":[1255,1224],"class_list":{"0":"post-8296","1":"product","2":"type-product","3":"status-publish","4":"has-post-thumbnail","6":"product_cat-alto","7":"product_tag-modele-professionnel","8":"product_tag-saxophone","9":"pa_marque-selmer","11":"first","12":"instock","13":"purchasable","14":"product-type-simple"},"acf":[],"_links":{"self":[{"href":"https:\/\/saxmachineparis.com\/en\/wp-json\/wp\/v2\/product\/8296","targetHints":{"allow":["GET"]}}],"collection":[{"href":"https:\/\/saxmachineparis.com\/en\/wp-json\/wp\/v2\/product"}],"about":[{"href":"https:\/\/saxmachineparis.com\/en\/wp-json\/wp\/v2\/types\/product"}],"replies":[{"embeddable":true,"href":"https:\/\/saxmachineparis.com\/en\/wp-json\/wp\/v2\/comments?post=8296"}],"wp:featuredmedia":[{"embeddable":true,"href":"https:\/\/saxmachineparis.com\/en\/wp-json\/wp\/v2\/media\/8303"}],"wp:attachment":[{"href":"https:\/\/saxmachineparis.com\/en\/wp-json\/wp\/v2\/media?parent=8296"}],"wp:term":[{"taxonomy":"product_brand","embeddable":true,"href":"https:\/\/saxmachineparis.com\/en\/wp-json\/wp\/v2\/product_brand?post=8296"},{"taxonomy":"product_cat","embeddable":true,"href":"https:\/\/saxmachineparis.com\/en\/wp-json\/wp\/v2\/product_cat?post=8296"},{"taxonomy":"product_tag","embeddable":true,"href":"https:\/\/saxmachineparis.com\/en\/wp-json\/wp\/v2\/product_tag?post=8296"}],"curies":[{"name":"wp","href":"https:\/\/api.w.org\/{rel}","templated":true}]}}