{"id":8188,"date":"2019-01-05T20:25:52","date_gmt":"2019-01-05T20:25:52","guid":{"rendered":"https:\/\/sites.lecyclopeduweb.fr\/saxmachineparis\/?post_type=product&#038;p=8188"},"modified":"2026-01-17T13:35:04","modified_gmt":"2026-01-17T13:35:04","slug":"saxophone-tenor-selmer-reference-54-gold","status":"publish","type":"product","link":"https:\/\/saxmachineparis.com\/en\/catalogue\/saxophone-tenor-selmer-reference-54-gold\/","title":{"rendered":"Saxophone t\u00e9nor Selmer R\u00e9f\u00e9rence 54 Gold"},"content":{"rendered":"<p>\u201cR\u00e9f\u00e9rence\u201d est un nouveau concept Selmer Paris qui permet d\u2019associer les caract\u00e9ristiques acoustiques ou ergonomiques de certains c\u00e9l\u00e8bres mod\u00e8les Selmer Paris et les qualit\u00e9s d\u2019une conception et d\u2019une facture actuelles.<\/p>\n<p>La s\u00e9rie \u201cR\u00e9f\u00e9rence\u201d propose aujourd\u2019hui deux versions de saxophone t\u00e9nor, avec une couleur sonore sp\u00e9cifique \u00e0 chacun :<\/p>\n<p>Le \u00ab R\u00e9f\u00e9rence 36 \u00bb d\u00e9veloppe une sonorit\u00e9 riche, ouverte, dans l\u2019esprit du \u201cBalanced Action\u201d fabriqu\u00e9 \u00e0 partir de 1936.<\/p>\n<p>Le \u00ab R\u00e9f\u00e9rence 54 \u00bb, plus centr\u00e9, reprend la conception du c\u00e9l\u00e8bre \u201cMark VI\u201d produit \u00e0 partir de 1954.<\/p>\n","protected":false},"excerpt":{"rendered":"<p class=\"conditionnement\">*Instrument livr\u00e9 avec \u00e9tui &#8220;Reference&#8221; et bec &#8220;S80&#8221;<\/p>\n<p class=\"conditionnement\">*Tous nos saxophones Selmer sont s\u00e9lectionn\u00e9s par un musicien professionnel<\/p>\n<p>Autre finition : 54 Verni Gold Grav\u00e9 (GG) et <a href=\"https:\/\/saxmachineparis.com\/catalogue\/saxophone-tenor-selmer-reference-54-passive\/\">54 Passiv\u00e9 (PAO)<\/a>, <a href=\"https:\/\/saxmachineparis.com\/catalogue\/saxophone-tenor-selmer-reference-36-gold\/\">36 Verni Gold Grav\u00e9 (GG)<\/a> et <a href=\"https:\/\/saxmachineparis.com\/catalogue\/saxophone-tenor-selmer-reference-36-passive\/\">36 Passiv\u00e9 (PAO)<\/a><\/p>\n<p><img decoding=\"async\" src=\"https:\/\/saxmachineparis.com\/wp-content\/uploads\/2018\/12\/logo-henri-selmer-paris.jpg\" alt=\"logo henri selmer paris sax-machine\" width=\"100\" \/><\/p>\n<ul>\n<li>Tonalit\u00e9 : Sib<\/li>\n<li>Tessiture : Fa# aigu<\/li>\n<li>Support pouce multidirectionnel en m\u00e9tal<\/li>\n<li>Tampons cuir, r\u00e9sonateur plastique<\/li>\n<li>Peut-\u00eatre vendu avec ou sans \u00e9tui et bec<\/li>\n<\/ul>\n<div class=\"contact-button-woocommerce\"><a href=\"tel:+33145260529\">Nous contacter :\u00a001 45 26 05 20<\/a><\/div>\n","protected":false},"featured_media":8196,"comment_status":"open","ping_status":"closed","template":"","meta":{"_acf_changed":false},"product_brand":[],"product_cat":[994],"product_tag":[1255,1224],"class_list":{"0":"post-8188","1":"product","2":"type-product","3":"status-publish","4":"has-post-thumbnail","6":"product_cat-tenor","7":"product_tag-modele-professionnel","8":"product_tag-saxophone","9":"pa_marque-selmer","11":"first","12":"instock","13":"sale","14":"taxable","15":"shipping-taxable","16":"purchasable","17":"product-type-simple"},"acf":[],"_links":{"self":[{"href":"https:\/\/saxmachineparis.com\/en\/wp-json\/wp\/v2\/product\/8188","targetHints":{"allow":["GET"]}}],"collection":[{"href":"https:\/\/saxmachineparis.com\/en\/wp-json\/wp\/v2\/product"}],"about":[{"href":"https:\/\/saxmachineparis.com\/en\/wp-json\/wp\/v2\/types\/product"}],"replies":[{"embeddable":true,"href":"https:\/\/saxmachineparis.com\/en\/wp-json\/wp\/v2\/comments?post=8188"}],"wp:featuredmedia":[{"embeddable":true,"href":"https:\/\/saxmachineparis.com\/en\/wp-json\/wp\/v2\/media\/8196"}],"wp:attachment":[{"href":"https:\/\/saxmachineparis.com\/en\/wp-json\/wp\/v2\/media?parent=8188"}],"wp:term":[{"taxonomy":"product_brand","embeddable":true,"href":"https:\/\/saxmachineparis.com\/en\/wp-json\/wp\/v2\/product_brand?post=8188"},{"taxonomy":"product_cat","embeddable":true,"href":"https:\/\/saxmachineparis.com\/en\/wp-json\/wp\/v2\/product_cat?post=8188"},{"taxonomy":"product_tag","embeddable":true,"href":"https:\/\/saxmachineparis.com\/en\/wp-json\/wp\/v2\/product_tag?post=8188"}],"curies":[{"name":"wp","href":"https:\/\/api.w.org\/{rel}","templated":true}]}}