{"id":8046,"date":"2019-06-13T23:30:12","date_gmt":"2019-06-13T23:30:12","guid":{"rendered":"https:\/\/sites.lecyclopeduweb.fr\/saxmachineparis\/?post_type=product&#038;p=8046"},"modified":"2025-02-18T10:39:04","modified_gmt":"2025-02-18T10:39:04","slug":"bec-selmer-seles-prologue-alto","status":"publish","type":"product","link":"https:\/\/saxmachineparis.com\/en\/catalogue\/bec-selmer-seles-prologue-alto\/","title":{"rendered":"Bec Selmer Prologue alto"},"content":{"rendered":"<p>D\u00e8s les premi\u00e8res notes, Prologue offre une aisance de jeu et une facilit\u00e9 d\u2019\u00e9mission in\u00e9gal\u00e9es, qui le rend accessible, ainsi que son prix, au saxophoniste d\u00e9butant.<\/p>\n<p>Associ\u00e9 \u00e0 notre savoir-faire, un nouveau mat\u00e9riau a \u00e9t\u00e9 choisi pour la conception du bec Prologue : le PMMA, polym\u00e8re thermoplastique.<\/p>\n<p>Ce mat\u00e9riau offre des qualit\u00e9s acoustiques excellentes, proche de l\u2019\u00e9bonite utilis\u00e9e, pour la r\u00e9alisation des becs Henri SELMER Paris, ainsi qu\u2019une parfaite r\u00e9p\u00e9tabilit\u00e9 de production.<\/p>\n<p>Le bec Prologue est fourni complet avec sa ligature et son couvre-bec.<\/p>\n<p>Ouverture : 1,55 mm<br \/>\nLongueur de table : 24 mm<br \/>\nChambre carr\u00e9e<\/p>\n","protected":false},"excerpt":{"rendered":"<p class=\"conditionnement\">*Prix indiqu\u00e9 pour bec nu<\/p>\n<p><img decoding=\"async\" src=\"https:\/\/saxmachineparis.com\/wp-content\/uploads\/2018\/12\/logo-henri-selmer-paris.jpg\" alt=\"logo henri selmer paris sax-machine\" width=\"100\" \/><\/p>\n","protected":false},"featured_media":8015,"comment_status":"open","ping_status":"closed","template":"","meta":{"_acf_changed":false},"product_brand":[],"product_cat":[2431,1313],"product_tag":[1314,1375,1372],"class_list":{"0":"post-8046","1":"product","2":"type-product","3":"status-publish","4":"has-post-thumbnail","6":"product_cat-bec-alto","7":"product_cat-becs","8":"product_tag-bec-alto","9":"product_tag-bec-classique","10":"product_tag-bec-ebonite","11":"pa_becs-saxophone-alto","12":"pa_marque-selmer","13":"pa_materiau-bec-ebonite","14":"pa_style-bec-bec-classique","16":"first","17":"instock","18":"sale","19":"taxable","20":"shipping-taxable","21":"purchasable","22":"product-type-simple"},"acf":[],"_links":{"self":[{"href":"https:\/\/saxmachineparis.com\/en\/wp-json\/wp\/v2\/product\/8046","targetHints":{"allow":["GET"]}}],"collection":[{"href":"https:\/\/saxmachineparis.com\/en\/wp-json\/wp\/v2\/product"}],"about":[{"href":"https:\/\/saxmachineparis.com\/en\/wp-json\/wp\/v2\/types\/product"}],"replies":[{"embeddable":true,"href":"https:\/\/saxmachineparis.com\/en\/wp-json\/wp\/v2\/comments?post=8046"}],"wp:featuredmedia":[{"embeddable":true,"href":"https:\/\/saxmachineparis.com\/en\/wp-json\/wp\/v2\/media\/8015"}],"wp:attachment":[{"href":"https:\/\/saxmachineparis.com\/en\/wp-json\/wp\/v2\/media?parent=8046"}],"wp:term":[{"taxonomy":"product_brand","embeddable":true,"href":"https:\/\/saxmachineparis.com\/en\/wp-json\/wp\/v2\/product_brand?post=8046"},{"taxonomy":"product_cat","embeddable":true,"href":"https:\/\/saxmachineparis.com\/en\/wp-json\/wp\/v2\/product_cat?post=8046"},{"taxonomy":"product_tag","embeddable":true,"href":"https:\/\/saxmachineparis.com\/en\/wp-json\/wp\/v2\/product_tag?post=8046"}],"curies":[{"name":"wp","href":"https:\/\/api.w.org\/{rel}","templated":true}]}}