{"id":7824,"date":"2019-06-06T16:52:40","date_gmt":"2019-06-06T16:52:40","guid":{"rendered":"https:\/\/sites.lecyclopeduweb.fr\/saxmachineparis\/?post_type=product&#038;p=7824"},"modified":"2023-05-13T16:35:37","modified_gmt":"2023-05-13T16:35:37","slug":"ligature-francois-louis-soprano-ultimate-gold","status":"publish","type":"product","link":"https:\/\/saxmachineparis.com\/en\/catalogue\/ligature-francois-louis-soprano-ultimate-gold\/","title":{"rendered":"Ligature Fran\u00e7ois Louis Soprano Ultimate Gold"},"content":{"rendered":"<div class=\"product-name-description\">Ligature FL Ultimate<\/div>\n<p>Les ligatures &#8220;Ultimate&#8221; Fran\u00e7ois Louis ont la particularit\u00e9 de maintenir l&#8217;anche sur le bec par 4 petits points de contact, elles donnent plus de brillance au son et facilitent ainsi l&#8217;expression musicale.<\/p>\n<p>Depuis plus de 20 ans, cette excellente ligature est utilis\u00e9e par d&#8217;illustres musiciens tels que Joe Lovano, Bob Berg, Tim Ries, David Sanchez, Chris Potter, Gary Keller, Jason Seizer, Emanuele Cisi, Jorge Pardo.<\/p>\n<p>Le serrage par une seule vis centrale assure une r\u00e9partition uniforme de la pression sur l&#8217;anche et permet \u00e0 l&#8217;anche de vibrer librement sans amortir les vibrations naturelles du bec.<\/p>\n<p>Gr\u00e2ce aux tuyaux r\u00e9sonnants, cette ligature g\u00e9n\u00e8re une gamme de vibrations sympathiques qui enrichissent le son du joueur.<\/p>\n<p>La Ligature Ultimate est disponible en trois finitions:<\/p>\n<ul>\n<li>Brass : plus r\u00e9sonant et vibrant.<\/li>\n<li>Silver : plus r\u00e9sistant et plus sombre.<\/li>\n<li>Gold : plus \u00abd&#8217;\u00e9l\u00e9gance\u00bb et une qualit\u00e9 de ton plus poli<\/li>\n<\/ul>\n<p>3 tailles disponible pour les becs de saxophones soprano :<\/p>\n<ul>\n<li>XL convient aux becs \u00e9bonite standards (Selmer, Vandoren, Meyer, Otto Link,\u2026)<\/li>\n<li>M convient aux becs soprano en m\u00e9tal plus grandes (Selmer m\u00e9tal soprano,\u2026)<\/li>\n<li>S convient pour les becs m\u00e9tals (Otto Link, Dukoff, Berg-Larsen, Ponzol,\u2026)<\/li>\n<\/ul>\n","protected":false},"excerpt":{"rendered":"<p><img decoding=\"async\" src=\"https:\/\/saxmachineparis.com\/wp-content\/uploads\/2019\/06\/francois_louis_logo.jpg\" alt=\"Logo Fran\u00e7ois Louis\" width=\"150\" class=\"alignnone\" \/><\/p>\n<p>Ligature avec couvre bec<br \/>\nTailles disponibles : S \/ M \/ XL<br \/>\nAutres finitions : Brass, Silver<\/p>\n","protected":false},"featured_media":7781,"comment_status":"open","ping_status":"closed","template":"","meta":{"_acf_changed":false},"product_brand":[],"product_cat":[1949],"product_tag":[1933],"class_list":{"0":"post-7824","1":"product","2":"type-product","3":"status-publish","4":"has-post-thumbnail","6":"product_cat-ligature-soprano","7":"product_tag-francois-louis","8":"pa_ligature-saxophone-soprano","9":"pa_marque-francois-louis","11":"first","12":"instock","13":"sale","14":"taxable","15":"shipping-taxable","16":"purchasable","17":"product-type-simple"},"acf":[],"_links":{"self":[{"href":"https:\/\/saxmachineparis.com\/en\/wp-json\/wp\/v2\/product\/7824","targetHints":{"allow":["GET"]}}],"collection":[{"href":"https:\/\/saxmachineparis.com\/en\/wp-json\/wp\/v2\/product"}],"about":[{"href":"https:\/\/saxmachineparis.com\/en\/wp-json\/wp\/v2\/types\/product"}],"replies":[{"embeddable":true,"href":"https:\/\/saxmachineparis.com\/en\/wp-json\/wp\/v2\/comments?post=7824"}],"wp:featuredmedia":[{"embeddable":true,"href":"https:\/\/saxmachineparis.com\/en\/wp-json\/wp\/v2\/media\/7781"}],"wp:attachment":[{"href":"https:\/\/saxmachineparis.com\/en\/wp-json\/wp\/v2\/media?parent=7824"}],"wp:term":[{"taxonomy":"product_brand","embeddable":true,"href":"https:\/\/saxmachineparis.com\/en\/wp-json\/wp\/v2\/product_brand?post=7824"},{"taxonomy":"product_cat","embeddable":true,"href":"https:\/\/saxmachineparis.com\/en\/wp-json\/wp\/v2\/product_cat?post=7824"},{"taxonomy":"product_tag","embeddable":true,"href":"https:\/\/saxmachineparis.com\/en\/wp-json\/wp\/v2\/product_tag?post=7824"}],"curies":[{"name":"wp","href":"https:\/\/api.w.org\/{rel}","templated":true}]}}