{"id":7676,"date":"2019-05-30T15:33:31","date_gmt":"2019-05-30T15:33:31","guid":{"rendered":"https:\/\/sites.lecyclopeduweb.fr\/saxmachineparis\/?post_type=product&#038;p=7676"},"modified":"2025-02-11T14:44:38","modified_gmt":"2025-02-11T14:44:38","slug":"ligature-bg-tenor-ldt1-duo-or","status":"publish","type":"product","link":"https:\/\/saxmachineparis.com\/en\/catalogue\/ligature-bg-tenor-ldt1-duo-or\/","title":{"rendered":"Ligature BG t\u00e9nor LDT1 Duo plaqu\u00e9e or"},"content":{"rendered":"<div class=\"product-name-description\">Ligature BG t\u00e9nor LDT1 Duo plaqu\u00e9e or<\/div>\n<p>Homog\u00e8ne dans tous les registres, avec des articulations pr\u00e9cises et un son centr\u00e9 avec une grande projection, cette ligature m\u00e9tal &#8220;Duo&#8221; est particuli\u00e8rement adapt\u00e9e au jeu en orchestre ou en soliste. Avec un minimum de points de contacts, cette ligature flottante favorise l\u2019\u00e9mission du son, le plaquage Or apportant plus de rondeur et de douceur. S\u2019adapte aux becs \u00e9bonites saxophone T\u00e9nor<\/p>\n<ul>\n<li>Ligature vernie dor\u00e9e pour bec \u00e9bonite t\u00e9nor<\/li>\n<li>Son centr\u00e9, brillant et rond, avec une grande projection<\/li>\n<li>homogen\u00e9it\u00e9 du son dans tous les registres<\/li>\n<li>Une articulation tr\u00e8s pr\u00e9cise<\/li>\n<li>FFavorise l&#8217;\u00e9mission du son<\/li>\n<\/ul>\n","protected":false},"excerpt":{"rendered":"<p class=\"conditionnement\">*Ligature avec couvre bec<\/p>\n<p><img loading=\"lazy\" decoding=\"async\" src=\"https:\/\/saxmachineparis.com\/wp-content\/uploads\/2019\/05\/logo-bg-france.png\" alt=\"logo BG France\" width=\"100\" height=\"100\" class=\"alignnone size-full wp-image-7495\" \/><\/p>\n","protected":false},"featured_media":7631,"comment_status":"open","ping_status":"closed","template":"","meta":{"_acf_changed":false},"product_brand":[],"product_cat":[1948],"product_tag":[1766],"class_list":{"0":"post-7676","1":"product","2":"type-product","3":"status-publish","4":"has-post-thumbnail","6":"product_cat-ligature-tenor","7":"product_tag-ligature-bg","8":"pa_ligature-pour-bec-bec-ebonite","9":"pa_ligature-saxophone-tenor","10":"pa_marque-bg","12":"first","13":"instock","14":"sale","15":"taxable","16":"shipping-taxable","17":"purchasable","18":"product-type-simple"},"acf":[],"_links":{"self":[{"href":"https:\/\/saxmachineparis.com\/en\/wp-json\/wp\/v2\/product\/7676","targetHints":{"allow":["GET"]}}],"collection":[{"href":"https:\/\/saxmachineparis.com\/en\/wp-json\/wp\/v2\/product"}],"about":[{"href":"https:\/\/saxmachineparis.com\/en\/wp-json\/wp\/v2\/types\/product"}],"replies":[{"embeddable":true,"href":"https:\/\/saxmachineparis.com\/en\/wp-json\/wp\/v2\/comments?post=7676"}],"wp:featuredmedia":[{"embeddable":true,"href":"https:\/\/saxmachineparis.com\/en\/wp-json\/wp\/v2\/media\/7631"}],"wp:attachment":[{"href":"https:\/\/saxmachineparis.com\/en\/wp-json\/wp\/v2\/media?parent=7676"}],"wp:term":[{"taxonomy":"product_brand","embeddable":true,"href":"https:\/\/saxmachineparis.com\/en\/wp-json\/wp\/v2\/product_brand?post=7676"},{"taxonomy":"product_cat","embeddable":true,"href":"https:\/\/saxmachineparis.com\/en\/wp-json\/wp\/v2\/product_cat?post=7676"},{"taxonomy":"product_tag","embeddable":true,"href":"https:\/\/saxmachineparis.com\/en\/wp-json\/wp\/v2\/product_tag?post=7676"}],"curies":[{"name":"wp","href":"https:\/\/api.w.org\/{rel}","templated":true}]}}