{"id":7667,"date":"2019-05-28T23:13:24","date_gmt":"2019-05-28T23:13:24","guid":{"rendered":"https:\/\/sites.lecyclopeduweb.fr\/saxmachineparis\/?post_type=product&#038;p=7667"},"modified":"2025-08-05T13:47:36","modified_gmt":"2025-08-05T13:47:36","slug":"ligature-bg-tenor-l13sr-super-revelation","status":"publish","type":"product","link":"https:\/\/saxmachineparis.com\/en\/catalogue\/ligature-bg-tenor-l13sr-super-revelation\/","title":{"rendered":"Ligature BG t\u00e9nor L13SR Super R\u00e9v\u00e9lation"},"content":{"rendered":"<div class=\"product-name-description\">Ligature BG t\u00e9nor L13SR Super R\u00e9v\u00e9lation<\/div>\n<p>D\u00e9tach\u00e9 facile et son riche en harmonique pour cette ligature tissu \u00absuper r\u00e9v\u00e9lation\u00bb particuli\u00e8rement adapt\u00e9e au jeu en soliste. Dot\u00e9e d\u2019une plaque en laiton plaqu\u00e9e Or, elle procure un son brillant et compact et s\u2019adapte aux becs \u00e9bonites saxophone T\u00e9nor.<\/p>\n<ul>\n<li>Ligature en tissu avec plaque laiton plaqu\u00e9 Or<\/li>\n<li>Un son brillant et compact<\/li>\n<li>Riche en harmoniques<\/li>\n<li>D\u00e9tach\u00e9 facile<\/li>\n<li>Adapt\u00e9e particuli\u00e8rement au jeu en soliste<\/li>\n<\/ul>\n","protected":false},"excerpt":{"rendered":"<p class=\"conditionnement\">*Ligature avec couvre bec<\/p>\n<p><img loading=\"lazy\" decoding=\"async\" src=\"https:\/\/saxmachineparis.com\/wp-content\/uploads\/2019\/05\/logo-bg-france.png\" alt=\"logo BG France\" width=\"100\" height=\"100\" class=\"alignnone size-full wp-image-7495\" \/><\/p>\n<p>Ligature pour bec t\u00e9nor \u00e9bonite<\/p>\n","protected":false},"featured_media":7604,"comment_status":"open","ping_status":"closed","template":"","meta":{"_acf_changed":false},"product_brand":[],"product_cat":[1948],"product_tag":[1766],"class_list":{"0":"post-7667","1":"product","2":"type-product","3":"status-publish","4":"has-post-thumbnail","6":"product_cat-ligature-tenor","7":"product_tag-ligature-bg","8":"pa_ligature-pour-bec-bec-ebonite","9":"pa_ligature-saxophone-tenor","10":"pa_marque-bg","12":"first","13":"instock","14":"sale","15":"taxable","16":"shipping-taxable","17":"purchasable","18":"product-type-simple"},"acf":[],"_links":{"self":[{"href":"https:\/\/saxmachineparis.com\/en\/wp-json\/wp\/v2\/product\/7667","targetHints":{"allow":["GET"]}}],"collection":[{"href":"https:\/\/saxmachineparis.com\/en\/wp-json\/wp\/v2\/product"}],"about":[{"href":"https:\/\/saxmachineparis.com\/en\/wp-json\/wp\/v2\/types\/product"}],"replies":[{"embeddable":true,"href":"https:\/\/saxmachineparis.com\/en\/wp-json\/wp\/v2\/comments?post=7667"}],"wp:featuredmedia":[{"embeddable":true,"href":"https:\/\/saxmachineparis.com\/en\/wp-json\/wp\/v2\/media\/7604"}],"wp:attachment":[{"href":"https:\/\/saxmachineparis.com\/en\/wp-json\/wp\/v2\/media?parent=7667"}],"wp:term":[{"taxonomy":"product_brand","embeddable":true,"href":"https:\/\/saxmachineparis.com\/en\/wp-json\/wp\/v2\/product_brand?post=7667"},{"taxonomy":"product_cat","embeddable":true,"href":"https:\/\/saxmachineparis.com\/en\/wp-json\/wp\/v2\/product_cat?post=7667"},{"taxonomy":"product_tag","embeddable":true,"href":"https:\/\/saxmachineparis.com\/en\/wp-json\/wp\/v2\/product_tag?post=7667"}],"curies":[{"name":"wp","href":"https:\/\/api.w.org\/{rel}","templated":true}]}}