{"id":7659,"date":"2019-05-28T14:32:24","date_gmt":"2019-05-28T14:32:24","guid":{"rendered":"https:\/\/sites.lecyclopeduweb.fr\/saxmachineparis\/?post_type=product&#038;p=7659"},"modified":"2022-02-22T18:48:32","modified_gmt":"2022-02-22T18:48:32","slug":"ligature-bg-tenor-l21rj-revelation-jazz","status":"publish","type":"product","link":"https:\/\/saxmachineparis.com\/en\/catalogue\/ligature-bg-tenor-l21rj-revelation-jazz\/","title":{"rendered":"Ligature BG t\u00e9nor L21RJ R\u00e9v\u00e9lation Jazz"},"content":{"rendered":"<div class=\"product-name-description\">Ligature BG t\u00e9nor L21RJ R\u00e9v\u00e9lation Jazz &#8211; Dukoff\/Larsen m\u00e9tal<\/div>\n<p>D\u00e9tach\u00e9 facile et homog\u00e8ne dans tous les registres,cette ligature tissu \u00abr\u00e9v\u00e9lation\u00bb est particuli\u00e8rement adapt\u00e9e au Jazz. Dot\u00e9e d\u2019une plaque en laiton elle procure un son clair. Elle s\u2019adapte au bec m\u00e9tal saxophone T\u00e9nor Dukoff et Larsen<\/p>\n<ul>\n<li>Ligature en tissu avec plaque laiton, pour saxophone T\u00e9nor Dukoff et Larsen<\/li>\n<li>Un son clair<\/li>\n<li>Homog\u00e8ne dans tous les registres<\/li>\n<li>D\u00e9tach\u00e9 facile<\/li>\n<li>Adapt\u00e9e particuli\u00e8rement au jazz<\/li>\n<\/ul>\n","protected":false},"excerpt":{"rendered":"<p class=\"conditionnement\">*Ligature avec couvre bec<\/p>\n<p><img loading=\"lazy\" decoding=\"async\" src=\"https:\/\/saxmachineparis.com\/wp-content\/uploads\/2019\/05\/logo-bg-france.png\" alt=\"logo BG France\" width=\"100\" height=\"100\" class=\"alignnone size-full wp-image-7495\" \/><\/p>\n<p>Ligature en tissu pour bec t\u00e9nor \u00e9bonite<\/p>\n","protected":false},"featured_media":7607,"comment_status":"open","ping_status":"closed","template":"","meta":{"_acf_changed":false},"product_brand":[],"product_cat":[1948],"product_tag":[1766],"class_list":{"0":"post-7659","1":"product","2":"type-product","3":"status-publish","4":"has-post-thumbnail","6":"product_cat-ligature-tenor","7":"product_tag-ligature-bg","8":"pa_ligature-pour-bec-bec-metal","9":"pa_ligature-saxophone-tenor","10":"pa_marque-bg","12":"first","13":"instock","14":"sale","15":"taxable","16":"shipping-taxable","17":"purchasable","18":"product-type-simple"},"acf":[],"_links":{"self":[{"href":"https:\/\/saxmachineparis.com\/en\/wp-json\/wp\/v2\/product\/7659","targetHints":{"allow":["GET"]}}],"collection":[{"href":"https:\/\/saxmachineparis.com\/en\/wp-json\/wp\/v2\/product"}],"about":[{"href":"https:\/\/saxmachineparis.com\/en\/wp-json\/wp\/v2\/types\/product"}],"replies":[{"embeddable":true,"href":"https:\/\/saxmachineparis.com\/en\/wp-json\/wp\/v2\/comments?post=7659"}],"wp:featuredmedia":[{"embeddable":true,"href":"https:\/\/saxmachineparis.com\/en\/wp-json\/wp\/v2\/media\/7607"}],"wp:attachment":[{"href":"https:\/\/saxmachineparis.com\/en\/wp-json\/wp\/v2\/media?parent=7659"}],"wp:term":[{"taxonomy":"product_brand","embeddable":true,"href":"https:\/\/saxmachineparis.com\/en\/wp-json\/wp\/v2\/product_brand?post=7659"},{"taxonomy":"product_cat","embeddable":true,"href":"https:\/\/saxmachineparis.com\/en\/wp-json\/wp\/v2\/product_cat?post=7659"},{"taxonomy":"product_tag","embeddable":true,"href":"https:\/\/saxmachineparis.com\/en\/wp-json\/wp\/v2\/product_tag?post=7659"}],"curies":[{"name":"wp","href":"https:\/\/api.w.org\/{rel}","templated":true}]}}