{"id":7571,"date":"2019-05-26T11:50:10","date_gmt":"2019-05-26T11:50:10","guid":{"rendered":"https:\/\/sites.lecyclopeduweb.fr\/saxmachineparis\/?post_type=product&#038;p=7571"},"modified":"2025-02-11T14:09:01","modified_gmt":"2025-02-11T14:09:01","slug":"ligature-bg-alto-l12rs-revelation-argent","status":"publish","type":"product","link":"https:\/\/saxmachineparis.com\/en\/catalogue\/ligature-bg-alto-l12rs-revelation-argent\/","title":{"rendered":"Ligature BG alto L12RS R\u00e9v\u00e9lation argent"},"content":{"rendered":"<div class=\"product-name-description\">Ligature BG L12 R\u00e9v\u00e9lation argent Alto<\/div>\n<p>Avec un d\u00e9tach\u00e9 facile, homog\u00e8ne dans tous les registres, cette ligature tissu \u00abr\u00e9v\u00e9lation argent\u00bb est particuli\u00e8rement adapt\u00e9e au jeu en soliste. Dot\u00e9e d\u2019une plaque en laiton plaqu\u00e9e Argent, elle procure un son clair et plus brillant. Elle s\u2019adapte aux becs \u00e9bonites saxophone Alto.<\/p>\n","protected":false},"excerpt":{"rendered":"<p class=\"conditionnement\">*Ligature avec couvre bec<\/p>\n<p><img loading=\"lazy\" decoding=\"async\" src=\"https:\/\/saxmachineparis.com\/wp-content\/uploads\/2019\/05\/logo-bg-france.png\" alt=\"logo BG France\" width=\"100\" height=\"100\" class=\"alignnone size-full wp-image-7495\" \/><\/p>\n","protected":false},"featured_media":7520,"comment_status":"open","ping_status":"closed","template":"","meta":{"_acf_changed":false},"product_brand":[],"product_cat":[1947],"product_tag":[1766],"class_list":{"0":"post-7571","1":"product","2":"type-product","3":"status-publish","4":"has-post-thumbnail","6":"product_cat-ligature-alto","7":"product_tag-ligature-bg","8":"pa_ligature-pour-bec-bec-ebonite","9":"pa_ligature-saxophone-alto","10":"pa_marque-bg","12":"first","13":"instock","14":"sale","15":"taxable","16":"shipping-taxable","17":"purchasable","18":"product-type-simple"},"acf":[],"_links":{"self":[{"href":"https:\/\/saxmachineparis.com\/en\/wp-json\/wp\/v2\/product\/7571","targetHints":{"allow":["GET"]}}],"collection":[{"href":"https:\/\/saxmachineparis.com\/en\/wp-json\/wp\/v2\/product"}],"about":[{"href":"https:\/\/saxmachineparis.com\/en\/wp-json\/wp\/v2\/types\/product"}],"replies":[{"embeddable":true,"href":"https:\/\/saxmachineparis.com\/en\/wp-json\/wp\/v2\/comments?post=7571"}],"wp:featuredmedia":[{"embeddable":true,"href":"https:\/\/saxmachineparis.com\/en\/wp-json\/wp\/v2\/media\/7520"}],"wp:attachment":[{"href":"https:\/\/saxmachineparis.com\/en\/wp-json\/wp\/v2\/media?parent=7571"}],"wp:term":[{"taxonomy":"product_brand","embeddable":true,"href":"https:\/\/saxmachineparis.com\/en\/wp-json\/wp\/v2\/product_brand?post=7571"},{"taxonomy":"product_cat","embeddable":true,"href":"https:\/\/saxmachineparis.com\/en\/wp-json\/wp\/v2\/product_cat?post=7571"},{"taxonomy":"product_tag","embeddable":true,"href":"https:\/\/saxmachineparis.com\/en\/wp-json\/wp\/v2\/product_tag?post=7571"}],"curies":[{"name":"wp","href":"https:\/\/api.w.org\/{rel}","templated":true}]}}