{"id":7501,"date":"2019-05-25T21:35:17","date_gmt":"2019-05-25T21:35:17","guid":{"rendered":"https:\/\/sites.lecyclopeduweb.fr\/saxmachineparis\/?post_type=product&#038;p=7501"},"modified":"2025-02-11T14:22:28","modified_gmt":"2025-02-11T14:22:28","slug":"ligature-bg-soprano-tradition-or","status":"publish","type":"product","link":"https:\/\/saxmachineparis.com\/en\/catalogue\/ligature-bg-soprano-tradition-or\/","title":{"rendered":"Ligature BG soprano L51 Tradition plaqu\u00e9e or"},"content":{"rendered":"<div class=\"product-name-description\">Ligature BG soprano L51 Tradition plaqu\u00e9e or<\/div>\n<p>Avec un son ample avec une projection directe, homog\u00e8ne dans tous les registres, cette ligature m\u00e9tal \u00ab tradition \u00bb est particuli\u00e8rement adapt\u00e9e au jeu en soliste. Plaqu\u00e9e Or, elle procure un timbre brillant et \u00ab chaud \u00bb riche en harmoniques. S\u2019adapte aux becs \u00e9bonites saxophone soprano<\/p>\n<p><iframe loading=\"lazy\" width=\"560\" height=\"315\" src=\"https:\/\/www.youtube.com\/embed\/nzGE3UIoaHw\" frameborder=\"0\" allow=\"accelerometer; autoplay; encrypted-media; gyroscope; picture-in-picture\" allowfullscreen><\/iframe><\/p>\n","protected":false},"excerpt":{"rendered":"<p class=\"conditionnement\">*Ligature avec couvre bec<\/p>\n<p><img loading=\"lazy\" decoding=\"async\" src=\"https:\/\/saxmachineparis.com\/wp-content\/uploads\/2019\/05\/logo-bg-france.png\" alt=\"logo BG France\" width=\"100\" height=\"100\" class=\"alignnone size-full wp-image-7495\" \/><\/p>\n","protected":false},"featured_media":7467,"comment_status":"open","ping_status":"closed","template":"","meta":{"_acf_changed":false},"product_brand":[],"product_cat":[1949],"product_tag":[1766],"class_list":{"0":"post-7501","1":"product","2":"type-product","3":"status-publish","4":"has-post-thumbnail","6":"product_cat-ligature-soprano","7":"product_tag-ligature-bg","8":"pa_ligature-pour-bec-bec-ebonite","9":"pa_ligature-saxophone-soprano","10":"pa_marque-bg","12":"first","13":"instock","14":"sale","15":"taxable","16":"shipping-taxable","17":"purchasable","18":"product-type-simple"},"acf":[],"_links":{"self":[{"href":"https:\/\/saxmachineparis.com\/en\/wp-json\/wp\/v2\/product\/7501","targetHints":{"allow":["GET"]}}],"collection":[{"href":"https:\/\/saxmachineparis.com\/en\/wp-json\/wp\/v2\/product"}],"about":[{"href":"https:\/\/saxmachineparis.com\/en\/wp-json\/wp\/v2\/types\/product"}],"replies":[{"embeddable":true,"href":"https:\/\/saxmachineparis.com\/en\/wp-json\/wp\/v2\/comments?post=7501"}],"wp:featuredmedia":[{"embeddable":true,"href":"https:\/\/saxmachineparis.com\/en\/wp-json\/wp\/v2\/media\/7467"}],"wp:attachment":[{"href":"https:\/\/saxmachineparis.com\/en\/wp-json\/wp\/v2\/media?parent=7501"}],"wp:term":[{"taxonomy":"product_brand","embeddable":true,"href":"https:\/\/saxmachineparis.com\/en\/wp-json\/wp\/v2\/product_brand?post=7501"},{"taxonomy":"product_cat","embeddable":true,"href":"https:\/\/saxmachineparis.com\/en\/wp-json\/wp\/v2\/product_cat?post=7501"},{"taxonomy":"product_tag","embeddable":true,"href":"https:\/\/saxmachineparis.com\/en\/wp-json\/wp\/v2\/product_tag?post=7501"}],"curies":[{"name":"wp","href":"https:\/\/api.w.org\/{rel}","templated":true}]}}