{"id":7429,"date":"2019-05-25T15:49:12","date_gmt":"2019-05-25T15:49:12","guid":{"rendered":"https:\/\/sites.lecyclopeduweb.fr\/saxmachineparis\/?post_type=product&#038;p=7429"},"modified":"2025-04-03T14:46:40","modified_gmt":"2025-04-03T14:46:40","slug":"bec-vandoren-v5-sopranino","status":"publish","type":"product","link":"https:\/\/saxmachineparis.com\/en\/catalogue\/bec-vandoren-v5-sopranino\/","title":{"rendered":"Bec Vandoren V5 sopranino"},"content":{"rendered":"<h3>BECS V5 : UNE SONORIT\u00c9 PLUS CLASSIQUE<\/h3>\n<p>La s\u00e9rie V5 se caract\u00e9rise par une chambre ronde traditionnelle. Ces becs sont disponibles dans une grande vari\u00e9t\u00e9 de mod\u00e8les qui conviennent aussi bien aux musiciens classiques que de jazz. Facilit\u00e9 de jeu, homog\u00e9n\u00e9it\u00e9 de son et belle rondeur.<\/p>\n<p>Style : classique<br \/>\nMat\u00e9riau : \u00e9bonite<\/p>\n<h3>Qualit\u00e9 Vandoren<\/h3>\n<p>La maison Vandoren du 56 rue Lepic est mondialement reconnue pour la qualit\u00e9 de ses becs. Avec cette gamme, la c\u00e9l\u00e8bre marque fran\u00e7aise vous propose des becs qui s\u2019adapteront parfaitement \u00e0 votre jeu.<\/p>\n<p>Les becs Vandoren sont fabriqu\u00e9 avec des outils num\u00e9riques garantissant le respect des dimensions et du cahier des charges d\u00e9fini par Vandoren. Chaque bec subit un contr\u00f4le de qualit\u00e9 m\u00e9ticuleux. <\/p>\n<p>La d\u00e9coupe de la table est r\u00e9alis\u00e9e avec des outils au diamant d&#8217;une pr\u00e9cision de 1\/100 mm. Seule la table n&#8217;est pas polie pour pr\u00e9server la pr\u00e9cision.<br \/>\nEnfin la finition et le contr\u00f4le de chaque bec est r\u00e9alis\u00e9 \u00e0 la main (plafond, rails et facette). Un ultime polissage supprime la moindre marque.<\/p>\n<h3>Le bec, un des piliers de votre sonorit\u00e9.<\/h3>\n<p>Fabriqu\u00e9e \u00e0 partir de caoutchouc naturel (s\u00e8ve de l\u2019h\u00e9v\u00e9a), de lin et de souffre, l\u2019\u00e9bonite est l\u2019une des principales mati\u00e8res utilis\u00e9es dans la confection d\u2019un bec. Ses caract\u00e9ristiques sonores sont le fruit d\u2019une multitude de facteurs. La forme du plafond, le volume de la chambre et de la perce, son ouverture, tout compte,&#8230; Associ\u00e9 \u00e0 un certain type d\u2019anche ou de ligature, il vous permettra de trouver votre propre signature sonore !<\/p>\n","protected":false},"excerpt":{"rendered":"<p class=\"conditionnement\">*Prix indiqu\u00e9 pour bec nu<\/p>\n<p><img loading=\"lazy\" decoding=\"async\" src=\"https:\/\/saxmachineparis.com\/wp-content\/uploads\/2019\/03\/logo-vendoren.jpg\" alt=\"\" width=\"150\" height=\"92\" \/><\/p>\n<p>Mat\u00e9riau : \u00e9bonite<br \/>\nStyle : classique<\/p>\n<p>Ouvertures :<br \/>\nB25 \/ B35 \/ B27<\/p>\n","protected":false},"featured_media":7430,"comment_status":"open","ping_status":"closed","template":"","meta":{"_acf_changed":false},"product_brand":[],"product_cat":[2433,1313],"product_tag":[1510,1795],"class_list":{"0":"post-7429","1":"product","2":"type-product","3":"status-publish","4":"has-post-thumbnail","6":"product_cat-bec-soprano","7":"product_cat-becs","8":"product_tag-bec-soprano","9":"product_tag-bec-vandoren","10":"pa_becs-saxophone-sopranino","11":"pa_marque-vandoren","12":"pa_materiau-bec-ebonite","13":"pa_style-bec-bec-classique","15":"first","16":"instock","17":"sale","18":"taxable","19":"shipping-taxable","20":"purchasable","21":"product-type-simple"},"acf":[],"_links":{"self":[{"href":"https:\/\/saxmachineparis.com\/en\/wp-json\/wp\/v2\/product\/7429","targetHints":{"allow":["GET"]}}],"collection":[{"href":"https:\/\/saxmachineparis.com\/en\/wp-json\/wp\/v2\/product"}],"about":[{"href":"https:\/\/saxmachineparis.com\/en\/wp-json\/wp\/v2\/types\/product"}],"replies":[{"embeddable":true,"href":"https:\/\/saxmachineparis.com\/en\/wp-json\/wp\/v2\/comments?post=7429"}],"wp:featuredmedia":[{"embeddable":true,"href":"https:\/\/saxmachineparis.com\/en\/wp-json\/wp\/v2\/media\/7430"}],"wp:attachment":[{"href":"https:\/\/saxmachineparis.com\/en\/wp-json\/wp\/v2\/media?parent=7429"}],"wp:term":[{"taxonomy":"product_brand","embeddable":true,"href":"https:\/\/saxmachineparis.com\/en\/wp-json\/wp\/v2\/product_brand?post=7429"},{"taxonomy":"product_cat","embeddable":true,"href":"https:\/\/saxmachineparis.com\/en\/wp-json\/wp\/v2\/product_cat?post=7429"},{"taxonomy":"product_tag","embeddable":true,"href":"https:\/\/saxmachineparis.com\/en\/wp-json\/wp\/v2\/product_tag?post=7429"}],"curies":[{"name":"wp","href":"https:\/\/api.w.org\/{rel}","templated":true}]}}