{"id":7424,"date":"2019-05-25T15:36:17","date_gmt":"2019-05-25T15:36:17","guid":{"rendered":"https:\/\/sites.lecyclopeduweb.fr\/saxmachineparis\/?post_type=product&#038;p=7424"},"modified":"2025-08-06T13:26:24","modified_gmt":"2025-08-06T13:26:24","slug":"ligature-bambu-tenor","status":"publish","type":"product","link":"https:\/\/saxmachineparis.com\/en\/catalogue\/ligature-bambu-tenor\/","title":{"rendered":"Ligature Bamb\u00fa t\u00e9nor"},"content":{"rendered":"<h2>Ligatures Bamb\u00fa Tiss\u00e9 Main<\/h2>\n<p>Les ligatures Bamb\u00fa sont fabriqu\u00e9es \u00e0 la main avec des fibres synth\u00e9tiques hautement r\u00e9sistantes. Le processus de tissage utilis\u00e9 pour leur fabrication garantit qu&#8217;ils ne s&#8217;\u00e9tireront jamais. Les fibres sont 100% synth\u00e9tiques, et c\u2019est pour cette raison que ces ligatures sont durables et faciles \u00e0 nettoyer.<\/p>\n<p>Elles sont enti\u00e8rement fabriqu\u00e9es \u00e0 la main et sont soumises \u00e0 de nombreux tests au cours de leur fabrication pour garantir une finition parfaite.<\/p>\n<p>Leur syst\u00e8me ajustable permet \u00e9galement un placement facile sur le bec et fixe l\u2019anche parfaitement pour r\u00e9pondre aux pr\u00e9f\u00e9rences de chaque musicien. Ce produit a \u00e9t\u00e9 con\u00e7u pour offrir la possibilit\u00e9 d\u2019ajuster la pression de la ligature de la mani\u00e8re la plus pratique pour chaque utilisateur.<\/p>\n<p>Les ligatures Bamb\u00fa pr\u00e9sentent de nombreuses caract\u00e9ristiques, notamment leur capacit\u00e9 de permettre un staccato l\u00e9ger et confortable et une projection sonore ample.<\/p>\n<h2>Couleurs disponibles<\/h2>\n<p><img loading=\"lazy\" decoding=\"async\" src=\"https:\/\/saxmachineparis.com\/wp-content\/uploads\/2019\/05\/bambu-ligature-couleur.jpg\" alt=\"Tableau couleur ligature bambu\" width=\"1000\" height=\"529\" class=\"alignnone size-full wp-image-7420\" srcset=\"https:\/\/saxmachineparis.com\/wp-content\/uploads\/2019\/05\/bambu-ligature-couleur.jpg 1000w, https:\/\/saxmachineparis.com\/wp-content\/uploads\/2019\/05\/bambu-ligature-couleur-600x317.jpg 600w, https:\/\/saxmachineparis.com\/wp-content\/uploads\/2019\/05\/bambu-ligature-couleur-768x406.jpg 768w\" sizes=\"auto, (max-width: 1000px) 100vw, 1000px\" \/><\/p>\n","protected":false},"excerpt":{"rendered":"<p><img loading=\"lazy\" decoding=\"async\" src=\"https:\/\/saxmachineparis.com\/wp-content\/uploads\/2019\/05\/logo.jpg\" alt=\"Ligature Bambu logo\" width=\"250\" height=\"120\" class=\"alignnone size-full wp-image-7102\" \/><\/p>\n<ul>\n<li>tiss\u00e9es \u00e0 la main <\/li>\n<li>fibres synth\u00e9tiques hautement r\u00e9sistantes<\/li>\n","protected":false},"featured_media":7083,"comment_status":"open","ping_status":"closed","template":"","meta":{"_acf_changed":false},"product_brand":[],"product_cat":[1948],"product_tag":[2199],"class_list":{"0":"post-7424","1":"product","2":"type-product","3":"status-publish","4":"has-post-thumbnail","6":"product_cat-ligature-tenor","7":"product_tag-ligature-tenor","8":"pa_ligature-pour-bec-bec-ebonite","9":"pa_ligature-saxophone-tenor","10":"pa_marque-bambu","12":"first","13":"instock","14":"sale","15":"taxable","16":"shipping-taxable","17":"purchasable","18":"product-type-simple"},"acf":[],"_links":{"self":[{"href":"https:\/\/saxmachineparis.com\/en\/wp-json\/wp\/v2\/product\/7424","targetHints":{"allow":["GET"]}}],"collection":[{"href":"https:\/\/saxmachineparis.com\/en\/wp-json\/wp\/v2\/product"}],"about":[{"href":"https:\/\/saxmachineparis.com\/en\/wp-json\/wp\/v2\/types\/product"}],"replies":[{"embeddable":true,"href":"https:\/\/saxmachineparis.com\/en\/wp-json\/wp\/v2\/comments?post=7424"}],"wp:featuredmedia":[{"embeddable":true,"href":"https:\/\/saxmachineparis.com\/en\/wp-json\/wp\/v2\/media\/7083"}],"wp:attachment":[{"href":"https:\/\/saxmachineparis.com\/en\/wp-json\/wp\/v2\/media?parent=7424"}],"wp:term":[{"taxonomy":"product_brand","embeddable":true,"href":"https:\/\/saxmachineparis.com\/en\/wp-json\/wp\/v2\/product_brand?post=7424"},{"taxonomy":"product_cat","embeddable":true,"href":"https:\/\/saxmachineparis.com\/en\/wp-json\/wp\/v2\/product_cat?post=7424"},{"taxonomy":"product_tag","embeddable":true,"href":"https:\/\/saxmachineparis.com\/en\/wp-json\/wp\/v2\/product_tag?post=7424"}],"curies":[{"name":"wp","href":"https:\/\/api.w.org\/{rel}","templated":true}]}}