{"id":6931,"date":"2019-04-26T16:11:47","date_gmt":"2019-04-26T16:11:47","guid":{"rendered":"https:\/\/sites.lecyclopeduweb.fr\/saxmachineparis\/?post_type=product&#038;p=6931"},"modified":"2023-10-27T10:36:40","modified_gmt":"2023-10-27T10:36:40","slug":"bec-otto-link-tone-edge-alto","status":"publish","type":"product","link":"https:\/\/saxmachineparis.com\/en\/catalogue\/bec-otto-link-tone-edge-alto\/","title":{"rendered":"Bec Otto Link Tone Edge alto"},"content":{"rendered":"<p>Le bec Otto Link est de fa\u00e7on incontestable l&#8217;un des plus grands standards du jazz. Il se caract\u00e9rise par une projection tr\u00e8s directe et un son pr\u00e9cis, rond, et facile \u00e0 contr\u00f4ler.<\/p>\n<p>Depuis maintenant plus de 70 ans, sa tr\u00e8s grande polyvalence lui a permis de s&#8217;imposer aupr\u00e8s des musiciens professionnels et amateurs avertis. C&#8217;est \u00e9galement le bec qui a inspir\u00e9 le plus de fabricants.<\/p>\n<h3>Ouvertures disponibles:<\/h3>\n<p>5* \/ 6 \/ 6* \/ 7 \/ 7* \/ 8 \/ 8*<\/p>\n","protected":false},"excerpt":{"rendered":"<p class=\"conditionnement\">*Bec livr\u00e9 avec ligature et couvre bec<\/p>\n<p><img decoding=\"async\" src=\"https:\/\/saxmachineparis.com\/wp-content\/uploads\/2019\/04\/otto-link-logo.png\" alt=\"otto link logo\" width=\"120\" \/><\/p>\n<ul>\n<li>Ouvertures : 5* \/ 6 \/ 6* \/ 7 \/ 7* \/ 8 \/ 8*<\/li>\n<li>Son jazz<\/li>\n<li>\u00c9bonite<\/li>\n<li>Grande chambre<\/li>\n<li>Grande ouverture sur la surface de la table<\/li>\n<\/ul>\n","protected":false},"featured_media":6935,"comment_status":"open","ping_status":"closed","template":"","meta":{"_acf_changed":false},"product_brand":[],"product_cat":[2431,1313],"product_tag":[1314],"class_list":{"0":"post-6931","1":"product","2":"type-product","3":"status-publish","4":"has-post-thumbnail","6":"product_cat-bec-alto","7":"product_cat-becs","8":"product_tag-bec-alto","9":"pa_becs-saxophone-alto","10":"pa_marque-otto-link","11":"pa_materiau-bec-ebonite","12":"pa_style-bec-bec-jazz","14":"first","15":"instock","16":"sale","17":"taxable","18":"shipping-taxable","19":"purchasable","20":"product-type-simple"},"acf":[],"_links":{"self":[{"href":"https:\/\/saxmachineparis.com\/en\/wp-json\/wp\/v2\/product\/6931","targetHints":{"allow":["GET"]}}],"collection":[{"href":"https:\/\/saxmachineparis.com\/en\/wp-json\/wp\/v2\/product"}],"about":[{"href":"https:\/\/saxmachineparis.com\/en\/wp-json\/wp\/v2\/types\/product"}],"replies":[{"embeddable":true,"href":"https:\/\/saxmachineparis.com\/en\/wp-json\/wp\/v2\/comments?post=6931"}],"wp:featuredmedia":[{"embeddable":true,"href":"https:\/\/saxmachineparis.com\/en\/wp-json\/wp\/v2\/media\/6935"}],"wp:attachment":[{"href":"https:\/\/saxmachineparis.com\/en\/wp-json\/wp\/v2\/media?parent=6931"}],"wp:term":[{"taxonomy":"product_brand","embeddable":true,"href":"https:\/\/saxmachineparis.com\/en\/wp-json\/wp\/v2\/product_brand?post=6931"},{"taxonomy":"product_cat","embeddable":true,"href":"https:\/\/saxmachineparis.com\/en\/wp-json\/wp\/v2\/product_cat?post=6931"},{"taxonomy":"product_tag","embeddable":true,"href":"https:\/\/saxmachineparis.com\/en\/wp-json\/wp\/v2\/product_tag?post=6931"}],"curies":[{"name":"wp","href":"https:\/\/api.w.org\/{rel}","templated":true}]}}