{"id":6592,"date":"2019-04-12T12:57:52","date_gmt":"2019-04-12T12:57:52","guid":{"rendered":"https:\/\/sites.lecyclopeduweb.fr\/saxmachineparis\/?post_type=product&#038;p=6592"},"modified":"2025-03-05T15:39:54","modified_gmt":"2025-03-05T15:39:54","slug":"bec-theo-wanne-slant-sig-ii-tenor-ebonite","status":"publish","type":"product","link":"https:\/\/saxmachineparis.com\/en\/catalogue\/bec-theo-wanne-slant-sig-ii-tenor-ebonite\/","title":{"rendered":"Bec Theo Wanne Slant Sig II t\u00e9nor \u00e9bonite"},"content":{"rendered":"<p>Bec Theo Wanne Slant Sig II : Son design est inspir\u00e9 par des mod\u00e8les mythiques d&#8217;Otto Link allant de \u00ab Slant Signature \u00bb (d\u00e9but des ann\u00e9es 1950) au \u00ab Early Babbitt \u00bb (ann\u00e9es 1970)<\/p>\n<p>Slant Sig est le bec id\u00e9al pour les \u00e9tudiants et les professionnels. On peut obtenir le son de t\u00e9nor jazz \u00ab classique \u00bb, sans se soucier des incoh\u00e9rences des becs vintage. Il y a encore plus de projection, de pl\u00e9nitude et de chaleur\u2026 tout \u00e0 la fois.<\/p>\n<p>Sonorit\u00e9 Jazz classique<\/p>\n<p>. <\/p>\n","protected":false},"excerpt":{"rendered":"<p class=\"conditionnement\">*Bec livr\u00e9 avec ligature et couvre bec<\/p>\n<p><img decoding=\"async\" src=\"https:\/\/saxmachineparis.com\/wp-content\/uploads\/2019\/04\/logo-theo-wanne.jpg\" alt=\"logo theo wanne\" width=\"200\" \/><\/p>\n<ul>\n<li>Ouvertures : 6* \/ 7* \/ 8<\/li>\n<li>Son Jazz Classique<\/li>\n<li>\u00c9bonite<\/li>\n<li>Pochette en cuir<\/li>\n<\/ul>\n","protected":false},"featured_media":6593,"comment_status":"open","ping_status":"closed","template":"","meta":{"_acf_changed":false},"product_brand":[],"product_cat":[2434,1313],"product_tag":[1431],"class_list":{"0":"post-6592","1":"product","2":"type-product","3":"status-publish","4":"has-post-thumbnail","6":"product_cat-bec-tenor","7":"product_cat-becs","8":"product_tag-bec-tenor","9":"pa_becs-saxophone-tenor","10":"pa_marque-theo-wanne","11":"pa_materiau-bec-ebonite","12":"pa_style-bec-bec-jazz","14":"first","15":"instock","16":"sale","17":"taxable","18":"shipping-taxable","19":"purchasable","20":"product-type-simple"},"acf":[],"_links":{"self":[{"href":"https:\/\/saxmachineparis.com\/en\/wp-json\/wp\/v2\/product\/6592","targetHints":{"allow":["GET"]}}],"collection":[{"href":"https:\/\/saxmachineparis.com\/en\/wp-json\/wp\/v2\/product"}],"about":[{"href":"https:\/\/saxmachineparis.com\/en\/wp-json\/wp\/v2\/types\/product"}],"replies":[{"embeddable":true,"href":"https:\/\/saxmachineparis.com\/en\/wp-json\/wp\/v2\/comments?post=6592"}],"wp:featuredmedia":[{"embeddable":true,"href":"https:\/\/saxmachineparis.com\/en\/wp-json\/wp\/v2\/media\/6593"}],"wp:attachment":[{"href":"https:\/\/saxmachineparis.com\/en\/wp-json\/wp\/v2\/media?parent=6592"}],"wp:term":[{"taxonomy":"product_brand","embeddable":true,"href":"https:\/\/saxmachineparis.com\/en\/wp-json\/wp\/v2\/product_brand?post=6592"},{"taxonomy":"product_cat","embeddable":true,"href":"https:\/\/saxmachineparis.com\/en\/wp-json\/wp\/v2\/product_cat?post=6592"},{"taxonomy":"product_tag","embeddable":true,"href":"https:\/\/saxmachineparis.com\/en\/wp-json\/wp\/v2\/product_tag?post=6592"}],"curies":[{"name":"wp","href":"https:\/\/api.w.org\/{rel}","templated":true}]}}