{"id":6548,"date":"2019-04-12T07:03:04","date_gmt":"2019-04-12T07:03:04","guid":{"rendered":"https:\/\/sites.lecyclopeduweb.fr\/saxmachineparis\/?post_type=product&#038;p=6548"},"modified":"2025-03-05T15:43:32","modified_gmt":"2025-03-05T15:43:32","slug":"bec-theo-wanne-shiva-metal-tenor","status":"publish","type":"product","link":"https:\/\/saxmachineparis.com\/en\/catalogue\/bec-theo-wanne-shiva-metal-tenor\/","title":{"rendered":"Bec Theo Wanne Shiva t\u00e9nor m\u00e9tal"},"content":{"rendered":"<p>Bec Theo Wanne Shiva II : La chambre en branchie de requins donne de la puissance \u00e0 ce bec. Ideal pour le Rock n&#8217;Roll, R&#038;B, et toutes les situations o\u00f9 l&#8217;on a besoin de dynamique et de puissance.<\/p>\n<p>Son tr\u00e8s brillant.<\/p>\n","protected":false},"excerpt":{"rendered":"<p class=\"conditionnement\">*Bec livr\u00e9 avec ligature et couvre bec<\/p>\n<p><img decoding=\"async\" src=\"https:\/\/saxmachineparis.com\/wp-content\/uploads\/2019\/04\/logo-theo-wanne.jpg\" alt=\"logo theo wanne\" width=\"200\" \/><\/p>\n<ul>\n<li>Ouvertures : 7* \/ 8 \/ 9<\/li>\n<li>Son Tr\u00e8s Brillant <\/li>\n<li>Plaqu\u00e9 or<\/li>\n<li>Pochette en cuir<\/li>\n<\/ul>\n","protected":false},"featured_media":6555,"comment_status":"open","ping_status":"closed","template":"","meta":{"_acf_changed":false},"product_brand":[],"product_cat":[2434,1313],"product_tag":[1431],"class_list":{"0":"post-6548","1":"product","2":"type-product","3":"status-publish","4":"has-post-thumbnail","6":"product_cat-bec-tenor","7":"product_cat-becs","8":"product_tag-bec-tenor","9":"pa_becs-saxophone-tenor","10":"pa_marque-theo-wanne","11":"pa_materiau-bec-metal","12":"pa_style-bec-bec-funk-fusion","13":"pa_style-bec-bec-jazz","15":"first","16":"instock","17":"sale","18":"taxable","19":"shipping-taxable","20":"purchasable","21":"product-type-simple"},"acf":[],"_links":{"self":[{"href":"https:\/\/saxmachineparis.com\/en\/wp-json\/wp\/v2\/product\/6548","targetHints":{"allow":["GET"]}}],"collection":[{"href":"https:\/\/saxmachineparis.com\/en\/wp-json\/wp\/v2\/product"}],"about":[{"href":"https:\/\/saxmachineparis.com\/en\/wp-json\/wp\/v2\/types\/product"}],"replies":[{"embeddable":true,"href":"https:\/\/saxmachineparis.com\/en\/wp-json\/wp\/v2\/comments?post=6548"}],"wp:featuredmedia":[{"embeddable":true,"href":"https:\/\/saxmachineparis.com\/en\/wp-json\/wp\/v2\/media\/6555"}],"wp:attachment":[{"href":"https:\/\/saxmachineparis.com\/en\/wp-json\/wp\/v2\/media?parent=6548"}],"wp:term":[{"taxonomy":"product_brand","embeddable":true,"href":"https:\/\/saxmachineparis.com\/en\/wp-json\/wp\/v2\/product_brand?post=6548"},{"taxonomy":"product_cat","embeddable":true,"href":"https:\/\/saxmachineparis.com\/en\/wp-json\/wp\/v2\/product_cat?post=6548"},{"taxonomy":"product_tag","embeddable":true,"href":"https:\/\/saxmachineparis.com\/en\/wp-json\/wp\/v2\/product_tag?post=6548"}],"curies":[{"name":"wp","href":"https:\/\/api.w.org\/{rel}","templated":true}]}}