{"id":6345,"date":"2019-04-25T09:40:37","date_gmt":"2019-04-25T09:40:37","guid":{"rendered":"https:\/\/sites.lecyclopeduweb.fr\/saxmachineparis\/?post_type=product&#038;p=6345"},"modified":"2025-04-04T13:08:55","modified_gmt":"2025-04-04T13:08:55","slug":"ligature-vandoren-optimum-alto","status":"publish","type":"product","link":"https:\/\/saxmachineparis.com\/en\/catalogue\/ligature-vandoren-optimum-alto\/","title":{"rendered":"Ligature Vandoren Optimum alto"},"content":{"rendered":"<ul>\n<li>Serrage rapide et sym\u00e9trique gr\u00e2ce \u00e0 une vis unique double pas.<\/li>\n<li>3 plaquettes de pression interchangeables.<\/li>\n<li>Une expressivit\u00e9 en toute libert\u00e9.<\/li>\n<\/ul>\n<div>\n<strong>Plaquette n\u00b01 :<\/strong> Sonorit\u00e9 riche, couleur et projection du son. La pression sur la longueur des fibres de l\u2019anche procure une incroyable aisance dans le jeu (en particulier pour le staccato)<br \/>\n<img decoding=\"async\" src=\"https:\/\/saxmachineparis.com\/wp-content\/uploads\/2019\/03\/plaquette1-sax-optimum.jpeg\" alt=\"plaquette Ligature Vandoren Optimum no1\" width=\"60\" \/>\n<\/div>\n<div>\n<strong>Plaquette n\u00b02 :<\/strong> Sonorit\u00e9 plus compacte, plus centr\u00e9e. Douceur de p\u00e2te sonore. Facilit\u00e9  d\u2019\u00e9mission.<br \/>\n<img decoding=\"async\" src=\"https:\/\/saxmachineparis.com\/wp-content\/uploads\/2019\/03\/plaquette2-sax-optimum.jpeg\" alt=\"plaquette Ligature Vandoren Optimum no2\" width=\"60\" \/>\n<\/div>\n<div>\n<strong>Plaquette n\u00b03 :<\/strong> L\u2019anche vibre en totale libert\u00e9, en produisant un son qui s\u2019adapte tr\u00e8s facilement \u00e0 votre jeu. Grande facilit\u00e9 d\u2019expression.<br \/>\n<img decoding=\"async\" src=\"https:\/\/saxmachineparis.com\/wp-content\/uploads\/2019\/03\/plaquette3-sax-optimum.jpeg\" alt=\"\" width=\"60\" \/>\n<\/div>\n","protected":false},"excerpt":{"rendered":"<p class=\"conditionnement\">*Ligature avec couvre bec et 3 plaquettes de pression<\/p>\n<p><img loading=\"lazy\" decoding=\"async\" src=\"https:\/\/saxmachineparis.com\/wp-content\/uploads\/2019\/03\/logo-vendoren.jpg\" alt=\"\" width=\"150\" height=\"92\" \/><\/p>\n","protected":false},"featured_media":6364,"comment_status":"open","ping_status":"closed","template":"","meta":{"_acf_changed":false},"product_brand":[],"product_cat":[1947],"product_tag":[],"class_list":{"0":"post-6345","1":"product","2":"type-product","3":"status-publish","4":"has-post-thumbnail","6":"product_cat-ligature-alto","7":"pa_ligature-pour-bec-bec-ebonite","8":"pa_ligature-saxophone-alto","9":"pa_marque-vandoren","11":"first","12":"instock","13":"sale","14":"taxable","15":"shipping-taxable","16":"purchasable","17":"product-type-simple"},"acf":[],"_links":{"self":[{"href":"https:\/\/saxmachineparis.com\/en\/wp-json\/wp\/v2\/product\/6345","targetHints":{"allow":["GET"]}}],"collection":[{"href":"https:\/\/saxmachineparis.com\/en\/wp-json\/wp\/v2\/product"}],"about":[{"href":"https:\/\/saxmachineparis.com\/en\/wp-json\/wp\/v2\/types\/product"}],"replies":[{"embeddable":true,"href":"https:\/\/saxmachineparis.com\/en\/wp-json\/wp\/v2\/comments?post=6345"}],"wp:featuredmedia":[{"embeddable":true,"href":"https:\/\/saxmachineparis.com\/en\/wp-json\/wp\/v2\/media\/6364"}],"wp:attachment":[{"href":"https:\/\/saxmachineparis.com\/en\/wp-json\/wp\/v2\/media?parent=6345"}],"wp:term":[{"taxonomy":"product_brand","embeddable":true,"href":"https:\/\/saxmachineparis.com\/en\/wp-json\/wp\/v2\/product_brand?post=6345"},{"taxonomy":"product_cat","embeddable":true,"href":"https:\/\/saxmachineparis.com\/en\/wp-json\/wp\/v2\/product_cat?post=6345"},{"taxonomy":"product_tag","embeddable":true,"href":"https:\/\/saxmachineparis.com\/en\/wp-json\/wp\/v2\/product_tag?post=6345"}],"curies":[{"name":"wp","href":"https:\/\/api.w.org\/{rel}","templated":true}]}}