{"id":5998,"date":"2019-02-12T14:57:31","date_gmt":"2019-02-12T14:57:31","guid":{"rendered":"https:\/\/sites.lecyclopeduweb.fr\/saxmachineparis\/?post_type=product&#038;p=5998"},"modified":"2025-08-14T15:43:38","modified_gmt":"2025-08-14T15:43:38","slug":"saxophone-sopranino-yanagisawa","status":"publish","type":"product","link":"https:\/\/saxmachineparis.com\/en\/catalogue\/saxophone-sopranino-yanagisawa\/","title":{"rendered":"Saxophone Sopranino Yanagisawa"},"content":{"rendered":"<p>Le saxophone sopranino Yanagisawa SN981 est un superbe instrument qui offre une clart\u00e9 \u00e0  couper le souffle dans les registres sup\u00e9rieurs. Un v\u00e9ritable plaisir \u00e0 jouer et \u00e0 entendre. Le SN981 est le partenaire privil\u00e9gi\u00e9 des ensembles de saxophone. Ses qualit\u00e9s professionnelles ainsi que son parfait positionnement prix le place en premier choix des \u00e9coles de musique. <\/p>\n","protected":false},"excerpt":{"rendered":"<p>Finitions : Verni, argent\u00e9<br \/>\n<img decoding=\"async\" src=\"https:\/\/saxmachineparis.com\/wp-content\/uploads\/2018\/12\/logo-yanagisawa.jpg\" alt=\"Logo Yanagisawa\" width=\"100\" class=\"alignnone\" \/><\/p>\n<ul>\n<li>Tonalit\u00e9: Mib \/ Eb<\/li>\n<li>Registre: de Sib grave \u00e0  Mi aigu<\/li>\n<li>Corps: laiton<\/li>\n<li>Cl\u00e9s: laiton<\/li>\n<li>Pavillon: laiton<\/li>\n<li>Type de bocal: fixe &#8211; Instrument monotube<\/li>\n<\/ul>\n<p>&nbsp;<br \/>\nLivr\u00e9 avec un bec et \u00e9tui valise<br \/>\n&nbsp;<\/p>\n<div class=\"contact-button-woocommerce\"><a href=\"tel:+33145260529\">Nous contacter :\u00a001 45 26 05 20<\/a><\/div>\n","protected":false},"featured_media":5999,"comment_status":"open","ping_status":"closed","template":"","meta":{"_acf_changed":false},"product_brand":[],"product_cat":[1266],"product_tag":[1255,1224],"class_list":{"0":"post-5998","1":"product","2":"type-product","3":"status-publish","4":"has-post-thumbnail","6":"product_cat-sopranino","7":"product_tag-modele-professionnel","8":"product_tag-saxophone","10":"first","11":"instock","12":"sale","13":"purchasable","14":"product-type-simple"},"acf":[],"_links":{"self":[{"href":"https:\/\/saxmachineparis.com\/en\/wp-json\/wp\/v2\/product\/5998","targetHints":{"allow":["GET"]}}],"collection":[{"href":"https:\/\/saxmachineparis.com\/en\/wp-json\/wp\/v2\/product"}],"about":[{"href":"https:\/\/saxmachineparis.com\/en\/wp-json\/wp\/v2\/types\/product"}],"replies":[{"embeddable":true,"href":"https:\/\/saxmachineparis.com\/en\/wp-json\/wp\/v2\/comments?post=5998"}],"wp:featuredmedia":[{"embeddable":true,"href":"https:\/\/saxmachineparis.com\/en\/wp-json\/wp\/v2\/media\/5999"}],"wp:attachment":[{"href":"https:\/\/saxmachineparis.com\/en\/wp-json\/wp\/v2\/media?parent=5998"}],"wp:term":[{"taxonomy":"product_brand","embeddable":true,"href":"https:\/\/saxmachineparis.com\/en\/wp-json\/wp\/v2\/product_brand?post=5998"},{"taxonomy":"product_cat","embeddable":true,"href":"https:\/\/saxmachineparis.com\/en\/wp-json\/wp\/v2\/product_cat?post=5998"},{"taxonomy":"product_tag","embeddable":true,"href":"https:\/\/saxmachineparis.com\/en\/wp-json\/wp\/v2\/product_tag?post=5998"}],"curies":[{"name":"wp","href":"https:\/\/api.w.org\/{rel}","templated":true}]}}