{"id":5968,"date":"2019-02-10T23:45:59","date_gmt":"2019-02-10T23:45:59","guid":{"rendered":"https:\/\/sites.lecyclopeduweb.fr\/saxmachineparis\/?post_type=product&#038;p=5968"},"modified":"2026-01-17T13:39:29","modified_gmt":"2026-01-17T13:39:29","slug":"saxophone-soprano-selmer-serie3","status":"publish","type":"product","link":"https:\/\/saxmachineparis.com\/en\/catalogue\/saxophone-soprano-selmer-serie3\/","title":{"rendered":"Saxophone Soprano Selmer S\u00e9rie III verni (GG)"},"content":{"rendered":"<p>La gamme &#8221; S\u00e9rie III &#8221; propose une esth\u00e9tique de son diff\u00e9rente. Elle int\u00e8gre les derni\u00e8res avanc\u00e9es SELMER-Paris, en termes de techniques de fabrication et de conception musicale. Mise en place dans le m\u00eame souci de polyvalence d&#8217;utilisation, elle convient \u00e9galement \u00e0 des musiciens d&#8217;univers diff\u00e9rents. Ils y trouvent des instruments d&#8217;une exceptionnelle homog\u00e9n\u00e9it\u00e9 de justesse, de timbre et d&#8217;\u00e9mission.<\/p>\n","protected":false},"excerpt":{"rendered":"<p class=\"conditionnement\">*Instrument livr\u00e9 avec \u00e9tui &#8220;Light&#8221; et bec &#8220;S80&#8221;<\/p>\n<p class=\"conditionnement\">*Tous nos saxophones Selmer sont s\u00e9lectionn\u00e9s par un musicien professionnel<\/p>\n<p><strong>Finitions :<\/strong> Verni Gold Grav\u00e9 (GG), <a href=\"https:\/\/saxmachineparis.com\/catalogue\/saxophone-soprano-selmer-serie-iii-brosse-bgg\/\">Bross\u00e9 Grav\u00e9 (BGG)<\/a>, <a href=\"https:\/\/saxmachineparis.com\/catalogue\/saxophone-soprano-selmer-serie-iii-laque-noir-ng\/\">Noir Grav\u00e9 (NG)<\/a>, <a href=\"https:\/\/saxmachineparis.com\/catalogue\/saxophone-soprano-selmer-serie-iii-argente\/\">Argent\u00e9 Grav\u00e9 (AG)<\/a>, <a href=\"https:\/\/saxmachineparis.com\/catalogue\/saxophone-soprano-selmer-serie-iii-plaque-or\/\">Plaqu\u00e9 Or Grav\u00e9 (AU)<\/a>, <a href=\"https:\/\/saxmachineparis.com\/catalogue\/saxophone-soprano-selmer-serie-iii-argent-massif-amo\/\">Argent Massif Grav\u00e9 (AMG)<\/a><\/p>\n<p><img decoding=\"async\" src=\"https:\/\/saxmachineparis.com\/wp-content\/uploads\/2018\/12\/logo-henri-selmer-paris.jpg\" alt=\"logo henri selmer paris sax-machine\" width=\"100\" \/><\/p>\n<ul>\n<li>Grav\u00e9<\/li>\n<li>Tonalit\u00e9 : Sib<\/li>\n<li>Tessiture : Sib grave au Sol aigu<\/li>\n<li>Support pouce main droite r\u00e9glable en r\u00e9sine<\/li>\n<li>Tampons cuir, r\u00e9sonateur m\u00e9tal<\/li>\n<li>Cl\u00e9 de Fa# aigu<\/li>\n<li>Ressorts aiguille en acier inox<\/li>\n<li>Peut-\u00eatre vendu avec ou sans \u00e9tui et bec<\/li>\n<\/ul>\n<p>&nbsp;<\/p>\n<p>&nbsp;<\/p>\n<div class=\"contact-button-woocommerce\"><a href=\"tel:+33145260529\">Nous contacter :\u00a001 45 26 05 20<\/a><\/div>\n","protected":false},"featured_media":5987,"comment_status":"open","ping_status":"closed","template":"","meta":{"_acf_changed":false},"product_brand":[],"product_cat":[1222],"product_tag":[1255,1224,1280],"class_list":{"0":"post-5968","1":"product","2":"type-product","3":"status-publish","4":"has-post-thumbnail","6":"product_cat-soprano","7":"product_tag-modele-professionnel","8":"product_tag-saxophone","9":"product_tag-soprano-droit","10":"pa_marque-selmer","12":"first","13":"instock","14":"sale","15":"purchasable","16":"product-type-simple"},"acf":[],"_links":{"self":[{"href":"https:\/\/saxmachineparis.com\/en\/wp-json\/wp\/v2\/product\/5968","targetHints":{"allow":["GET"]}}],"collection":[{"href":"https:\/\/saxmachineparis.com\/en\/wp-json\/wp\/v2\/product"}],"about":[{"href":"https:\/\/saxmachineparis.com\/en\/wp-json\/wp\/v2\/types\/product"}],"replies":[{"embeddable":true,"href":"https:\/\/saxmachineparis.com\/en\/wp-json\/wp\/v2\/comments?post=5968"}],"wp:featuredmedia":[{"embeddable":true,"href":"https:\/\/saxmachineparis.com\/en\/wp-json\/wp\/v2\/media\/5987"}],"wp:attachment":[{"href":"https:\/\/saxmachineparis.com\/en\/wp-json\/wp\/v2\/media?parent=5968"}],"wp:term":[{"taxonomy":"product_brand","embeddable":true,"href":"https:\/\/saxmachineparis.com\/en\/wp-json\/wp\/v2\/product_brand?post=5968"},{"taxonomy":"product_cat","embeddable":true,"href":"https:\/\/saxmachineparis.com\/en\/wp-json\/wp\/v2\/product_cat?post=5968"},{"taxonomy":"product_tag","embeddable":true,"href":"https:\/\/saxmachineparis.com\/en\/wp-json\/wp\/v2\/product_tag?post=5968"}],"curies":[{"name":"wp","href":"https:\/\/api.w.org\/{rel}","templated":true}]}}