{"id":5949,"date":"2019-02-10T00:34:09","date_gmt":"2019-02-10T00:34:09","guid":{"rendered":"https:\/\/sites.lecyclopeduweb.fr\/saxmachineparis\/?post_type=product&#038;p=5949"},"modified":"2026-01-17T13:39:56","modified_gmt":"2026-01-17T13:39:56","slug":"saxophone-soprano-selmer-sa80ii-verni","status":"publish","type":"product","link":"https:\/\/saxmachineparis.com\/en\/catalogue\/saxophone-soprano-selmer-sa80ii-verni\/","title":{"rendered":"Saxophone Soprano Selmer SA80 II verni (GG)"},"content":{"rendered":"<p>Le saxophone Selmer Soprano sib &#8220;Super Action 80 S\u00e9rie II&#8221; repr\u00e9sente une avanc\u00e9e importante dans la conception globale du soprano et s\u2019affirme toujours comme un mod\u00e8le particuli\u00e8rement int\u00e9ressant en termes de couleur sonore.<\/p>\n<p>Instrument timbr\u00e9, riche en harmoniques aigu\u00ebs, il poss\u00e8de un excellent pouvoir de projection. Sa conception (tube d\u2019une seule pi\u00e8ce) garantit une grande stabilit\u00e9 de jeu, notamment sur le plan de la justesse et de l\u2019\u00e9mission.<\/p>\n","protected":false},"excerpt":{"rendered":"<p class=\"conditionnement\">*Instrument livr\u00e9 avec \u00e9tui &#8220;Light&#8221; et bec &#8220;S80&#8221;<\/p>\n<p class=\"conditionnement\">*Tous nos saxophones Selmer sont s\u00e9lectionn\u00e9s par un musicien professionnel<\/p>\n<p><strong>Finitions :<\/strong> Verni Gold Grav\u00e9 (GG), Bross\u00e9 Grav\u00e9 (BGG), <a href=\"https:\/\/saxmachineparis.com\/catalogue\/saxophone-soprano-selmer-sa80-ii-laque-noir-ng\/\">Noir Grav\u00e9 (NG)<\/a>, <a href=\"https:\/\/saxmachineparis.com\/catalogue\/saxophone-soprano-selmer-sa80-ii-ag\/\">Argent\u00e9 Grav\u00e9 (AG)<\/a><\/p>\n<p><img decoding=\"async\" src=\"https:\/\/saxmachineparis.com\/wp-content\/uploads\/2018\/12\/logo-henri-selmer-paris.jpg\" alt=\"logo henri selmer paris sax-machine\" width=\"100\" \/><\/p>\n<ul>\n<li>Grav\u00e9<\/li>\n<li>Tonalit\u00e9 : Sib<\/li>\n<li>Cl\u00e9s de Fa# aigu<\/li>\n<li>Support pouce main droite r\u00e9glable en r\u00e9sine<\/li>\n<li>Tampons cuir, r\u00e9sonateur m\u00e9tal<\/li>\n<li>Cl\u00e9 de Fa# aigu<\/li>\n<li>Ressorts aiguille en acier inox<\/li>\n<li>Peut-\u00eatre vendu avec ou sans \u00e9tui et bec<\/li>\n<\/ul>\n<p>&nbsp;<\/p>\n<p>&nbsp;<\/p>\n<div class=\"contact-button-woocommerce\"><a href=\"tel:+33145260529\">Nous contacter :\u00a001 45 26 05 20<\/a><\/div>\n","protected":false},"featured_media":5965,"comment_status":"open","ping_status":"closed","template":"","meta":{"_acf_changed":false},"product_brand":[],"product_cat":[1222],"product_tag":[1255,1224,1280],"class_list":{"0":"post-5949","1":"product","2":"type-product","3":"status-publish","4":"has-post-thumbnail","6":"product_cat-soprano","7":"product_tag-modele-professionnel","8":"product_tag-saxophone","9":"product_tag-soprano-droit","10":"pa_marque-selmer","12":"first","13":"instock","14":"sale","15":"purchasable","16":"product-type-simple"},"acf":[],"_links":{"self":[{"href":"https:\/\/saxmachineparis.com\/en\/wp-json\/wp\/v2\/product\/5949","targetHints":{"allow":["GET"]}}],"collection":[{"href":"https:\/\/saxmachineparis.com\/en\/wp-json\/wp\/v2\/product"}],"about":[{"href":"https:\/\/saxmachineparis.com\/en\/wp-json\/wp\/v2\/types\/product"}],"replies":[{"embeddable":true,"href":"https:\/\/saxmachineparis.com\/en\/wp-json\/wp\/v2\/comments?post=5949"}],"wp:featuredmedia":[{"embeddable":true,"href":"https:\/\/saxmachineparis.com\/en\/wp-json\/wp\/v2\/media\/5965"}],"wp:attachment":[{"href":"https:\/\/saxmachineparis.com\/en\/wp-json\/wp\/v2\/media?parent=5949"}],"wp:term":[{"taxonomy":"product_brand","embeddable":true,"href":"https:\/\/saxmachineparis.com\/en\/wp-json\/wp\/v2\/product_brand?post=5949"},{"taxonomy":"product_cat","embeddable":true,"href":"https:\/\/saxmachineparis.com\/en\/wp-json\/wp\/v2\/product_cat?post=5949"},{"taxonomy":"product_tag","embeddable":true,"href":"https:\/\/saxmachineparis.com\/en\/wp-json\/wp\/v2\/product_tag?post=5949"}],"curies":[{"name":"wp","href":"https:\/\/api.w.org\/{rel}","templated":true}]}}