{"id":5680,"date":"2019-01-15T23:00:09","date_gmt":"2019-01-15T23:00:09","guid":{"rendered":"https:\/\/sites.lecyclopeduweb.fr\/saxmachineparis\/?post_type=product&#038;p=5680"},"modified":"2025-07-03T09:15:42","modified_gmt":"2025-07-03T09:15:42","slug":"saxophone-tenor-yanagisawa-wo2","status":"publish","type":"product","link":"https:\/\/saxmachineparis.com\/en\/catalogue\/saxophone-tenor-yanagisawa-wo2\/","title":{"rendered":"Saxophone T\u00e9nor Yanagisawa T-WO 2 Bronze"},"content":{"rendered":"<p>Nouveau saxophone t\u00e9nor Yanagisawa s\u00e9rie professional WO, le T-W02 s\u00e9rie Professionnelle remplace le T902<\/p>\n<p>Facile d&#8217;\u00e9mission ce nouveau saxophone diffuse une sonorit\u00e9 claire et brillante. La m\u00e9canique et \u00e0 la fois l\u00e9g\u00e8re et robuste. L&#8217;ergonomie a \u00e9t\u00e9 retravaill\u00e9, plus facile \u00e0 maitriser, certaines cl\u00e9 ont \u00e9t\u00e9 redessin\u00e9es et repositionn\u00e9es.<\/p>\n<h3>Design s\u00e9rie WO<\/h3>\n<ul>\n<li>R\u00e9ajustement de l&#8217;\u00e9chelle et modification de la perce pour une justesse irr\u00e9prochable.<\/li>\n<li>Nouveau laiton plus robuste<\/li>\n<li>Levier de Fa aigu redessin\u00e9<\/li>\n<li>Renforts sous les cl\u00e9s de cadences (Sib, Do, Mi aigu)<\/li>\n<li>Passage R\u00e9#\/Do grave facilit\u00e9<\/li>\n<li>Nouvelles plaques de r\u00e9sonances sur le bocal pour un son plus centr\u00e9<\/li>\n<li>Nouvelle gravure r\u00e9alis\u00e9e \u00e0 la main<\/li>\n<\/ul>\n<h3>Nouvel \u00e9tui sac \u00e0 dos<\/h3>\n<ul>\n<li>Design chic et moderne<\/li>\n<li>Pratique gr\u00e2ce \u00e0 son compartiment de rangement int\u00e9rieur et sa poche ext\u00e9rieure<\/li>\n<li>Facile \u00e0 transporter gr\u00e2ce \u00e0 ses deux sangles permettant son utilisation en sac \u00e0 dos<\/li>\n<\/ul>\n<h3>D\u00e9clinaison :<\/h3>\n<p>\u2022 T-W01 : Bocal &#8211; Tube &#8211; Culasse &#8211; Pavillon : Laiton verni gold<br \/>\n\u2022 T-W02 : Bocal &#8211; Tube &#8211; Culasse &#8211; Pavillon : Bronze verni (cuivre rose)<\/p>\n","protected":false},"excerpt":{"rendered":"<p>BRONZE<\/p>\n<p>Le bronze est enrichi en cuivre qui lui donne une couleur ros\u00e9e. Le timbre est sensiblement plus \u00ab rond \u00bb que le mod\u00e8le laiton (<a href=\"https:\/\/saxmachineparis.com\/catalogue\/saxophone-tenor-yanagisawa-wo2\/\">T-WO1<\/a>)<\/p>\n<p><strong>Autres finitions :<\/strong> <a href=\"https:\/\/saxmachineparis.com\/produit\/saxophone-tenor-yanagisawa-wo1\/\" target=\"_blank\" rel=\"noopener noreferrer\">laiton<\/a><\/p>\n<p><img decoding=\"async\" class=\"alignnone\" src=\"https:\/\/saxmachineparis.com\/wp-content\/uploads\/2018\/12\/logo-yanagisawa.jpg\" alt=\"Logo Yanagisawa\" width=\"100\" \/><\/p>\n<ul>\n<li>Tonalit\u00e9c: Sib<\/li>\n<li>Registre : Sib grave \u00e0 Fa # aigu<\/li>\n<li>Corps : bronze<\/li>\n<li>Culasse : bronze<\/li>\n<li>Pavillon : bronze<\/li>\n<li>Cl\u00e9s : laiton<\/li>\n<li>Finition : verni<\/li>\n<li>Bocal : bronze<\/li>\n<\/ul>\n<p>Vendu avec \u00e9tui sac \u00e0 dos et bec<\/p>\n<div class=\"contact-button-woocommerce\"><a href=\"tel:+33145260529\">Nous contacter :\u00a001 45 26 05 20<\/a><\/div>\n","protected":false},"featured_media":5656,"comment_status":"open","ping_status":"closed","template":"","meta":{"_acf_changed":false},"product_brand":[],"product_cat":[994],"product_tag":[1255,1224],"class_list":{"0":"post-5680","1":"product","2":"type-product","3":"status-publish","4":"has-post-thumbnail","6":"product_cat-tenor","7":"product_tag-modele-professionnel","8":"product_tag-saxophone","10":"first","11":"instock","12":"sale","13":"purchasable","14":"product-type-simple"},"acf":[],"_links":{"self":[{"href":"https:\/\/saxmachineparis.com\/en\/wp-json\/wp\/v2\/product\/5680","targetHints":{"allow":["GET"]}}],"collection":[{"href":"https:\/\/saxmachineparis.com\/en\/wp-json\/wp\/v2\/product"}],"about":[{"href":"https:\/\/saxmachineparis.com\/en\/wp-json\/wp\/v2\/types\/product"}],"replies":[{"embeddable":true,"href":"https:\/\/saxmachineparis.com\/en\/wp-json\/wp\/v2\/comments?post=5680"}],"wp:featuredmedia":[{"embeddable":true,"href":"https:\/\/saxmachineparis.com\/en\/wp-json\/wp\/v2\/media\/5656"}],"wp:attachment":[{"href":"https:\/\/saxmachineparis.com\/en\/wp-json\/wp\/v2\/media?parent=5680"}],"wp:term":[{"taxonomy":"product_brand","embeddable":true,"href":"https:\/\/saxmachineparis.com\/en\/wp-json\/wp\/v2\/product_brand?post=5680"},{"taxonomy":"product_cat","embeddable":true,"href":"https:\/\/saxmachineparis.com\/en\/wp-json\/wp\/v2\/product_cat?post=5680"},{"taxonomy":"product_tag","embeddable":true,"href":"https:\/\/saxmachineparis.com\/en\/wp-json\/wp\/v2\/product_tag?post=5680"}],"curies":[{"name":"wp","href":"https:\/\/api.w.org\/{rel}","templated":true}]}}