{"id":5488,"date":"2018-12-15T16:06:22","date_gmt":"2018-12-15T16:06:22","guid":{"rendered":"https:\/\/sites.lecyclopeduweb.fr\/saxmachineparis\/?post_type=product&#038;p=5488"},"modified":"2026-01-17T13:37:45","modified_gmt":"2026-01-17T13:37:45","slug":"saxophone-alto-selmer-sa80-serie-ii-jubilee-bgg","status":"publish","type":"product","link":"https:\/\/saxmachineparis.com\/en\/catalogue\/saxophone-alto-selmer-sa80-serie-ii-jubilee-bgg\/","title":{"rendered":"Saxophone Alto Selmer SA80 S\u00e9rie II Jubil\u00e9e Bross\u00e9 (BGG)"},"content":{"rendered":"<p>L\u2019alto Selmer \u201cSuper Action 80 S\u00e9rie II\u201d est sans aucun doute le plus populaire des saxophones Alto professionnels jou\u00e9s dans le monde.<br \/>\nUn son ouvert, harmoniquement tr\u00e8s riche et un excellent pouvoir de projection en font un instrument particuli\u00e8rement polyvalent.<br \/>\nLa puissance de sa sonorit\u00e9 et sa dynamique \u00e9tendue lui r\u00e9servent une place de choix dans le classique et le jazz, aussi bien dans le Quatuor qu\u2019en grande formation et dans les orchestres d\u2019harmonie. Son m\u00e9canisme particuli\u00e8rement \u00e9quilibr\u00e9 offre une grande pr\u00e9cision de jeu.<\/p>\n","protected":false},"excerpt":{"rendered":"<p class=\"conditionnement\">*Instrument livr\u00e9 avec \u00e9tui &#8220;Light&#8221; et bec &#8220;S80&#8221;<\/p>\n<p class=\"conditionnement\">*Tous nos saxophones Selmer sont s\u00e9lectionn\u00e9s par un musicien professionnel<\/p>\n<p><strong>Finitions :<\/strong> <a href=\"https:\/\/saxmachineparis.com\/produit\/saxophone-alto-selmer-sa80-serie-ii-jubilee\/\">Verni Gold Grav\u00e9 (GG)<\/a>, Bross\u00e9 Grav\u00e9 (BGG), <a href=\"https:\/\/saxmachineparis.com\/produit\/saxophone-alto-selmer-sa80-serie-ii-jubilee-noir\/\">Noir Grav\u00e9 (NG)<\/a>, <a href=\"https:\/\/saxmachineparis.com\/produit\/saxophone-alto-selmer-sa80-serie-ii-jubilee-argente\/\" target=\"_blank\" rel=\"noopener noreferrer\">Argent\u00e9 Grav\u00e9 (AG)<\/a>, <a href=\"https:\/\/saxmachineparis.com\/catalogue\/saxophone-alto-selmer-sa80-serie-ii-jubilee-plaque-or-aug\/\">Plaqu\u00e9 Or (AUG)<\/a><\/p>\n<p><img decoding=\"async\" src=\"https:\/\/saxmachineparis.com\/wp-content\/uploads\/2018\/12\/logo-henri-selmer-paris.jpg\" alt=\"logo henri selmer paris sax-machine\" width=\"100\" \/><\/p>\n<ul>\n<li>Grav\u00e9<\/li>\n<li>Tonalit\u00e9 : Mib<\/li>\n<li>Support pouce main droite r\u00e9glable en r\u00e9sine<\/li>\n<li>Tampons cuir, r\u00e9sonateur m\u00e9tal<\/li>\n<li>Cl\u00e9 de Fa# aigu<\/li>\n<li>Ressorts aiguille en acier inox<\/li>\n<li>Peut-\u00eatre vendu avec ou sans \u00e9tui et bec<\/li>\n<\/ul>\n<p>&nbsp;<\/p>\n<p>&nbsp;<\/p>\n<div class=\"contact-button-woocommerce\"><a href=\"tel:+33145260529\">Nous contacter :\u00a001 45 26 05 20<\/a><\/div>\n","protected":false},"featured_media":4826,"comment_status":"open","ping_status":"closed","template":"","meta":{"_acf_changed":false},"product_brand":[],"product_cat":[974],"product_tag":[1255,1224],"class_list":{"0":"post-5488","1":"product","2":"type-product","3":"status-publish","4":"has-post-thumbnail","6":"product_cat-alto","7":"product_tag-modele-professionnel","8":"product_tag-saxophone","10":"first","11":"instock","12":"sale","13":"purchasable","14":"product-type-simple"},"acf":[],"_links":{"self":[{"href":"https:\/\/saxmachineparis.com\/en\/wp-json\/wp\/v2\/product\/5488","targetHints":{"allow":["GET"]}}],"collection":[{"href":"https:\/\/saxmachineparis.com\/en\/wp-json\/wp\/v2\/product"}],"about":[{"href":"https:\/\/saxmachineparis.com\/en\/wp-json\/wp\/v2\/types\/product"}],"replies":[{"embeddable":true,"href":"https:\/\/saxmachineparis.com\/en\/wp-json\/wp\/v2\/comments?post=5488"}],"wp:featuredmedia":[{"embeddable":true,"href":"https:\/\/saxmachineparis.com\/en\/wp-json\/wp\/v2\/media\/4826"}],"wp:attachment":[{"href":"https:\/\/saxmachineparis.com\/en\/wp-json\/wp\/v2\/media?parent=5488"}],"wp:term":[{"taxonomy":"product_brand","embeddable":true,"href":"https:\/\/saxmachineparis.com\/en\/wp-json\/wp\/v2\/product_brand?post=5488"},{"taxonomy":"product_cat","embeddable":true,"href":"https:\/\/saxmachineparis.com\/en\/wp-json\/wp\/v2\/product_cat?post=5488"},{"taxonomy":"product_tag","embeddable":true,"href":"https:\/\/saxmachineparis.com\/en\/wp-json\/wp\/v2\/product_tag?post=5488"}],"curies":[{"name":"wp","href":"https:\/\/api.w.org\/{rel}","templated":true}]}}