{"id":44252,"date":"2025-12-11T10:08:33","date_gmt":"2025-12-11T10:08:33","guid":{"rendered":"https:\/\/saxmachineparis.com\/?post_type=product&#038;p=44252"},"modified":"2025-12-11T10:48:17","modified_gmt":"2025-12-11T10:48:17","slug":"ligature-selmer-saxophone-tenor-argente-bec-metal","status":"publish","type":"product","link":"https:\/\/saxmachineparis.com\/en\/catalogue\/ligature-selmer-saxophone-tenor-argente-bec-metal\/","title":{"rendered":"Ligature Selmer Saxophone T\u00e9nor Argent\u00e9 (Bec m\u00e9tal)"},"content":{"rendered":"<p>S&#8217;adapte sur la plupart des becs t\u00e9nor m\u00e9tal fin comme le bec Guardala t\u00e9nor.<\/p>\n","protected":false},"excerpt":{"rendered":"<p class=\"conditionnement\">*Ligature livr\u00e9 sans couvre-bec<\/p>\n<p><img decoding=\"async\" src=\"https:\/\/saxmachineparis.com\/wp-content\/uploads\/2018\/12\/logo-henri-selmer-paris.jpg\" alt=\"logo henri selmer paris sax-machine\" width=\"100\" \/><\/p>\n<ul>\n<li>Mod\u00e8le argent\u00e9, pour bec m\u00e9tal<\/li>\n<li>Livr\u00e9 sans couvre-bec.<\/li>\n<\/ul>\n","protected":false},"featured_media":7937,"comment_status":"open","ping_status":"closed","template":"","meta":{"_acf_changed":false},"product_brand":[],"product_cat":[1948],"product_tag":[1318],"class_list":{"0":"post-44252","1":"product","2":"type-product","3":"status-publish","4":"has-post-thumbnail","6":"product_cat-ligature-tenor","7":"product_tag-ligature-metal","8":"pa_ligature-pour-bec-bec-metal","9":"pa_ligature-saxophone-tenor","10":"pa_marque-selmer","12":"first","13":"instock","14":"taxable","15":"shipping-taxable","16":"purchasable","17":"product-type-simple"},"acf":[],"_links":{"self":[{"href":"https:\/\/saxmachineparis.com\/en\/wp-json\/wp\/v2\/product\/44252","targetHints":{"allow":["GET"]}}],"collection":[{"href":"https:\/\/saxmachineparis.com\/en\/wp-json\/wp\/v2\/product"}],"about":[{"href":"https:\/\/saxmachineparis.com\/en\/wp-json\/wp\/v2\/types\/product"}],"replies":[{"embeddable":true,"href":"https:\/\/saxmachineparis.com\/en\/wp-json\/wp\/v2\/comments?post=44252"}],"wp:featuredmedia":[{"embeddable":true,"href":"https:\/\/saxmachineparis.com\/en\/wp-json\/wp\/v2\/media\/7937"}],"wp:attachment":[{"href":"https:\/\/saxmachineparis.com\/en\/wp-json\/wp\/v2\/media?parent=44252"}],"wp:term":[{"taxonomy":"product_brand","embeddable":true,"href":"https:\/\/saxmachineparis.com\/en\/wp-json\/wp\/v2\/product_brand?post=44252"},{"taxonomy":"product_cat","embeddable":true,"href":"https:\/\/saxmachineparis.com\/en\/wp-json\/wp\/v2\/product_cat?post=44252"},{"taxonomy":"product_tag","embeddable":true,"href":"https:\/\/saxmachineparis.com\/en\/wp-json\/wp\/v2\/product_tag?post=44252"}],"curies":[{"name":"wp","href":"https:\/\/api.w.org\/{rel}","templated":true}]}}