{"id":43328,"date":"2025-07-03T14:54:38","date_gmt":"2025-07-03T14:54:38","guid":{"rendered":"https:\/\/sites.lecyclopeduweb.fr\/saxmachineparis\/catalogue\/bec-mb1-les-becs-dautan-metal-tenor\/"},"modified":"2025-10-29T14:43:55","modified_gmt":"2025-10-29T14:43:55","slug":"bec-mb1-les-becs-dautan-metal-tenor","status":"publish","type":"product","link":"https:\/\/saxmachineparis.com\/en\/catalogue\/bec-mb1-les-becs-dautan-metal-tenor\/","title":{"rendered":"Bec MB1 &#8220;Les Becs d&#8217;Autan&#8221; m\u00e9tal tenor EN"},"content":{"rendered":"<h3>L&#8217;esprit de Dave Guardala et Michael Brecker retrouv\u00e9<\/h3>\n<p>Le MB1 est une reproduction fid\u00e8le des l\u00e9gendaires Dave Guardala num\u00e9rot\u00e9s des ann\u00e9es 80, devenus introuvables ou hors de prix sur le march\u00e9 de l\u2019occasion (plus de 2000\u202f$ pour un original en bon \u00e9tat).<\/p>\n<p>Chaque d\u00e9tail du design a \u00e9t\u00e9 rigoureusement recr\u00e9\u00e9 \u00e0 l&#8217;identique : la g\u00e9om\u00e9trie interne et externe, le poid, la pr\u00e9cision de la courbe de facing \u00ab\u00a0Dave Guardala\u00a0\u00bb originale relev\u00e9e sur un exemplaire d&#8217;\u00e9poque en parfait \u00e9tat, la finition int\u00e9rieure, ext\u00e9rieure&#8230;<\/p>\n<p>La plaquette dentaire est fabriqu\u00e9e en \u00e9bonite allemande naturelle haut de gamme, plus noble et durable que la r\u00e9sine rose utilis\u00e9e sur les mod\u00e8les Guardala originaux.<\/p>\n<p>L\u2019objectif \u00e9tait de cr\u00e9er un mod\u00e8le unique, pas une simple copie. Les couleurs rendent hommage \u00e0 Dave Guardala et Michael Brecker. Apr\u00e8s \u00e9changes avec des saxophonistes, la pochette de l&#8217;album\u00a0<em><strong><u>Return of the Brecker Brothers<\/u><\/strong><\/em>\u00a0(1992) est devenu une source d\u2019inspiration majeure.<\/p>\n<p>Le rose rappelle les becs Guardala faits main, tandis que le motif marbr\u00e9 rose et vert nous plonge\u00a0dans &#8220;l\u2019univers jazz-fusion Brecker&#8221; des ann\u00e9es 80-90, symbolisant le lien entre la carri\u00e8re de Brecker et le travail de Guardala.<\/p>\n<p>R\u00e9sultat ? Un bec puissant, incisif, au son tranchant et \u00e9lectrique, taill\u00e9 pour le jeu moderne et les grandes sc\u00e8nes, tout en respectant l\u2019\u00e2me des mod\u00e8les originaux qui ont marqu\u00e9 l\u2019histoire du sax t\u00e9nor.<\/p>\n<h3>Ouvertures disponibles :<\/h3>\n<p>7 \/ 7* \/ 8 \/ 8* \/9 \/9*<\/p>\n","protected":false},"excerpt":{"rendered":"<p class=\"conditionnement\">*Bec livr\u00e9 nu dans un fourreau en velours<\/p>\n<p><img loading=\"lazy\" decoding=\"async\" class=\"alignnone wp-image-37814\" src=\"https:\/\/saxmachineparis.com\/wp-content\/uploads\/2024\/02\/becsdautan-600x600.png\" alt=\"\" width=\"176\" height=\"176\" srcset=\"https:\/\/saxmachineparis.com\/wp-content\/uploads\/2024\/02\/becsdautan-600x599.png 600w, https:\/\/saxmachineparis.com\/wp-content\/uploads\/2024\/02\/becsdautan-250x250.png 250w, https:\/\/saxmachineparis.com\/wp-content\/uploads\/2024\/02\/becsdautan-768x767.png 768w, https:\/\/saxmachineparis.com\/wp-content\/uploads\/2024\/02\/becsdautan-300x300.png 300w, https:\/\/saxmachineparis.com\/wp-content\/uploads\/2024\/02\/becsdautan-100x100.png 100w, https:\/\/saxmachineparis.com\/wp-content\/uploads\/2024\/02\/becsdautan.png 781w\" sizes=\"auto, (max-width: 176px) 100vw, 176px\" \/><\/p>\n<ul>\n<li>Ouvertures : 7 \/ 7* \/ 8 \/ 8* \/ 9 \/ 9*<\/li>\n<li>M\u00e9tal plaqu\u00e9 ou argent<\/li>\n<li>Plaque dentaire en \u00e9bonite<\/li>\n<li>MADE IN FRANCE \ud83c\uddeb\ud83c\uddf7<\/li>\n<\/ul>\n","protected":false},"featured_media":44264,"comment_status":"open","ping_status":"closed","template":"","meta":{"_acf_changed":false},"product_brand":[],"product_cat":[2177,2436],"product_tag":[2374,2375,2376],"class_list":{"0":"post-43328","1":"product","2":"type-product","3":"status-publish","4":"has-post-thumbnail","6":"product_cat-mouthpiece","7":"product_cat-tenor-mouthpiece","8":"product_tag-bec-ebonite-en","9":"product_tag-bec-jazz-en","10":"product_tag-tenor-mouthpiece","11":"pa_becs-saxophone-tenor-en","12":"pa_materiau-bec-metal-en","13":"pa_style-bec-bec-funk-fusion-en","14":"pa_style-bec-bec-jazz-en","16":"first","17":"instock","18":"taxable","19":"shipping-taxable","20":"purchasable","21":"product-type-simple"},"acf":[],"_links":{"self":[{"href":"https:\/\/saxmachineparis.com\/en\/wp-json\/wp\/v2\/product\/43328","targetHints":{"allow":["GET"]}}],"collection":[{"href":"https:\/\/saxmachineparis.com\/en\/wp-json\/wp\/v2\/product"}],"about":[{"href":"https:\/\/saxmachineparis.com\/en\/wp-json\/wp\/v2\/types\/product"}],"replies":[{"embeddable":true,"href":"https:\/\/saxmachineparis.com\/en\/wp-json\/wp\/v2\/comments?post=43328"}],"wp:featuredmedia":[{"embeddable":true,"href":"https:\/\/saxmachineparis.com\/en\/wp-json\/wp\/v2\/media\/44264"}],"wp:attachment":[{"href":"https:\/\/saxmachineparis.com\/en\/wp-json\/wp\/v2\/media?parent=43328"}],"wp:term":[{"taxonomy":"product_brand","embeddable":true,"href":"https:\/\/saxmachineparis.com\/en\/wp-json\/wp\/v2\/product_brand?post=43328"},{"taxonomy":"product_cat","embeddable":true,"href":"https:\/\/saxmachineparis.com\/en\/wp-json\/wp\/v2\/product_cat?post=43328"},{"taxonomy":"product_tag","embeddable":true,"href":"https:\/\/saxmachineparis.com\/en\/wp-json\/wp\/v2\/product_tag?post=43328"}],"curies":[{"name":"wp","href":"https:\/\/api.w.org\/{rel}","templated":true}]}}